{"id":5566,"date":"2021-01-12T04:05:46","date_gmt":"2021-01-12T03:05:46","guid":{"rendered":"https:\/\/urnsparadise.com\/?page_id=5566"},"modified":"2021-03-17T18:01:36","modified_gmt":"2021-03-17T17:01:36","slug":"hgf","status":"publish","type":"page","link":"https:\/\/urnsparadise.com\/de\/hgf\/","title":{"rendered":"HGF"},"content":{"rendered":"<p>&nbsp;<\/p>\n<p><strong>Wie sind die Lieferzeiten?<\/strong><\/p>\n<p><a href=\"https:\/\/urnsparadise.com\/de\/lieferart\/\">Siehe Tabelle<\/a><\/p>\n<p><strong>Kann ich ein Produkt umtauschen?<\/strong><\/p>\n<p>Wenn Sie ein Produkt innerhalb von 30 Tagen nach Ihrem Kauf umtauschen m\u00f6chten, wenden Sie sich bitte an unseren Kundendienst unter contact@urnsparadise.com. Wir erstatten Ihnen das Geld innerhalb von 10 Tagen zur\u00fcck.<\/p>\n<p><strong>Was wenn ich meinen Artikel retour schicken m\u00f6chte?<\/strong><\/p>\n<p>Wir haben ein &#8222;30-Tage-Geld-zur\u00fcck-Garantie&#8220;-Angebot eingerichtet. Selbst wenn Sie Ihre Meinung am Tag-X \u00e4ndern, k\u00f6nnen Sie innerhalb von 30 Tagen nach dem Kauf eine R\u00fcckerstattung erhalten. Sie sind nur f\u00fcr die Kosten der R\u00fccksendung verantwortlich.<\/p>\n<p><strong>Welche Urnengr\u00f6\u00dfe soll ich w\u00e4hlen?<\/strong><\/p>\n<p>Bitte beachten Sie den Link: <a href=\"https:\/\/urnsparadise.com\/de\/welche-urnengroesse-soll-ich-waehlen\/\">Tabelle Ein\u00e4scherungsvolumen<\/a><\/p>\n<p><strong>Wie gebe ich die Asche in die Urne?<\/strong><\/p>\n<p>Sie erhalten die Asche in der einen oder anderen Form vom Krematorium, oder von Ihrem Tierarzt. Stellen Sie diesen Beh\u00e4lter in die Urne und geben Sie die Asche vorsichtig hinein. Es ist ratsam, dass Sie sich beim Ausgie\u00dfen der Asche von einer zweiten Person helfen lassen. Wenn Sie sich dazu nicht in der Lage f\u00fchlen, was durchaus verst\u00e4ndlich ist, k\u00f6nnen Sie Ihr Krematorium (oder Ihren Tierarzt) bitten, Ihnen zu helfen.\u00a0 Wenn diese Hilfe m\u00f6glich ist, k\u00f6nnen wir Ihre Urne direkt an das Krematorium (oder den Tierarzt) schicken.<\/p>\n<p><strong>Was soll ich mit meiner Urne tun?<\/strong><\/p>\n<p>Urnen mit einge\u00e4scherten \u00dcberresten k\u00f6nnen in einem Kolumbarium beigesetzt, beigesetzt oder an einem besonderen Ort zu Hause aufbewahrt werden. Sie k\u00f6nnen die Asche auch verstreuen und die Urne als Gedenkst\u00e4tte in Ihrem Haus oder Garten aufbewahren.<\/p>\n<p>Je nach Wohnsitzland kann es sein, dass es nicht m\u00f6glich ist, eine Graburne zu Hause aufzubewahren, wie zum Beispiel in Frankreich. Eine kleine Menge an symbolisch aufbewahrter Asche wird jedoch toleriert. Bitte informieren Sie sich \u00fcber die Gesetzgebung in Ihrem Land.<\/p>\n<p><strong>Kann ich pers\u00f6nliche und sentimentale Gegenst\u00e4nde in die Urne legen?<\/strong><\/p>\n<p>Ja, das ist durchaus m\u00f6glich. Viele Menschen verstreuen die Asche und bewahren dann andere pers\u00f6nliche Gegenst\u00e4nde in der Urne auf, z. B. Haare, Erde vom Grab oder ein Bild in der Urne.<\/p>\n<p><strong>Wie \u00f6ffnet man Graburnen?<\/strong><\/p>\n<p>Es h\u00e4ngt von der Ausf\u00fchrung der Urne ab, aber im Allgemeinen haben sie einen Schraubdeckel mit Gewinde. Sie k\u00f6nnen auch von hinten oder von unten ge\u00f6ffnet werden. Letztere \u00d6ffnungsart gilt besonders f\u00fcr Tierurnen.<\/p>\n<p><strong>Empfehlen Sie die Versiegelung der Urne?<\/strong><\/p>\n<p>Es h\u00e4ngt von der Urne ab, aber im Allgemeinen brauchen Sie den Deckel nicht zu versiegeln. F\u00fcr maximalen Schutz ist dies aber dennoch m\u00f6glich.<\/p>\n<p><strong>Was ist eine Mikro-Urne oder ein Reliquienschrein?<\/strong><\/p>\n<p>Eine Mikro-Urne oder ein Reliquienschrein ist eine sehr kleine Urne, die zur Aufbewahrung einer symbolischen Menge an Asche dient. Dies ist eine ideale L\u00f6sung, wenn eine Anzahl von Familienmitgliedern einige Asche haben und zu Hause aufbewahren m\u00f6chten. Au\u00dferdem ist dies n\u00fctzlich, wenn Sie die Asche an einem anderen Ort oder in einem anderen Land oder an einem anderen Ort weit weg von zu Hause verstreuen m\u00f6chten.<\/p>\n<p><strong>Was ist ein Urnenstein\/Grabstein?<\/strong><\/p>\n<p>Ein Grabschmuck ist oft ein Anh\u00e4nger, der um den Hals oder, als Armband, am Handgelenk getragen werden kann. Sein Hohlraum enth\u00e4lt eine sehr kleine Menge an Asche. Es ist eine sehr diskrete Art, einen geliebten Menschen nahe bei sich zu behalten.<\/p>\n<p><strong>Kann ich eine klassische Bestattungsurne f\u00fcr mein Haustier verwenden?<\/strong><\/p>\n<p>Ja, das ist durchaus m\u00f6glich. Es liegt an Ihnen, das Modell zu w\u00e4hlen, das Ihnen gef\u00e4llt. Sowohl Haustier- als auch Menschen-Urnen haben die gleiche Funktionalit\u00e4t.<\/p>\n<p><strong>Akzeptieren Sie Bestellungen aus dem Ausland? <\/strong><\/p>\n<p>Ja, wir liefern unsere Bestattungsprodukte weltweit.<\/p>\n<p><strong>Kann ich mein Paket an eine Adresse meiner Wahl schicken lassen?<\/strong><\/p>\n<p>Ja, das ist durchaus m\u00f6glich, wir k\u00f6nnen Ihre Bestellung direkt an das Krematorium oder an Ihren Tierarzt schicken. Bitte teilen Sie uns dies einfach bei der Bestellung mit.<\/p>\n<p><strong>Was wenn ich ein besch\u00e4digtes Produkt erhalten habe?<\/strong><\/p>\n<p>Wir pr\u00fcfen die Qualit\u00e4t aller unserer Produkte, bevor wir sie versenden. Sollten Sie dennoch ein besch\u00e4digtes Produkt erhalten, werden wir es so schnell wie m\u00f6glich auf unsere Kosten ersetzen.<\/p>\n<p>&nbsp;<\/p>\n<p>&nbsp;<\/p>\n","protected":false},"excerpt":{"rendered":"<p>&nbsp; Wie sind die Lieferzeiten? Siehe Tabelle Kann ich ein Produkt umtauschen? Wenn Sie ein Produkt innerhalb von 30 Tagen nach Ihrem Kauf umtauschen m\u00f6chten, wenden Sie sich bitte an unseren Kundendienst unter contact@urnsparadise.com. Wir erstatten Ihnen das Geld innerhalb von 10 Tagen zur\u00fcck. Was wenn ich meinen Artikel retour schicken m\u00f6chte? Wir haben ein &hellip; <\/p>\n<p class=\"link-more\"><a href=\"https:\/\/urnsparadise.com\/de\/hgf\/\" class=\"more-link\">Read More <span class=\"screen-reader-text\"> &#8222;HGF&#8220;<\/span><\/a><\/p>\n","protected":false},"author":1,"featured_media":0,"parent":0,"menu_order":0,"comment_status":"closed","ping_status":"closed","template":"","meta":{"_mi_skip_tracking":false,"_monsterinsights_sitenote_active":false,"_monsterinsights_sitenote_note":"","_monsterinsights_sitenote_category":0},"yoast_head":"<!-- This site is optimized with the Yoast SEO plugin v19.4 - https:\/\/yoast.com\/wordpress\/plugins\/seo\/ -->\n<title>HGF &ndash; Urns Paradise<\/title>\n<meta name=\"robots\" content=\"index, follow, max-snippet:-1, max-image-preview:large, max-video-preview:-1\" \/>\n<link rel=\"canonical\" href=\"https:\/\/urnsparadise.com\/de\/hgf\/\" \/>\n<meta property=\"og:locale\" content=\"de_DE\" \/>\n<meta property=\"og:type\" content=\"article\" \/>\n<meta property=\"og:title\" content=\"HGF &ndash; Urns Paradise\" \/>\n<meta property=\"og:description\" content=\"&nbsp; Wie sind die Lieferzeiten? Siehe Tabelle Kann ich ein Produkt umtauschen? Wenn Sie ein Produkt innerhalb von 30 Tagen nach Ihrem Kauf umtauschen m\u00f6chten, wenden Sie sich bitte an unseren Kundendienst unter contact@urnsparadise.com. Wir erstatten Ihnen das Geld innerhalb von 10 Tagen zur\u00fcck. Was wenn ich meinen Artikel retour schicken m\u00f6chte? Wir haben ein &hellip; Read More &quot;HGF&quot;\" \/>\n<meta property=\"og:url\" content=\"https:\/\/urnsparadise.com\/de\/hgf\/\" \/>\n<meta property=\"og:site_name\" content=\"Urns Paradise\" \/>\n<meta property=\"article:modified_time\" content=\"2021-03-17T17:01:36+00:00\" \/>\n<meta name=\"twitter:card\" content=\"summary_large_image\" \/>\n<meta name=\"twitter:label1\" content=\"Gesch\u00e4tzte Lesezeit\" \/>\n\t<meta name=\"twitter:data1\" content=\"3\u00a0Minuten\" \/>\n<script type=\"application\/ld+json\" class=\"yoast-schema-graph\">{\"@context\":\"https:\/\/schema.org\",\"@graph\":[{\"@type\":\"Organization\",\"@id\":\"https:\/\/urnsparadise.com\/#organization\",\"name\":\"Urns Paradise\",\"url\":\"https:\/\/urnsparadise.com\/\",\"sameAs\":[],\"logo\":{\"@type\":\"ImageObject\",\"inLanguage\":\"de\",\"@id\":\"https:\/\/urnsparadise.com\/#\/schema\/logo\/image\/\",\"url\":\"https:\/\/urnsparadise.com\/wp-content\/uploads\/2021\/03\/cropped-logo_final_urns_paradise_couleur_vertical.png\",\"contentUrl\":\"https:\/\/urnsparadise.com\/wp-content\/uploads\/2021\/03\/cropped-logo_final_urns_paradise_couleur_vertical.png\",\"width\":512,\"height\":512,\"caption\":\"Urns Paradise\"},\"image\":{\"@id\":\"https:\/\/urnsparadise.com\/#\/schema\/logo\/image\/\"}},{\"@type\":\"WebSite\",\"@id\":\"https:\/\/urnsparadise.com\/#website\",\"url\":\"https:\/\/urnsparadise.com\/\",\"name\":\"Urns Paradise\",\"description\":\"\",\"publisher\":{\"@id\":\"https:\/\/urnsparadise.com\/#organization\"},\"potentialAction\":[{\"@type\":\"SearchAction\",\"target\":{\"@type\":\"EntryPoint\",\"urlTemplate\":\"https:\/\/urnsparadise.com\/?s={search_term_string}\"},\"query-input\":\"required name=search_term_string\"}],\"inLanguage\":\"de\"},{\"@type\":\"WebPage\",\"@id\":\"https:\/\/urnsparadise.com\/de\/hgf\/\",\"url\":\"https:\/\/urnsparadise.com\/de\/hgf\/\",\"name\":\"HGF &ndash; Urns Paradise\",\"isPartOf\":{\"@id\":\"https:\/\/urnsparadise.com\/#website\"},\"datePublished\":\"2021-01-12T03:05:46+00:00\",\"dateModified\":\"2021-03-17T17:01:36+00:00\",\"breadcrumb\":{\"@id\":\"https:\/\/urnsparadise.com\/de\/hgf\/#breadcrumb\"},\"inLanguage\":\"de\",\"potentialAction\":[{\"@type\":\"ReadAction\",\"target\":[\"https:\/\/urnsparadise.com\/de\/hgf\/\"]}]},{\"@type\":\"BreadcrumbList\",\"@id\":\"https:\/\/urnsparadise.com\/de\/hgf\/#breadcrumb\",\"itemListElement\":[{\"@type\":\"ListItem\",\"position\":1,\"name\":\"Accueil\",\"item\":\"https:\/\/urnsparadise.com\/de\/\"},{\"@type\":\"ListItem\",\"position\":2,\"name\":\"HGF\"}]}]}<\/script>\n<!-- \/ Yoast SEO plugin. -->","yoast_head_json":{"title":"HGF &ndash; Urns Paradise","robots":{"index":"index","follow":"follow","max-snippet":"max-snippet:-1","max-image-preview":"max-image-preview:large","max-video-preview":"max-video-preview:-1"},"canonical":"https:\/\/urnsparadise.com\/de\/hgf\/","og_locale":"de_DE","og_type":"article","og_title":"HGF &ndash; Urns Paradise","og_description":"&nbsp; Wie sind die Lieferzeiten? Siehe Tabelle Kann ich ein Produkt umtauschen? Wenn Sie ein Produkt innerhalb von 30 Tagen nach Ihrem Kauf umtauschen m\u00f6chten, wenden Sie sich bitte an unseren Kundendienst unter contact@urnsparadise.com. Wir erstatten Ihnen das Geld innerhalb von 10 Tagen zur\u00fcck. Was wenn ich meinen Artikel retour schicken m\u00f6chte? Wir haben ein &hellip; Read More \"HGF\"","og_url":"https:\/\/urnsparadise.com\/de\/hgf\/","og_site_name":"Urns Paradise","article_modified_time":"2021-03-17T17:01:36+00:00","twitter_card":"summary_large_image","twitter_misc":{"Gesch\u00e4tzte Lesezeit":"3\u00a0Minuten"},"schema":{"@context":"https:\/\/schema.org","@graph":[{"@type":"Organization","@id":"https:\/\/urnsparadise.com\/#organization","name":"Urns Paradise","url":"https:\/\/urnsparadise.com\/","sameAs":[],"logo":{"@type":"ImageObject","inLanguage":"de","@id":"https:\/\/urnsparadise.com\/#\/schema\/logo\/image\/","url":"https:\/\/urnsparadise.com\/wp-content\/uploads\/2021\/03\/cropped-logo_final_urns_paradise_couleur_vertical.png","contentUrl":"https:\/\/urnsparadise.com\/wp-content\/uploads\/2021\/03\/cropped-logo_final_urns_paradise_couleur_vertical.png","width":512,"height":512,"caption":"Urns Paradise"},"image":{"@id":"https:\/\/urnsparadise.com\/#\/schema\/logo\/image\/"}},{"@type":"WebSite","@id":"https:\/\/urnsparadise.com\/#website","url":"https:\/\/urnsparadise.com\/","name":"Urns Paradise","description":"","publisher":{"@id":"https:\/\/urnsparadise.com\/#organization"},"potentialAction":[{"@type":"SearchAction","target":{"@type":"EntryPoint","urlTemplate":"https:\/\/urnsparadise.com\/?s={search_term_string}"},"query-input":"required name=search_term_string"}],"inLanguage":"de"},{"@type":"WebPage","@id":"https:\/\/urnsparadise.com\/de\/hgf\/","url":"https:\/\/urnsparadise.com\/de\/hgf\/","name":"HGF &ndash; Urns Paradise","isPartOf":{"@id":"https:\/\/urnsparadise.com\/#website"},"datePublished":"2021-01-12T03:05:46+00:00","dateModified":"2021-03-17T17:01:36+00:00","breadcrumb":{"@id":"https:\/\/urnsparadise.com\/de\/hgf\/#breadcrumb"},"inLanguage":"de","potentialAction":[{"@type":"ReadAction","target":["https:\/\/urnsparadise.com\/de\/hgf\/"]}]},{"@type":"BreadcrumbList","@id":"https:\/\/urnsparadise.com\/de\/hgf\/#breadcrumb","itemListElement":[{"@type":"ListItem","position":1,"name":"Accueil","item":"https:\/\/urnsparadise.com\/de\/"},{"@type":"ListItem","position":2,"name":"HGF"}]}]}},"_links":{"self":[{"href":"https:\/\/urnsparadise.com\/de\/wp-json\/wp\/v2\/pages\/5566"}],"collection":[{"href":"https:\/\/urnsparadise.com\/de\/wp-json\/wp\/v2\/pages"}],"about":[{"href":"https:\/\/urnsparadise.com\/de\/wp-json\/wp\/v2\/types\/page"}],"author":[{"embeddable":true,"href":"https:\/\/urnsparadise.com\/de\/wp-json\/wp\/v2\/users\/1"}],"replies":[{"embeddable":true,"href":"https:\/\/urnsparadise.com\/de\/wp-json\/wp\/v2\/comments?post=5566"}],"version-history":[{"count":7,"href":"https:\/\/urnsparadise.com\/de\/wp-json\/wp\/v2\/pages\/5566\/revisions"}],"predecessor-version":[{"id":8116,"href":"https:\/\/urnsparadise.com\/de\/wp-json\/wp\/v2\/pages\/5566\/revisions\/8116"}],"wp:attachment":[{"href":"https:\/\/urnsparadise.com\/de\/wp-json\/wp\/v2\/media?parent=5566"}],"curies":[{"name":"wp","href":"https:\/\/api.w.org\/{rel}","templated":true}]}}