{"id":5590,"date":"2021-01-12T04:16:45","date_gmt":"2021-01-12T03:16:45","guid":{"rendered":"https:\/\/urnsparadise.com\/?page_id=5590"},"modified":"2022-10-01T14:35:12","modified_gmt":"2022-10-01T12:35:12","slug":"datenschutz-bestimmungen","status":"publish","type":"page","link":"https:\/\/urnsparadise.com\/de\/datenschutz-bestimmungen\/","title":{"rendered":"VERTRAULICHKEITSVEREINBARUNG"},"content":{"rendered":"<p>&nbsp;<\/p>\n<p><strong>Datenschutzrichtlinie<\/strong><\/p>\n<p><strong>VERTRAULICHKEITSVEREINBARUNG<\/strong><\/p>\n<p><strong>Wer sind wir?<\/strong><\/p>\n<p>Die Adresse unserer Website lautet: https:\/\/urnsparadise.com.<\/p>\n<p><strong>ABSCHNITT 1 &#8211; ERFASSTE PERS\u00d6NLICHE DATEN<\/strong><\/p>\n<p>Wenn Sie einen Kauf in unserem Shop t\u00e4tigen, erfassen wir im Rahmen des Kauf- und Verkaufsprozesses die von Ihnen bereitgestellten pers\u00f6nlichen Daten, wie z. B. Ihren Namen, Ihre Adresse und Ihre E-Mail Adresse.<\/p>\n<p>Wenn Sie in unserem Shop surfen, erhalten wir auch automatisch die Internetprotokoll (IP)-Adresse Ihres Computers, die es uns erm\u00f6glicht, weitere Details \u00fcber den von Ihnen verwendeten Browser und das Betriebssystem zu erhalten.<\/p>\n<p>E-Mail-Marketing (falls zutreffend): Mit Ihrer Zustimmung k\u00f6nnen wir Ihnen E-Mails \u00fcber unseren Shop, neue Produkte und andere Aktualisierungen senden.<\/p>\n<p><strong>ARTIKEL 2 &#8211; ZUSTIMMUNG<\/strong><\/p>\n<p>Wie erhalten Sie meine Zustimmung?<\/p>\n<p>Wenn Sie uns Ihre pers\u00f6nlichen Daten zur Verf\u00fcgung stellen, um eine Transaktion abzuschlie\u00dfen, Ihre Kreditkarte zu pr\u00fcfen, eine Bestellung aufzugeben, eine Lieferung zu terminieren oder einen Kauf zur\u00fcckzusenden, gehen wir davon aus, dass Sie mit der Erfassung und Verwendung Ihrer Daten nur zu diesem Zweck einverstanden sind.<\/p>\n<p>Wenn wir Sie bitten, uns Ihre pers\u00f6nlichen Daten aus einem anderen Grund zur Verf\u00fcgung zu stellen, z. B. f\u00fcr Marketingzwecke, werden wir Sie direkt um Ihre ausdr\u00fcckliche Zustimmung bitten oder Ihnen die M\u00f6glichkeit geben, dies abzulehnen.<\/p>\n<p><strong>Wie widerrufe ich meine Zustimmung?<\/strong><\/p>\n<p>Wenn Sie, nachdem Sie uns Ihre Zustimmung gegeben haben, Ihre Meinung \u00e4ndern und nicht mehr damit einverstanden sind, dass wir Sie kontaktieren, Ihre Daten sammeln oder sie weitergeben, k\u00f6nnen Sie uns dies mitteilen, indem Sie uns unter contact@urnsparadise.com oder per Post unter : rue de la paix 14, 1630 Bulle.<\/p>\n<p>&nbsp;<\/p>\n<p><strong>ARTIKEL 3 &#8211; OFFENLEGUNG<\/strong><\/p>\n<p>Wir k\u00f6nnen Ihre pers\u00f6nlichen Daten offenlegen, wenn wir dazu gesetzlich verpflichtet sind oder wenn Sie gegen unsere Verkaufs- und Nutzungsbedingungen versto\u00dfen.<\/p>\n<p>&nbsp;<\/p>\n<p><strong>ARTIKEL 4 &#8211; WordPress<\/strong><\/p>\n<p>Unser Shop ist auf WordPress gehostet. Sie stellen uns die Online-E-Commerce-Plattform zur Verf\u00fcgung, die es uns erm\u00f6glicht, Ihnen unsere Dienstleistungen und Produkte zu verkaufen.<\/p>\n<p>&nbsp;<\/p>\n<p>Ihre Daten werden im Datenspeichersystem und in den Datenbanken der allgemeinen WordPress-Anwendung gespeichert. Ihre Daten werden auf einem sicheren Server gespeichert, der durch eine Firewall gesch\u00fctzt ist.<\/p>\n<p><em>Bezahlung :<\/em><\/p>\n<p>Wenn Sie Ihren Einkauf \u00fcber ein direktes Zahlungsgateway t\u00e4tigen, speichert STRIPE in diesem Fall Ihre Kreditkarteninformationen. Diese Informationen werden in \u00dcbereinstimmung mit dem Payment Card Industry Data Security Standard (PCI-DSS) verschl\u00fcsselt. Die Informationen im Zusammenhang mit Ihrer Kauftransaktion werden so lange aufbewahrt, wie es f\u00fcr den Abschluss Ihrer Bestellung erforderlich ist. Sobald Ihre Bestellung abgeschlossen ist, werden die Informationen zum Kaufvorgang gel\u00f6scht.<\/p>\n<p>Alle direkten Zahlungs-Gateways sind PCI-DSS-konform, verwaltet vom PCI Security Standards Council, einer gemeinsamen Anstrengung von Unternehmen wie Visa, MasterCard, American Express und Discover.<\/p>\n<p>Die Anforderungen des PCI-DSS gew\u00e4hrleisten die sichere Verarbeitung von Kreditkartendaten durch unseren Shop und seine Dienstleister.<\/p>\n<p>F\u00fcr weitere Informationen lesen Sie bitte die STRIPE-Nutzungsbedingungen und die Datenschutzrichtlinie hier :<\/p>\n<p><a href=\"https:\/\/stripe.com\/fr\/privacy#translation\">https:\/\/stripe.com\/fr\/privacy#translation<\/a><\/p>\n<p><strong>ARTIKEL 5 &#8211; VON DRITTEN ERBRACHTE DIENSTLEISTUNGEN<\/strong><\/p>\n<p>Im Allgemeinen werden die von uns eingesetzten Drittanbieter Ihre Daten nur in dem Umfang erheben, nutzen und weitergeben, der f\u00fcr die Erbringung der von ihnen f\u00fcr uns erbrachten Dienstleistungen erforderlich ist.<\/p>\n<p>Bestimmte Drittanbieter, wie z. B. Zahlungs-Gateways und andere Zahlungsverkehrsabwickler, haben jedoch ihre eigenen Datenschutzrichtlinien hinsichtlich der Informationen, die wir ihnen f\u00fcr Ihre Kauftransaktionen zur Verf\u00fcgung stellen m\u00fcssen.<\/p>\n<p>In Bezug auf diese Lieferanten empfehlen wir Ihnen, deren Datenschutzrichtlinien sorgf\u00e4ltig zu lesen, damit Sie verstehen, wie sie mit Ihren pers\u00f6nlichen Daten umgehen werden.<\/p>\n<p>Beachten Sie, dass einige Lieferanten ihren Sitz oder ihre Einrichtungen in einer anderen Gerichtsbarkeit als Sie oder wir haben k\u00f6nnen. Wenn Sie sich also entscheiden, mit einer Transaktion fortzufahren, die die Dienste eines Drittanbieters erfordert, k\u00f6nnen Ihre Daten den Gesetzen der Gerichtsbarkeit unterliegen, in der dieser Anbieter ans\u00e4ssig ist oder der Gerichtsbarkeit, in der sich seine Einrichtungen befinden.<\/p>\n<p>Wenn Sie sich beispielsweise in Kanada befinden und Ihre Transaktion \u00fcber ein Zahlungs-Gateway in den Vereinigten Staaten abgewickelt wird, k\u00f6nnen Ihre Daten, die zum Abschluss der Transaktion verwendet werden, gem\u00e4\u00df den Gesetzen der Vereinigten Staaten, einschlie\u00dflich des Patriot Act, offengelegt werden.<\/p>\n<p>Sobald Sie unsere Shop-Site verlassen oder auf eine Website oder Anwendung eines Drittanbieters weitergeleitet werden, unterliegen Sie nicht mehr dieser Datenschutzrichtlinie oder den Verkaufs- und Nutzungsbedingungen unserer Website.<\/p>\n<p>Sie k\u00f6nnen unsere Website verlassen, indem Sie auf bestimmte Links auf unserer Website klicken. Wir \u00fcbernehmen keine Verantwortung f\u00fcr die Datenschutzpraktiken dieser anderen Websites und empfehlen Ihnen, deren Datenschutzrichtlinien sorgf\u00e4ltig zu lesen.<\/p>\n<p><strong>ARTIKEL 6 &#8211; SICHERHEIT<\/strong><\/p>\n<p>Um Ihre pers\u00f6nlichen Daten zu sch\u00fctzen, ergreifen wir angemessene Vorsichtsma\u00dfnahmen und befolgen die besten Praktiken der Branche, um sicherzustellen, dass sie nicht verloren gehen, missbraucht, aufgerufen, offengelegt, ver\u00e4ndert oder unangemessen zerst\u00f6rt werden.<\/p>\n<p>Wenn Sie uns Ihre Kreditkarteninformationen zur Verf\u00fcgung stellen, werden diese durch den Einsatz des SSL-Sicherheitsprotokolls verschl\u00fcsselt und mit AES-256-Verschl\u00fcsselung gespeichert. Obwohl keine Methode der \u00dcbertragung \u00fcber das Internet oder der elektronischen Speicherung zu 100 % sicher ist, befolgen wir alle Anforderungen des PCI-DSS-Standards und implementieren zus\u00e4tzliche Standards, die von der Branche allgemein akzeptiert werden.<\/p>\n<p><em>COOKIES<\/em><\/p>\n<p>Hier finden Sie eine Liste der von uns verwendeten Cookies. Wir haben sie hier aufgelistet, damit Sie entscheiden k\u00f6nnen, ob Sie sie zulassen wollen oder nicht.<\/p>\n<p>Sie werden zwangsl\u00e4ufig nach Ihrer E-Mail Adresse gefragt, wenn Sie unseren Newsletter erhalten m\u00f6chten.<\/p>\n<p>\u00dcber das Kontaktformular werden Sie m\u00f6glicherweise nach Identit\u00e4tsinformationen wie Name, Beruf, E-Mail-Adresse usw. gefragt;<\/p>\n<p>Daten in Bezug auf die Navigation: Daten in Bezug auf die Art und Weise, wie Sie die Website nutzen, einschlie\u00dflich: IP-Adresse, verwendeter Browser, Browsing-Zeit, Suchverlauf, verwendetes Betriebssystem, Sprache und betrachtete Seiten;<\/p>\n<p>Daten in Bezug auf Ihre Besuche auf unserer Website, einschlie\u00dflich Verkehrsdaten, Protokolldateien und andere Daten oder Kommunikationsmittel, die Sie beim Zugriff auf unsere Website verwenden.<\/p>\n<p>Daten im Zusammenhang mit der Nutzung sozialer Netzwerke, wenn Sie die Funktionen der sozialen Netzwerke nutzen.<\/p>\n<p><strong>ARTIKEL 7 &#8211; ALTER DER M\u00dcNDIGKEIT<\/strong><\/p>\n<p>Durch die Nutzung dieser Website versichern Sie, dass Sie in dem Staat oder der Provinz, in dem\/der Sie Ihren Wohnsitz haben, mindestens vollj\u00e4hrig sind und dass Sie uns Ihr Einverst\u00e4ndnis gegeben haben, einem Minderj\u00e4hrigen in Ihrer Obhut die Nutzung dieser Website zu gestatten.<\/p>\n<p><strong>ARTIKEL 8 &#8211; \u00c4NDERUNGEN AN DIESER DATENSCHUTZRICHTLINIE<\/strong><\/p>\n<p>Wir behalten uns das Recht vor, diese Datenschutzrichtlinie jederzeit zu \u00e4ndern, daher sollten Sie sie regelm\u00e4\u00dfig \u00fcberpr\u00fcfen. \u00c4nderungen und Klarstellungen werden sofort mit der Ver\u00f6ffentlichung auf der Website wirksam. Wenn wir \u00c4nderungen am Inhalt dieser Richtlinie vornehmen, werden wir Sie an dieser Stelle \u00fcber die Aktualisierung informieren, damit Sie wissen, welche Informationen wir sammeln, wie wir sie verwenden und unter welchen Umst\u00e4nden wir sie gegebenenfalls weitergeben.<\/p>\n<p>Wenn unser Gesch\u00e4ft von einem anderen Unternehmen \u00fcbernommen oder mit diesem fusioniert wird, k\u00f6nnen Ihre Daten an die neuen Eigent\u00fcmer \u00fcbertragen werden, damit wir Ihnen weiterhin Produkte verkaufen k\u00f6nnen.<\/p>\n<p><strong>FRAGEN UND KONTAKTINFORMATIONEN<\/strong><\/p>\n<p>Wenn Sie: auf Ihre pers\u00f6nlichen Daten zugreifen, diese korrigieren, \u00e4ndern oder l\u00f6schen m\u00f6chten, eine Beschwerde einreichen m\u00f6chten oder einfach nur weitere Informationen w\u00fcnschen, wenden Sie sich bitte an unseren Datenschutzbeauftragten unter contact@urnsparadise.com oder per Post an die folgende Adresse: rue de la paix 14, 1630 Bulle.<\/p>\n<p>&nbsp;<\/p>\n<p>&nbsp;<\/p>\n","protected":false},"excerpt":{"rendered":"<p>&nbsp; Datenschutzrichtlinie VERTRAULICHKEITSVEREINBARUNG Wer sind wir? Die Adresse unserer Website lautet: https:\/\/urnsparadise.com. ABSCHNITT 1 &#8211; ERFASSTE PERS\u00d6NLICHE DATEN Wenn Sie einen Kauf in unserem Shop t\u00e4tigen, erfassen wir im Rahmen des Kauf- und Verkaufsprozesses die von Ihnen bereitgestellten pers\u00f6nlichen Daten, wie z. B. Ihren Namen, Ihre Adresse und Ihre E-Mail Adresse. Wenn Sie in unserem &hellip; <\/p>\n<p class=\"link-more\"><a href=\"https:\/\/urnsparadise.com\/de\/datenschutz-bestimmungen\/\" class=\"more-link\">Read More <span class=\"screen-reader-text\"> &#8222;VERTRAULICHKEITSVEREINBARUNG&#8220;<\/span><\/a><\/p>\n","protected":false},"author":1,"featured_media":0,"parent":0,"menu_order":0,"comment_status":"closed","ping_status":"open","template":"","meta":{"_mi_skip_tracking":false,"_monsterinsights_sitenote_active":false,"_monsterinsights_sitenote_note":"","_monsterinsights_sitenote_category":0},"yoast_head":"<!-- This site is optimized with the Yoast SEO plugin v19.4 - https:\/\/yoast.com\/wordpress\/plugins\/seo\/ -->\n<title>VERTRAULICHKEITSVEREINBARUNG &ndash; Urns Paradise<\/title>\n<meta name=\"robots\" content=\"index, follow, max-snippet:-1, max-image-preview:large, max-video-preview:-1\" \/>\n<link rel=\"canonical\" href=\"https:\/\/urnsparadise.com\/de\/datenschutz-bestimmungen\/\" \/>\n<meta property=\"og:locale\" content=\"de_DE\" \/>\n<meta property=\"og:type\" content=\"article\" \/>\n<meta property=\"og:title\" content=\"VERTRAULICHKEITSVEREINBARUNG &ndash; Urns Paradise\" \/>\n<meta property=\"og:description\" content=\"&nbsp; Datenschutzrichtlinie VERTRAULICHKEITSVEREINBARUNG Wer sind wir? Die Adresse unserer Website lautet: https:\/\/urnsparadise.com. ABSCHNITT 1 &#8211; ERFASSTE PERS\u00d6NLICHE DATEN Wenn Sie einen Kauf in unserem Shop t\u00e4tigen, erfassen wir im Rahmen des Kauf- und Verkaufsprozesses die von Ihnen bereitgestellten pers\u00f6nlichen Daten, wie z. B. Ihren Namen, Ihre Adresse und Ihre E-Mail Adresse. Wenn Sie in unserem &hellip; Read More &quot;VERTRAULICHKEITSVEREINBARUNG&quot;\" \/>\n<meta property=\"og:url\" content=\"https:\/\/urnsparadise.com\/de\/datenschutz-bestimmungen\/\" \/>\n<meta property=\"og:site_name\" content=\"Urns Paradise\" \/>\n<meta property=\"article:modified_time\" content=\"2022-10-01T12:35:12+00:00\" \/>\n<meta name=\"twitter:card\" content=\"summary_large_image\" \/>\n<meta name=\"twitter:label1\" content=\"Gesch\u00e4tzte Lesezeit\" \/>\n\t<meta name=\"twitter:data1\" content=\"6\u00a0Minuten\" \/>\n<script type=\"application\/ld+json\" class=\"yoast-schema-graph\">{\"@context\":\"https:\/\/schema.org\",\"@graph\":[{\"@type\":\"Organization\",\"@id\":\"https:\/\/urnsparadise.com\/#organization\",\"name\":\"Urns Paradise\",\"url\":\"https:\/\/urnsparadise.com\/\",\"sameAs\":[],\"logo\":{\"@type\":\"ImageObject\",\"inLanguage\":\"de\",\"@id\":\"https:\/\/urnsparadise.com\/#\/schema\/logo\/image\/\",\"url\":\"https:\/\/urnsparadise.com\/wp-content\/uploads\/2021\/03\/cropped-logo_final_urns_paradise_couleur_vertical.png\",\"contentUrl\":\"https:\/\/urnsparadise.com\/wp-content\/uploads\/2021\/03\/cropped-logo_final_urns_paradise_couleur_vertical.png\",\"width\":512,\"height\":512,\"caption\":\"Urns Paradise\"},\"image\":{\"@id\":\"https:\/\/urnsparadise.com\/#\/schema\/logo\/image\/\"}},{\"@type\":\"WebSite\",\"@id\":\"https:\/\/urnsparadise.com\/#website\",\"url\":\"https:\/\/urnsparadise.com\/\",\"name\":\"Urns Paradise\",\"description\":\"\",\"publisher\":{\"@id\":\"https:\/\/urnsparadise.com\/#organization\"},\"potentialAction\":[{\"@type\":\"SearchAction\",\"target\":{\"@type\":\"EntryPoint\",\"urlTemplate\":\"https:\/\/urnsparadise.com\/?s={search_term_string}\"},\"query-input\":\"required name=search_term_string\"}],\"inLanguage\":\"de\"},{\"@type\":\"WebPage\",\"@id\":\"https:\/\/urnsparadise.com\/de\/datenschutz-bestimmungen\/\",\"url\":\"https:\/\/urnsparadise.com\/de\/datenschutz-bestimmungen\/\",\"name\":\"VERTRAULICHKEITSVEREINBARUNG &ndash; Urns Paradise\",\"isPartOf\":{\"@id\":\"https:\/\/urnsparadise.com\/#website\"},\"datePublished\":\"2021-01-12T03:16:45+00:00\",\"dateModified\":\"2022-10-01T12:35:12+00:00\",\"breadcrumb\":{\"@id\":\"https:\/\/urnsparadise.com\/de\/datenschutz-bestimmungen\/#breadcrumb\"},\"inLanguage\":\"de\",\"potentialAction\":[{\"@type\":\"ReadAction\",\"target\":[\"https:\/\/urnsparadise.com\/de\/datenschutz-bestimmungen\/\"]}]},{\"@type\":\"BreadcrumbList\",\"@id\":\"https:\/\/urnsparadise.com\/de\/datenschutz-bestimmungen\/#breadcrumb\",\"itemListElement\":[{\"@type\":\"ListItem\",\"position\":1,\"name\":\"Accueil\",\"item\":\"https:\/\/urnsparadise.com\/de\/\"},{\"@type\":\"ListItem\",\"position\":2,\"name\":\"VERTRAULICHKEITSVEREINBARUNG\"}]}]}<\/script>\n<!-- \/ Yoast SEO plugin. -->","yoast_head_json":{"title":"VERTRAULICHKEITSVEREINBARUNG &ndash; Urns Paradise","robots":{"index":"index","follow":"follow","max-snippet":"max-snippet:-1","max-image-preview":"max-image-preview:large","max-video-preview":"max-video-preview:-1"},"canonical":"https:\/\/urnsparadise.com\/de\/datenschutz-bestimmungen\/","og_locale":"de_DE","og_type":"article","og_title":"VERTRAULICHKEITSVEREINBARUNG &ndash; Urns Paradise","og_description":"&nbsp; Datenschutzrichtlinie VERTRAULICHKEITSVEREINBARUNG Wer sind wir? Die Adresse unserer Website lautet: https:\/\/urnsparadise.com. ABSCHNITT 1 &#8211; ERFASSTE PERS\u00d6NLICHE DATEN Wenn Sie einen Kauf in unserem Shop t\u00e4tigen, erfassen wir im Rahmen des Kauf- und Verkaufsprozesses die von Ihnen bereitgestellten pers\u00f6nlichen Daten, wie z. B. Ihren Namen, Ihre Adresse und Ihre E-Mail Adresse. Wenn Sie in unserem &hellip; Read More \"VERTRAULICHKEITSVEREINBARUNG\"","og_url":"https:\/\/urnsparadise.com\/de\/datenschutz-bestimmungen\/","og_site_name":"Urns Paradise","article_modified_time":"2022-10-01T12:35:12+00:00","twitter_card":"summary_large_image","twitter_misc":{"Gesch\u00e4tzte Lesezeit":"6\u00a0Minuten"},"schema":{"@context":"https:\/\/schema.org","@graph":[{"@type":"Organization","@id":"https:\/\/urnsparadise.com\/#organization","name":"Urns Paradise","url":"https:\/\/urnsparadise.com\/","sameAs":[],"logo":{"@type":"ImageObject","inLanguage":"de","@id":"https:\/\/urnsparadise.com\/#\/schema\/logo\/image\/","url":"https:\/\/urnsparadise.com\/wp-content\/uploads\/2021\/03\/cropped-logo_final_urns_paradise_couleur_vertical.png","contentUrl":"https:\/\/urnsparadise.com\/wp-content\/uploads\/2021\/03\/cropped-logo_final_urns_paradise_couleur_vertical.png","width":512,"height":512,"caption":"Urns Paradise"},"image":{"@id":"https:\/\/urnsparadise.com\/#\/schema\/logo\/image\/"}},{"@type":"WebSite","@id":"https:\/\/urnsparadise.com\/#website","url":"https:\/\/urnsparadise.com\/","name":"Urns Paradise","description":"","publisher":{"@id":"https:\/\/urnsparadise.com\/#organization"},"potentialAction":[{"@type":"SearchAction","target":{"@type":"EntryPoint","urlTemplate":"https:\/\/urnsparadise.com\/?s={search_term_string}"},"query-input":"required name=search_term_string"}],"inLanguage":"de"},{"@type":"WebPage","@id":"https:\/\/urnsparadise.com\/de\/datenschutz-bestimmungen\/","url":"https:\/\/urnsparadise.com\/de\/datenschutz-bestimmungen\/","name":"VERTRAULICHKEITSVEREINBARUNG &ndash; Urns Paradise","isPartOf":{"@id":"https:\/\/urnsparadise.com\/#website"},"datePublished":"2021-01-12T03:16:45+00:00","dateModified":"2022-10-01T12:35:12+00:00","breadcrumb":{"@id":"https:\/\/urnsparadise.com\/de\/datenschutz-bestimmungen\/#breadcrumb"},"inLanguage":"de","potentialAction":[{"@type":"ReadAction","target":["https:\/\/urnsparadise.com\/de\/datenschutz-bestimmungen\/"]}]},{"@type":"BreadcrumbList","@id":"https:\/\/urnsparadise.com\/de\/datenschutz-bestimmungen\/#breadcrumb","itemListElement":[{"@type":"ListItem","position":1,"name":"Accueil","item":"https:\/\/urnsparadise.com\/de\/"},{"@type":"ListItem","position":2,"name":"VERTRAULICHKEITSVEREINBARUNG"}]}]}},"_links":{"self":[{"href":"https:\/\/urnsparadise.com\/de\/wp-json\/wp\/v2\/pages\/5590"}],"collection":[{"href":"https:\/\/urnsparadise.com\/de\/wp-json\/wp\/v2\/pages"}],"about":[{"href":"https:\/\/urnsparadise.com\/de\/wp-json\/wp\/v2\/types\/page"}],"author":[{"embeddable":true,"href":"https:\/\/urnsparadise.com\/de\/wp-json\/wp\/v2\/users\/1"}],"replies":[{"embeddable":true,"href":"https:\/\/urnsparadise.com\/de\/wp-json\/wp\/v2\/comments?post=5590"}],"version-history":[{"count":6,"href":"https:\/\/urnsparadise.com\/de\/wp-json\/wp\/v2\/pages\/5590\/revisions"}],"predecessor-version":[{"id":13170,"href":"https:\/\/urnsparadise.com\/de\/wp-json\/wp\/v2\/pages\/5590\/revisions\/13170"}],"wp:attachment":[{"href":"https:\/\/urnsparadise.com\/de\/wp-json\/wp\/v2\/media?parent=5590"}],"curies":[{"name":"wp","href":"https:\/\/api.w.org\/{rel}","templated":true}]}}