{"id":5593,"date":"2021-01-12T04:18:47","date_gmt":"2021-01-12T03:18:47","guid":{"rendered":"https:\/\/urnsparadise.com\/?page_id=5593"},"modified":"2022-10-01T14:35:42","modified_gmt":"2022-10-01T12:35:42","slug":"rueckfuehrungspolitik","status":"publish","type":"page","link":"https:\/\/urnsparadise.com\/de\/rueckfuehrungspolitik\/","title":{"rendered":"R\u00fcckf\u00fchrungspolitik"},"content":{"rendered":"<p><strong>Unsere Richtlinie betr\u00e4gt 30 Tage.<\/strong><\/p>\n<p>Wenn seit Ihrem Kauf 30 Tage verstrichen sind, k\u00f6nnen wir Ihnen leider keine R\u00fcckerstattung oder keinen Umtausch anbieten.<\/p>\n<p>Um sich f\u00fcr eine R\u00fcckgabe zu qualifizieren, muss Ihr Artikel unbenutzt sein und sich im gleichen Zustand befinden, wie Sie ihn erhalten haben. Au\u00dferdem muss es sich in der Originalverpackung befinden.<\/p>\n<p>F\u00fcr eine R\u00fccksendung m\u00fcssen Sie uns eine Quittung oder einen Kaufbeleg vorlegen.<\/p>\n<p>Bitte senden Sie Ihren Kauf nicht an den Hersteller zur\u00fcck.<\/p>\n<p>Es gibt bestimmte Situationen, in denen nur eine teilweise R\u00fcckerstattung gew\u00e4hrt wird: (falls zutreffend)<\/p>\n<p>* Jeder Artikel, der sich nicht in seinem Originalzustand befindet, besch\u00e4digt ist oder bei dem bestimmte Teile aus Gr\u00fcnden fehlen, die nicht auf einen Fehler unsererseits zur\u00fcckzuf\u00fchren sind.<\/p>\n<p>* Jeder Artikel, der mehr als 30 Tage nach der Lieferung zur\u00fcckgegeben wird.<\/p>\n<p>Erstattungen (falls zutreffend)<\/p>\n<p>Sobald wir den zur\u00fcckgesendeten Artikel erhalten und gepr\u00fcft haben, senden wir Ihnen eine E-Mail, um den Erhalt zu best\u00e4tigen. Wir werden Sie auch \u00fcber unsere Entscheidung informieren, Ihren Anspruch zu genehmigen oder abzulehnen.<\/p>\n<p>Wenn Ihr Antrag genehmigt wird, wird Ihre R\u00fcckerstattung bearbeitet und eine Gutschrift wird automatisch innerhalb von 3 Tagen auf Ihre Kreditkarte oder Ihre urspr\u00fcngliche Zahlungsmethode vorgenommen.<\/p>\n<p>Versp\u00e4tete oder fehlende R\u00fcckerstattungen (falls zutreffend)<\/p>\n<p>Wenn Sie Ihre R\u00fcckerstattung noch nicht erhalten haben, \u00fcberpr\u00fcfen Sie bitte zun\u00e4chst noch einmal Ihr Bankkonto.<\/p>\n<p>Wenden Sie sich dann an Ihr Kreditkartenunternehmen, da es zu einer Verz\u00f6gerung kommen kann, bevor Ihre R\u00fcckerstattung offiziell gebucht wird.<br \/>\nWenden Sie sich dann an Ihre Bank. Oft ist eine Bearbeitungszeit erforderlich, bevor eine R\u00fcckerstattung gebucht wird.<\/p>\n<p>Wenn Sie nach Durchf\u00fchrung all dieser Schritte Ihre R\u00fcckerstattung immer noch nicht erhalten haben, kontaktieren Sie uns bitte unter <a href=\"mailto:contact@urnsparadise.com\">contact@urnsparadise.com<\/a>.<\/p>\n<p>Umtausch (falls zutreffend)<br \/>\nWir ersetzen einen Artikel nur, wenn er defekt oder besch\u00e4digt ist. Wenn Sie in diesem Fall einen Umtausch gegen den gleichen Artikel w\u00fcnschen, senden Sie uns eine E-Mail an <a href=\"mailto:contact@urnsparadise.com\">contact@urnsparadise.com.<\/a>\u00a0Je nachdem, wo Sie wohnen, kann es unterschiedlich lange dauern, bis Sie Ihr umgetauschtes Produkt erhalten.<\/p>\n<p>Versand<br \/>\nUm ein Produkt zur\u00fcckzugeben, m\u00fcssen Sie es per Post. Sie m\u00fcssen die Versandkosten f\u00fcr die R\u00fccksendung Ihres Artikels selbst tragen. Die Kosten der R\u00fccksendung gehen, au\u00dfer im Falle eines Irrtums unsererseits, zu unseren Lasten.<\/p>\n<p>Wenn Sie einen Artikel im Wert von mehr als 75\u20ac versenden, sollten Sie in Erw\u00e4gung ziehen, einen Zustelldienst zu nutzen, der es Ihnen erm\u00f6glicht, die Sendung zu verfolgen oder eine Versandversicherung abzuschlie\u00dfen. Wir garantieren nicht, dass wir den Artikel, den Sie zur\u00fcckschicken, erhalten werden.<\/p>\n","protected":false},"excerpt":{"rendered":"<p>Unsere Richtlinie betr\u00e4gt 30 Tage. Wenn seit Ihrem Kauf 30 Tage verstrichen sind, k\u00f6nnen wir Ihnen leider keine R\u00fcckerstattung oder keinen Umtausch anbieten. Um sich f\u00fcr eine R\u00fcckgabe zu qualifizieren, muss Ihr Artikel unbenutzt sein und sich im gleichen Zustand befinden, wie Sie ihn erhalten haben. Au\u00dferdem muss es sich in der Originalverpackung befinden. F\u00fcr &hellip; <\/p>\n<p class=\"link-more\"><a href=\"https:\/\/urnsparadise.com\/de\/rueckfuehrungspolitik\/\" class=\"more-link\">Read More <span class=\"screen-reader-text\"> &#8222;R\u00fcckf\u00fchrungspolitik&#8220;<\/span><\/a><\/p>\n","protected":false},"author":1,"featured_media":0,"parent":0,"menu_order":0,"comment_status":"closed","ping_status":"closed","template":"","meta":{"_mi_skip_tracking":false,"_monsterinsights_sitenote_active":false,"_monsterinsights_sitenote_note":"","_monsterinsights_sitenote_category":0},"yoast_head":"<!-- This site is optimized with the Yoast SEO plugin v19.4 - https:\/\/yoast.com\/wordpress\/plugins\/seo\/ -->\n<title>R\u00fcckf\u00fchrungspolitik &ndash; Urns Paradise<\/title>\n<meta name=\"robots\" content=\"index, follow, max-snippet:-1, max-image-preview:large, max-video-preview:-1\" \/>\n<link rel=\"canonical\" href=\"https:\/\/urnsparadise.com\/de\/rueckfuehrungspolitik\/\" \/>\n<meta property=\"og:locale\" content=\"de_DE\" \/>\n<meta property=\"og:type\" content=\"article\" \/>\n<meta property=\"og:title\" content=\"R\u00fcckf\u00fchrungspolitik &ndash; Urns Paradise\" \/>\n<meta property=\"og:description\" content=\"Unsere Richtlinie betr\u00e4gt 30 Tage. Wenn seit Ihrem Kauf 30 Tage verstrichen sind, k\u00f6nnen wir Ihnen leider keine R\u00fcckerstattung oder keinen Umtausch anbieten. Um sich f\u00fcr eine R\u00fcckgabe zu qualifizieren, muss Ihr Artikel unbenutzt sein und sich im gleichen Zustand befinden, wie Sie ihn erhalten haben. Au\u00dferdem muss es sich in der Originalverpackung befinden. F\u00fcr &hellip; Read More &quot;R\u00fcckf\u00fchrungspolitik&quot;\" \/>\n<meta property=\"og:url\" content=\"https:\/\/urnsparadise.com\/de\/rueckfuehrungspolitik\/\" \/>\n<meta property=\"og:site_name\" content=\"Urns Paradise\" \/>\n<meta property=\"article:modified_time\" content=\"2022-10-01T12:35:42+00:00\" \/>\n<meta name=\"twitter:card\" content=\"summary_large_image\" \/>\n<meta name=\"twitter:label1\" content=\"Gesch\u00e4tzte Lesezeit\" \/>\n\t<meta name=\"twitter:data1\" content=\"3\u00a0Minuten\" \/>\n<script type=\"application\/ld+json\" class=\"yoast-schema-graph\">{\"@context\":\"https:\/\/schema.org\",\"@graph\":[{\"@type\":\"Organization\",\"@id\":\"https:\/\/urnsparadise.com\/#organization\",\"name\":\"Urns Paradise\",\"url\":\"https:\/\/urnsparadise.com\/\",\"sameAs\":[],\"logo\":{\"@type\":\"ImageObject\",\"inLanguage\":\"de\",\"@id\":\"https:\/\/urnsparadise.com\/#\/schema\/logo\/image\/\",\"url\":\"https:\/\/urnsparadise.com\/wp-content\/uploads\/2021\/03\/cropped-logo_final_urns_paradise_couleur_vertical.png\",\"contentUrl\":\"https:\/\/urnsparadise.com\/wp-content\/uploads\/2021\/03\/cropped-logo_final_urns_paradise_couleur_vertical.png\",\"width\":512,\"height\":512,\"caption\":\"Urns Paradise\"},\"image\":{\"@id\":\"https:\/\/urnsparadise.com\/#\/schema\/logo\/image\/\"}},{\"@type\":\"WebSite\",\"@id\":\"https:\/\/urnsparadise.com\/#website\",\"url\":\"https:\/\/urnsparadise.com\/\",\"name\":\"Urns Paradise\",\"description\":\"\",\"publisher\":{\"@id\":\"https:\/\/urnsparadise.com\/#organization\"},\"potentialAction\":[{\"@type\":\"SearchAction\",\"target\":{\"@type\":\"EntryPoint\",\"urlTemplate\":\"https:\/\/urnsparadise.com\/?s={search_term_string}\"},\"query-input\":\"required name=search_term_string\"}],\"inLanguage\":\"de\"},{\"@type\":\"WebPage\",\"@id\":\"https:\/\/urnsparadise.com\/de\/rueckfuehrungspolitik\/\",\"url\":\"https:\/\/urnsparadise.com\/de\/rueckfuehrungspolitik\/\",\"name\":\"R\u00fcckf\u00fchrungspolitik &ndash; Urns Paradise\",\"isPartOf\":{\"@id\":\"https:\/\/urnsparadise.com\/#website\"},\"datePublished\":\"2021-01-12T03:18:47+00:00\",\"dateModified\":\"2022-10-01T12:35:42+00:00\",\"breadcrumb\":{\"@id\":\"https:\/\/urnsparadise.com\/de\/rueckfuehrungspolitik\/#breadcrumb\"},\"inLanguage\":\"de\",\"potentialAction\":[{\"@type\":\"ReadAction\",\"target\":[\"https:\/\/urnsparadise.com\/de\/rueckfuehrungspolitik\/\"]}]},{\"@type\":\"BreadcrumbList\",\"@id\":\"https:\/\/urnsparadise.com\/de\/rueckfuehrungspolitik\/#breadcrumb\",\"itemListElement\":[{\"@type\":\"ListItem\",\"position\":1,\"name\":\"Accueil\",\"item\":\"https:\/\/urnsparadise.com\/de\/\"},{\"@type\":\"ListItem\",\"position\":2,\"name\":\"R\u00fcckf\u00fchrungspolitik\"}]}]}<\/script>\n<!-- \/ Yoast SEO plugin. -->","yoast_head_json":{"title":"R\u00fcckf\u00fchrungspolitik &ndash; Urns Paradise","robots":{"index":"index","follow":"follow","max-snippet":"max-snippet:-1","max-image-preview":"max-image-preview:large","max-video-preview":"max-video-preview:-1"},"canonical":"https:\/\/urnsparadise.com\/de\/rueckfuehrungspolitik\/","og_locale":"de_DE","og_type":"article","og_title":"R\u00fcckf\u00fchrungspolitik &ndash; Urns Paradise","og_description":"Unsere Richtlinie betr\u00e4gt 30 Tage. Wenn seit Ihrem Kauf 30 Tage verstrichen sind, k\u00f6nnen wir Ihnen leider keine R\u00fcckerstattung oder keinen Umtausch anbieten. Um sich f\u00fcr eine R\u00fcckgabe zu qualifizieren, muss Ihr Artikel unbenutzt sein und sich im gleichen Zustand befinden, wie Sie ihn erhalten haben. Au\u00dferdem muss es sich in der Originalverpackung befinden. F\u00fcr &hellip; Read More \"R\u00fcckf\u00fchrungspolitik\"","og_url":"https:\/\/urnsparadise.com\/de\/rueckfuehrungspolitik\/","og_site_name":"Urns Paradise","article_modified_time":"2022-10-01T12:35:42+00:00","twitter_card":"summary_large_image","twitter_misc":{"Gesch\u00e4tzte Lesezeit":"3\u00a0Minuten"},"schema":{"@context":"https:\/\/schema.org","@graph":[{"@type":"Organization","@id":"https:\/\/urnsparadise.com\/#organization","name":"Urns Paradise","url":"https:\/\/urnsparadise.com\/","sameAs":[],"logo":{"@type":"ImageObject","inLanguage":"de","@id":"https:\/\/urnsparadise.com\/#\/schema\/logo\/image\/","url":"https:\/\/urnsparadise.com\/wp-content\/uploads\/2021\/03\/cropped-logo_final_urns_paradise_couleur_vertical.png","contentUrl":"https:\/\/urnsparadise.com\/wp-content\/uploads\/2021\/03\/cropped-logo_final_urns_paradise_couleur_vertical.png","width":512,"height":512,"caption":"Urns Paradise"},"image":{"@id":"https:\/\/urnsparadise.com\/#\/schema\/logo\/image\/"}},{"@type":"WebSite","@id":"https:\/\/urnsparadise.com\/#website","url":"https:\/\/urnsparadise.com\/","name":"Urns Paradise","description":"","publisher":{"@id":"https:\/\/urnsparadise.com\/#organization"},"potentialAction":[{"@type":"SearchAction","target":{"@type":"EntryPoint","urlTemplate":"https:\/\/urnsparadise.com\/?s={search_term_string}"},"query-input":"required name=search_term_string"}],"inLanguage":"de"},{"@type":"WebPage","@id":"https:\/\/urnsparadise.com\/de\/rueckfuehrungspolitik\/","url":"https:\/\/urnsparadise.com\/de\/rueckfuehrungspolitik\/","name":"R\u00fcckf\u00fchrungspolitik &ndash; Urns Paradise","isPartOf":{"@id":"https:\/\/urnsparadise.com\/#website"},"datePublished":"2021-01-12T03:18:47+00:00","dateModified":"2022-10-01T12:35:42+00:00","breadcrumb":{"@id":"https:\/\/urnsparadise.com\/de\/rueckfuehrungspolitik\/#breadcrumb"},"inLanguage":"de","potentialAction":[{"@type":"ReadAction","target":["https:\/\/urnsparadise.com\/de\/rueckfuehrungspolitik\/"]}]},{"@type":"BreadcrumbList","@id":"https:\/\/urnsparadise.com\/de\/rueckfuehrungspolitik\/#breadcrumb","itemListElement":[{"@type":"ListItem","position":1,"name":"Accueil","item":"https:\/\/urnsparadise.com\/de\/"},{"@type":"ListItem","position":2,"name":"R\u00fcckf\u00fchrungspolitik"}]}]}},"_links":{"self":[{"href":"https:\/\/urnsparadise.com\/de\/wp-json\/wp\/v2\/pages\/5593"}],"collection":[{"href":"https:\/\/urnsparadise.com\/de\/wp-json\/wp\/v2\/pages"}],"about":[{"href":"https:\/\/urnsparadise.com\/de\/wp-json\/wp\/v2\/types\/page"}],"author":[{"embeddable":true,"href":"https:\/\/urnsparadise.com\/de\/wp-json\/wp\/v2\/users\/1"}],"replies":[{"embeddable":true,"href":"https:\/\/urnsparadise.com\/de\/wp-json\/wp\/v2\/comments?post=5593"}],"version-history":[{"count":5,"href":"https:\/\/urnsparadise.com\/de\/wp-json\/wp\/v2\/pages\/5593\/revisions"}],"predecessor-version":[{"id":13172,"href":"https:\/\/urnsparadise.com\/de\/wp-json\/wp\/v2\/pages\/5593\/revisions\/13172"}],"wp:attachment":[{"href":"https:\/\/urnsparadise.com\/de\/wp-json\/wp\/v2\/media?parent=5593"}],"curies":[{"name":"wp","href":"https:\/\/api.w.org\/{rel}","templated":true}]}}