{"id":5596,"date":"2021-01-12T04:19:59","date_gmt":"2021-01-12T03:19:59","guid":{"rendered":"https:\/\/urnsparadise.com\/?page_id=5596"},"modified":"2025-06-15T01:11:22","modified_gmt":"2025-06-14T23:11:22","slug":"wer-sind-wir","status":"publish","type":"page","link":"https:\/\/urnsparadise.com\/de\/wer-sind-wir\/","title":{"rendered":"Wer sind wir?"},"content":{"rendered":"<p><strong><em>\u00dcber uns<\/em><\/strong><\/p>\n<p><strong><em>Warum Urns Paradise?<\/em><\/strong><\/p>\n<p>Wenn jemand, der Ihnen am Herzen liegt, stirbt, kann der Schmerz \u00fcberw\u00e4ltigend sein. Die perfekte Gedenkst\u00e4tte f\u00fcr sie zu finden, kann ein tiefgreifender und dauerhafter Trost sein. Deshalb ist es von unsch\u00e4tzbarem Wert, eine Ruhest\u00e4tte zu finden, die von ihrer Pers\u00f6nlichkeit und der Verbundenheit, die Sie mit ihr geteilt haben, spricht.<\/p>\n<p>Hier bei Urns Paradise ist es unser Ziel und unsere Mission, Sie bei Ihrer Wahl zu unterst\u00fctzen, um Ihnen exzellente Qualit\u00e4t und Service beim Verkauf von Bestattungsprodukten in ganz Europa zu bieten.<\/p>\n<p>Urns Paradise bietet eine gro\u00dfe Auswahl an Graburnen, Tierbestattungsurnen und\/oder Aschenschmuck. Wir haben verschiedene Produktlinien etabliert, die allen Budgets gerecht werden.<\/p>\n<p>W\u00e4hlen Sie aus einer breiten Palette von Qualit\u00e4tsprodukten mit einem hervorragenden Service. Bei Fragen oder speziellen W\u00fcnschen stehen wir Ihnen gerne zur Verf\u00fcgung.<\/p>\n<p><strong>Unsere St\u00e4rken:<\/strong><\/p>\n<ul>\n<li>Hochwertige, von uns gepr\u00fcfte Artikel;<\/li>\n<li>Lieferung innerhalb von 3 bis 10 Tagen in ganz Europa<\/li>\n<li>30 Tage Geld-zur\u00fcck-Garantie;<\/li>\n<li>Familienunternehmen;<\/li>\n<li>Konkurrenzf\u00e4hige Preise;<\/li>\n<li>Sichere Bezahlung (Kreditkarte, Paypal etc.);<\/li>\n<li>M\u00f6glichkeit der kundenspezifischen Anpassung bei bestimmten Modellen.<\/li>\n<\/ul>\n<p><strong>\u00a0<\/strong><\/p>\n<p><strong>\u00a0<\/strong><\/p>\n<p><strong>\u00a0<\/strong><\/p>\n<p><strong>\u00a0<\/strong><\/p>\n<p><strong>\u00a0<\/strong><\/p>\n","protected":false},"excerpt":{"rendered":"<p>\u00dcber uns Warum Urns Paradise? Wenn jemand, der Ihnen am Herzen liegt, stirbt, kann der Schmerz \u00fcberw\u00e4ltigend sein. Die perfekte Gedenkst\u00e4tte f\u00fcr sie zu finden, kann ein tiefgreifender und dauerhafter Trost sein. Deshalb ist es von unsch\u00e4tzbarem Wert, eine Ruhest\u00e4tte zu finden, die von ihrer Pers\u00f6nlichkeit und der Verbundenheit, die Sie mit ihr geteilt haben, &hellip; <\/p>\n<p class=\"link-more\"><a href=\"https:\/\/urnsparadise.com\/de\/wer-sind-wir\/\" class=\"more-link\">Read More <span class=\"screen-reader-text\"> &#8222;Wer sind wir?&#8220;<\/span><\/a><\/p>\n","protected":false},"author":1,"featured_media":0,"parent":0,"menu_order":0,"comment_status":"closed","ping_status":"closed","template":"","meta":{"_mi_skip_tracking":false,"_monsterinsights_sitenote_active":false,"_monsterinsights_sitenote_note":"","_monsterinsights_sitenote_category":0},"yoast_head":"<!-- This site is optimized with the Yoast SEO plugin v19.4 - https:\/\/yoast.com\/wordpress\/plugins\/seo\/ -->\n<title>Wer sind wir? &ndash; Urns Paradise<\/title>\n<meta name=\"robots\" content=\"index, follow, max-snippet:-1, max-image-preview:large, max-video-preview:-1\" \/>\n<link rel=\"canonical\" href=\"https:\/\/urnsparadise.com\/de\/wer-sind-wir\/\" \/>\n<meta property=\"og:locale\" content=\"de_DE\" \/>\n<meta property=\"og:type\" content=\"article\" \/>\n<meta property=\"og:title\" content=\"Wer sind wir? &ndash; Urns Paradise\" \/>\n<meta property=\"og:description\" content=\"\u00dcber uns Warum Urns Paradise? Wenn jemand, der Ihnen am Herzen liegt, stirbt, kann der Schmerz \u00fcberw\u00e4ltigend sein. Die perfekte Gedenkst\u00e4tte f\u00fcr sie zu finden, kann ein tiefgreifender und dauerhafter Trost sein. Deshalb ist es von unsch\u00e4tzbarem Wert, eine Ruhest\u00e4tte zu finden, die von ihrer Pers\u00f6nlichkeit und der Verbundenheit, die Sie mit ihr geteilt haben, &hellip; Read More &quot;Wer sind wir?&quot;\" \/>\n<meta property=\"og:url\" content=\"https:\/\/urnsparadise.com\/de\/wer-sind-wir\/\" \/>\n<meta property=\"og:site_name\" content=\"Urns Paradise\" \/>\n<meta property=\"article:modified_time\" content=\"2025-06-14T23:11:22+00:00\" \/>\n<meta name=\"twitter:card\" content=\"summary_large_image\" \/>\n<meta name=\"twitter:label1\" content=\"Gesch\u00e4tzte Lesezeit\" \/>\n\t<meta name=\"twitter:data1\" content=\"1\u00a0Minute\" \/>\n<script type=\"application\/ld+json\" class=\"yoast-schema-graph\">{\"@context\":\"https:\/\/schema.org\",\"@graph\":[{\"@type\":\"Organization\",\"@id\":\"https:\/\/urnsparadise.com\/#organization\",\"name\":\"Urns Paradise\",\"url\":\"https:\/\/urnsparadise.com\/\",\"sameAs\":[],\"logo\":{\"@type\":\"ImageObject\",\"inLanguage\":\"de\",\"@id\":\"https:\/\/urnsparadise.com\/#\/schema\/logo\/image\/\",\"url\":\"https:\/\/urnsparadise.com\/wp-content\/uploads\/2021\/03\/cropped-logo_final_urns_paradise_couleur_vertical.png\",\"contentUrl\":\"https:\/\/urnsparadise.com\/wp-content\/uploads\/2021\/03\/cropped-logo_final_urns_paradise_couleur_vertical.png\",\"width\":512,\"height\":512,\"caption\":\"Urns Paradise\"},\"image\":{\"@id\":\"https:\/\/urnsparadise.com\/#\/schema\/logo\/image\/\"}},{\"@type\":\"WebSite\",\"@id\":\"https:\/\/urnsparadise.com\/#website\",\"url\":\"https:\/\/urnsparadise.com\/\",\"name\":\"Urns Paradise\",\"description\":\"\",\"publisher\":{\"@id\":\"https:\/\/urnsparadise.com\/#organization\"},\"potentialAction\":[{\"@type\":\"SearchAction\",\"target\":{\"@type\":\"EntryPoint\",\"urlTemplate\":\"https:\/\/urnsparadise.com\/?s={search_term_string}\"},\"query-input\":\"required name=search_term_string\"}],\"inLanguage\":\"de\"},{\"@type\":\"WebPage\",\"@id\":\"https:\/\/urnsparadise.com\/de\/wer-sind-wir\/\",\"url\":\"https:\/\/urnsparadise.com\/de\/wer-sind-wir\/\",\"name\":\"Wer sind wir? &ndash; Urns Paradise\",\"isPartOf\":{\"@id\":\"https:\/\/urnsparadise.com\/#website\"},\"datePublished\":\"2021-01-12T03:19:59+00:00\",\"dateModified\":\"2025-06-14T23:11:22+00:00\",\"breadcrumb\":{\"@id\":\"https:\/\/urnsparadise.com\/de\/wer-sind-wir\/#breadcrumb\"},\"inLanguage\":\"de\",\"potentialAction\":[{\"@type\":\"ReadAction\",\"target\":[\"https:\/\/urnsparadise.com\/de\/wer-sind-wir\/\"]}]},{\"@type\":\"BreadcrumbList\",\"@id\":\"https:\/\/urnsparadise.com\/de\/wer-sind-wir\/#breadcrumb\",\"itemListElement\":[{\"@type\":\"ListItem\",\"position\":1,\"name\":\"Accueil\",\"item\":\"https:\/\/urnsparadise.com\/de\/\"},{\"@type\":\"ListItem\",\"position\":2,\"name\":\"Wer sind wir?\"}]}]}<\/script>\n<!-- \/ Yoast SEO plugin. -->","yoast_head_json":{"title":"Wer sind wir? &ndash; Urns Paradise","robots":{"index":"index","follow":"follow","max-snippet":"max-snippet:-1","max-image-preview":"max-image-preview:large","max-video-preview":"max-video-preview:-1"},"canonical":"https:\/\/urnsparadise.com\/de\/wer-sind-wir\/","og_locale":"de_DE","og_type":"article","og_title":"Wer sind wir? &ndash; Urns Paradise","og_description":"\u00dcber uns Warum Urns Paradise? Wenn jemand, der Ihnen am Herzen liegt, stirbt, kann der Schmerz \u00fcberw\u00e4ltigend sein. Die perfekte Gedenkst\u00e4tte f\u00fcr sie zu finden, kann ein tiefgreifender und dauerhafter Trost sein. Deshalb ist es von unsch\u00e4tzbarem Wert, eine Ruhest\u00e4tte zu finden, die von ihrer Pers\u00f6nlichkeit und der Verbundenheit, die Sie mit ihr geteilt haben, &hellip; Read More \"Wer sind wir?\"","og_url":"https:\/\/urnsparadise.com\/de\/wer-sind-wir\/","og_site_name":"Urns Paradise","article_modified_time":"2025-06-14T23:11:22+00:00","twitter_card":"summary_large_image","twitter_misc":{"Gesch\u00e4tzte Lesezeit":"1\u00a0Minute"},"schema":{"@context":"https:\/\/schema.org","@graph":[{"@type":"Organization","@id":"https:\/\/urnsparadise.com\/#organization","name":"Urns Paradise","url":"https:\/\/urnsparadise.com\/","sameAs":[],"logo":{"@type":"ImageObject","inLanguage":"de","@id":"https:\/\/urnsparadise.com\/#\/schema\/logo\/image\/","url":"https:\/\/urnsparadise.com\/wp-content\/uploads\/2021\/03\/cropped-logo_final_urns_paradise_couleur_vertical.png","contentUrl":"https:\/\/urnsparadise.com\/wp-content\/uploads\/2021\/03\/cropped-logo_final_urns_paradise_couleur_vertical.png","width":512,"height":512,"caption":"Urns Paradise"},"image":{"@id":"https:\/\/urnsparadise.com\/#\/schema\/logo\/image\/"}},{"@type":"WebSite","@id":"https:\/\/urnsparadise.com\/#website","url":"https:\/\/urnsparadise.com\/","name":"Urns Paradise","description":"","publisher":{"@id":"https:\/\/urnsparadise.com\/#organization"},"potentialAction":[{"@type":"SearchAction","target":{"@type":"EntryPoint","urlTemplate":"https:\/\/urnsparadise.com\/?s={search_term_string}"},"query-input":"required name=search_term_string"}],"inLanguage":"de"},{"@type":"WebPage","@id":"https:\/\/urnsparadise.com\/de\/wer-sind-wir\/","url":"https:\/\/urnsparadise.com\/de\/wer-sind-wir\/","name":"Wer sind wir? &ndash; Urns Paradise","isPartOf":{"@id":"https:\/\/urnsparadise.com\/#website"},"datePublished":"2021-01-12T03:19:59+00:00","dateModified":"2025-06-14T23:11:22+00:00","breadcrumb":{"@id":"https:\/\/urnsparadise.com\/de\/wer-sind-wir\/#breadcrumb"},"inLanguage":"de","potentialAction":[{"@type":"ReadAction","target":["https:\/\/urnsparadise.com\/de\/wer-sind-wir\/"]}]},{"@type":"BreadcrumbList","@id":"https:\/\/urnsparadise.com\/de\/wer-sind-wir\/#breadcrumb","itemListElement":[{"@type":"ListItem","position":1,"name":"Accueil","item":"https:\/\/urnsparadise.com\/de\/"},{"@type":"ListItem","position":2,"name":"Wer sind wir?"}]}]}},"_links":{"self":[{"href":"https:\/\/urnsparadise.com\/de\/wp-json\/wp\/v2\/pages\/5596"}],"collection":[{"href":"https:\/\/urnsparadise.com\/de\/wp-json\/wp\/v2\/pages"}],"about":[{"href":"https:\/\/urnsparadise.com\/de\/wp-json\/wp\/v2\/types\/page"}],"author":[{"embeddable":true,"href":"https:\/\/urnsparadise.com\/de\/wp-json\/wp\/v2\/users\/1"}],"replies":[{"embeddable":true,"href":"https:\/\/urnsparadise.com\/de\/wp-json\/wp\/v2\/comments?post=5596"}],"version-history":[{"count":5,"href":"https:\/\/urnsparadise.com\/de\/wp-json\/wp\/v2\/pages\/5596\/revisions"}],"predecessor-version":[{"id":13634,"href":"https:\/\/urnsparadise.com\/de\/wp-json\/wp\/v2\/pages\/5596\/revisions\/13634"}],"wp:attachment":[{"href":"https:\/\/urnsparadise.com\/de\/wp-json\/wp\/v2\/media?parent=5596"}],"curies":[{"name":"wp","href":"https:\/\/api.w.org\/{rel}","templated":true}]}}