{"id":6829,"date":"2021-02-07T16:26:20","date_gmt":"2021-02-07T15:26:20","guid":{"rendered":"https:\/\/urnsparadise.com\/?page_id=6829"},"modified":"2021-02-16T18:36:06","modified_gmt":"2021-02-16T17:36:06","slug":"welche-urnengroesse-soll-ich-waehlen","status":"publish","type":"page","link":"https:\/\/urnsparadise.com\/de\/welche-urnengroesse-soll-ich-waehlen\/","title":{"rendered":"Welche Urnengr\u00f6\u00dfe soll ich w\u00e4hlen?"},"content":{"rendered":"<p><strong>Welche Urnengr\u00f6\u00dfe soll ich w\u00e4hlen? <\/strong><\/p>\n<p>Hier ist unser Leitfaden zur Auswahl der richtigen Urnengr\u00f6\u00dfen, um den Auswahlprozess so reibungslos wie m\u00f6glich zu gestalten.<\/p>\n<p>Bei einer Ein\u00e4scherung h\u00e4ngt die Menge der Asche, die zur\u00fcckbleibt, in der Regel von der Gr\u00f6\u00dfe der Knochenstruktur ab.<\/p>\n<p>In den meisten F\u00e4llen fallen bei der Ein\u00e4scherung eines durchschnittlichen Erwachsenen etwa 3 Liter Asche an. Es ist jedoch auch m\u00f6glich, sich f\u00fcr eine Mikro-Urne oder ein Reliquiar zu entscheiden, um einen Teil der Asche symbolisch zu bewahren.<\/p>\n<div id=\"tw-target-text-container\" class=\"tw-ta-container hide-focus-ring tw-nfl\" tabindex=\"0\">\n<h5><strong>Urnen :<\/strong><\/h5>\n<p>&nbsp;<\/p>\n<table>\n<tbody>\n<tr>\n<td style=\"text-align: center;\" width=\"302\"><strong>Gewicht in kg<\/strong><\/td>\n<td style=\"text-align: center;\" width=\"302\"><strong>\u00c4quivalenz in Litern<\/strong><\/td>\n<\/tr>\n<tr>\n<td style=\"text-align: center;\" width=\"302\">Weniger als 12 kg<\/td>\n<td style=\"text-align: center;\" width=\"302\">1 L<\/td>\n<\/tr>\n<tr>\n<td style=\"text-align: center;\" width=\"302\">Von 12 bis 40 kg<\/td>\n<td style=\"text-align: center;\" width=\"302\">2 L<\/td>\n<\/tr>\n<tr>\n<td style=\"text-align: center;\" width=\"302\">Von 40 bis 60 kg<\/td>\n<td style=\"text-align: center;\" width=\"302\">3 L<\/td>\n<\/tr>\n<tr>\n<td style=\"text-align: center;\" width=\"302\">Mehr als 60 kg<\/td>\n<td style=\"text-align: center;\" width=\"302\">3 \u00e0 4,5 L<\/td>\n<\/tr>\n<\/tbody>\n<\/table>\n<p>&nbsp;<\/p>\n<h5><strong>Tierurnen :<\/strong><\/h5>\n<p>&nbsp;<\/p>\n<div id=\"tw-target-text-container\" class=\"tw-ta-container hide-focus-ring tw-nfl\" tabindex=\"0\">\n<div class=\"oSioSc\">\n<div id=\"tw-target\">\n<div id=\"kAz1tf\" class=\"g9WsWb\">\n<table width=\"605\">\n<tbody>\n<tr>\n<td style=\"text-align: center;\" width=\"302\"><strong>Gewicht in kg<\/strong><\/td>\n<td style=\"text-align: center;\" width=\"302\"><strong>\u00c4quivalenz in Litern<\/strong><\/td>\n<\/tr>\n<tr>\n<td style=\"text-align: center;\" width=\"302\">Bis zu 4 kg<\/td>\n<td style=\"text-align: center;\" width=\"302\">0.3 L<\/td>\n<\/tr>\n<tr>\n<td style=\"text-align: center;\" width=\"302\">Bis zu 6 kg<\/td>\n<td style=\"text-align: center;\" width=\"302\">0.4 L<\/td>\n<\/tr>\n<tr>\n<td style=\"text-align: center;\" width=\"302\">Bis zu 8 kg<\/td>\n<td style=\"text-align: center;\" width=\"302\">0.6 L<\/td>\n<\/tr>\n<tr>\n<td style=\"text-align: center;\" width=\"302\">Bis zu 10 kg<\/td>\n<td style=\"text-align: center;\" width=\"302\">0.7 L<\/td>\n<\/tr>\n<tr>\n<td style=\"text-align: center;\" width=\"302\">Bis zu 12 kg<\/td>\n<td style=\"text-align: center;\" width=\"302\">0.8 L<\/td>\n<\/tr>\n<tr>\n<td style=\"text-align: center;\" width=\"302\">Bis zu 14 kg<\/td>\n<td style=\"text-align: center;\" width=\"302\">1 L<\/td>\n<\/tr>\n<tr>\n<td style=\"text-align: center;\" width=\"302\">Bis zu 16 kg<\/td>\n<td style=\"text-align: center;\" width=\"302\">1.2 L<\/td>\n<\/tr>\n<tr>\n<td style=\"text-align: center;\" width=\"302\">Bis zu 20 kg<\/td>\n<td style=\"text-align: center;\" width=\"302\">1.5 L<\/td>\n<\/tr>\n<tr>\n<td style=\"text-align: center;\" width=\"302\">Bis zu 30 kg<\/td>\n<td style=\"text-align: center;\" width=\"302\">1.75 L<\/td>\n<\/tr>\n<tr>\n<td style=\"text-align: center;\" width=\"302\">Bis zu 40 kg<\/td>\n<td style=\"text-align: center;\" width=\"302\">2 L<\/td>\n<\/tr>\n<tr>\n<td style=\"text-align: center;\" width=\"302\">Bis zu 50 kg<\/td>\n<td style=\"text-align: center;\" width=\"302\">2.5 L<\/td>\n<\/tr>\n<tr>\n<td style=\"text-align: center;\" width=\"302\">Bis zu 60 kg<\/td>\n<td style=\"text-align: center;\" width=\"302\">3 L<\/td>\n<\/tr>\n<tr>\n<td style=\"text-align: center;\" width=\"302\">Mehr als 60 kg<\/td>\n<td style=\"text-align: center;\" width=\"302\">4 L<\/td>\n<\/tr>\n<\/tbody>\n<\/table>\n<\/div>\n<\/div>\n<\/div>\n<\/div>\n<\/div>\n","protected":false},"excerpt":{"rendered":"<p>Welche Urnengr\u00f6\u00dfe soll ich w\u00e4hlen? Hier ist unser Leitfaden zur Auswahl der richtigen Urnengr\u00f6\u00dfen, um den Auswahlprozess so reibungslos wie m\u00f6glich zu gestalten. Bei einer Ein\u00e4scherung h\u00e4ngt die Menge der Asche, die zur\u00fcckbleibt, in der Regel von der Gr\u00f6\u00dfe der Knochenstruktur ab. In den meisten F\u00e4llen fallen bei der Ein\u00e4scherung eines durchschnittlichen Erwachsenen etwa 3 &hellip; <\/p>\n<p class=\"link-more\"><a href=\"https:\/\/urnsparadise.com\/de\/welche-urnengroesse-soll-ich-waehlen\/\" class=\"more-link\">Read More <span class=\"screen-reader-text\"> &#8222;Welche Urnengr\u00f6\u00dfe soll ich w\u00e4hlen?&#8220;<\/span><\/a><\/p>\n","protected":false},"author":2,"featured_media":0,"parent":0,"menu_order":0,"comment_status":"closed","ping_status":"closed","template":"","meta":{"_mi_skip_tracking":false,"_monsterinsights_sitenote_active":false,"_monsterinsights_sitenote_note":"","_monsterinsights_sitenote_category":0},"yoast_head":"<!-- This site is optimized with the Yoast SEO plugin v19.4 - https:\/\/yoast.com\/wordpress\/plugins\/seo\/ -->\n<title>Welche Urnengr\u00f6\u00dfe soll ich w\u00e4hlen? &ndash; Urns Paradise<\/title>\n<meta name=\"robots\" content=\"index, follow, max-snippet:-1, max-image-preview:large, max-video-preview:-1\" \/>\n<link rel=\"canonical\" href=\"https:\/\/urnsparadise.com\/de\/welche-urnengroesse-soll-ich-waehlen\/\" \/>\n<meta property=\"og:locale\" content=\"de_DE\" \/>\n<meta property=\"og:type\" content=\"article\" \/>\n<meta property=\"og:title\" content=\"Welche Urnengr\u00f6\u00dfe soll ich w\u00e4hlen? &ndash; Urns Paradise\" \/>\n<meta property=\"og:description\" content=\"Welche Urnengr\u00f6\u00dfe soll ich w\u00e4hlen? Hier ist unser Leitfaden zur Auswahl der richtigen Urnengr\u00f6\u00dfen, um den Auswahlprozess so reibungslos wie m\u00f6glich zu gestalten. Bei einer Ein\u00e4scherung h\u00e4ngt die Menge der Asche, die zur\u00fcckbleibt, in der Regel von der Gr\u00f6\u00dfe der Knochenstruktur ab. In den meisten F\u00e4llen fallen bei der Ein\u00e4scherung eines durchschnittlichen Erwachsenen etwa 3 &hellip; Read More &quot;Welche Urnengr\u00f6\u00dfe soll ich w\u00e4hlen?&quot;\" \/>\n<meta property=\"og:url\" content=\"https:\/\/urnsparadise.com\/de\/welche-urnengroesse-soll-ich-waehlen\/\" \/>\n<meta property=\"og:site_name\" content=\"Urns Paradise\" \/>\n<meta property=\"article:modified_time\" content=\"2021-02-16T17:36:06+00:00\" \/>\n<meta name=\"twitter:card\" content=\"summary_large_image\" \/>\n<meta name=\"twitter:label1\" content=\"Gesch\u00e4tzte Lesezeit\" \/>\n\t<meta name=\"twitter:data1\" content=\"1\u00a0Minute\" \/>\n<script type=\"application\/ld+json\" class=\"yoast-schema-graph\">{\"@context\":\"https:\/\/schema.org\",\"@graph\":[{\"@type\":\"Organization\",\"@id\":\"https:\/\/urnsparadise.com\/#organization\",\"name\":\"Urns Paradise\",\"url\":\"https:\/\/urnsparadise.com\/\",\"sameAs\":[],\"logo\":{\"@type\":\"ImageObject\",\"inLanguage\":\"de\",\"@id\":\"https:\/\/urnsparadise.com\/#\/schema\/logo\/image\/\",\"url\":\"https:\/\/urnsparadise.com\/wp-content\/uploads\/2021\/03\/cropped-logo_final_urns_paradise_couleur_vertical.png\",\"contentUrl\":\"https:\/\/urnsparadise.com\/wp-content\/uploads\/2021\/03\/cropped-logo_final_urns_paradise_couleur_vertical.png\",\"width\":512,\"height\":512,\"caption\":\"Urns Paradise\"},\"image\":{\"@id\":\"https:\/\/urnsparadise.com\/#\/schema\/logo\/image\/\"}},{\"@type\":\"WebSite\",\"@id\":\"https:\/\/urnsparadise.com\/#website\",\"url\":\"https:\/\/urnsparadise.com\/\",\"name\":\"Urns Paradise\",\"description\":\"\",\"publisher\":{\"@id\":\"https:\/\/urnsparadise.com\/#organization\"},\"potentialAction\":[{\"@type\":\"SearchAction\",\"target\":{\"@type\":\"EntryPoint\",\"urlTemplate\":\"https:\/\/urnsparadise.com\/?s={search_term_string}\"},\"query-input\":\"required name=search_term_string\"}],\"inLanguage\":\"de\"},{\"@type\":\"WebPage\",\"@id\":\"https:\/\/urnsparadise.com\/de\/welche-urnengroesse-soll-ich-waehlen\/\",\"url\":\"https:\/\/urnsparadise.com\/de\/welche-urnengroesse-soll-ich-waehlen\/\",\"name\":\"Welche Urnengr\u00f6\u00dfe soll ich w\u00e4hlen? &ndash; Urns Paradise\",\"isPartOf\":{\"@id\":\"https:\/\/urnsparadise.com\/#website\"},\"datePublished\":\"2021-02-07T15:26:20+00:00\",\"dateModified\":\"2021-02-16T17:36:06+00:00\",\"breadcrumb\":{\"@id\":\"https:\/\/urnsparadise.com\/de\/welche-urnengroesse-soll-ich-waehlen\/#breadcrumb\"},\"inLanguage\":\"de\",\"potentialAction\":[{\"@type\":\"ReadAction\",\"target\":[\"https:\/\/urnsparadise.com\/de\/welche-urnengroesse-soll-ich-waehlen\/\"]}]},{\"@type\":\"BreadcrumbList\",\"@id\":\"https:\/\/urnsparadise.com\/de\/welche-urnengroesse-soll-ich-waehlen\/#breadcrumb\",\"itemListElement\":[{\"@type\":\"ListItem\",\"position\":1,\"name\":\"Accueil\",\"item\":\"https:\/\/urnsparadise.com\/de\/\"},{\"@type\":\"ListItem\",\"position\":2,\"name\":\"Welche Urnengr\u00f6\u00dfe soll ich w\u00e4hlen?\"}]}]}<\/script>\n<!-- \/ Yoast SEO plugin. -->","yoast_head_json":{"title":"Welche Urnengr\u00f6\u00dfe soll ich w\u00e4hlen? &ndash; Urns Paradise","robots":{"index":"index","follow":"follow","max-snippet":"max-snippet:-1","max-image-preview":"max-image-preview:large","max-video-preview":"max-video-preview:-1"},"canonical":"https:\/\/urnsparadise.com\/de\/welche-urnengroesse-soll-ich-waehlen\/","og_locale":"de_DE","og_type":"article","og_title":"Welche Urnengr\u00f6\u00dfe soll ich w\u00e4hlen? &ndash; Urns Paradise","og_description":"Welche Urnengr\u00f6\u00dfe soll ich w\u00e4hlen? Hier ist unser Leitfaden zur Auswahl der richtigen Urnengr\u00f6\u00dfen, um den Auswahlprozess so reibungslos wie m\u00f6glich zu gestalten. Bei einer Ein\u00e4scherung h\u00e4ngt die Menge der Asche, die zur\u00fcckbleibt, in der Regel von der Gr\u00f6\u00dfe der Knochenstruktur ab. In den meisten F\u00e4llen fallen bei der Ein\u00e4scherung eines durchschnittlichen Erwachsenen etwa 3 &hellip; Read More \"Welche Urnengr\u00f6\u00dfe soll ich w\u00e4hlen?\"","og_url":"https:\/\/urnsparadise.com\/de\/welche-urnengroesse-soll-ich-waehlen\/","og_site_name":"Urns Paradise","article_modified_time":"2021-02-16T17:36:06+00:00","twitter_card":"summary_large_image","twitter_misc":{"Gesch\u00e4tzte Lesezeit":"1\u00a0Minute"},"schema":{"@context":"https:\/\/schema.org","@graph":[{"@type":"Organization","@id":"https:\/\/urnsparadise.com\/#organization","name":"Urns Paradise","url":"https:\/\/urnsparadise.com\/","sameAs":[],"logo":{"@type":"ImageObject","inLanguage":"de","@id":"https:\/\/urnsparadise.com\/#\/schema\/logo\/image\/","url":"https:\/\/urnsparadise.com\/wp-content\/uploads\/2021\/03\/cropped-logo_final_urns_paradise_couleur_vertical.png","contentUrl":"https:\/\/urnsparadise.com\/wp-content\/uploads\/2021\/03\/cropped-logo_final_urns_paradise_couleur_vertical.png","width":512,"height":512,"caption":"Urns Paradise"},"image":{"@id":"https:\/\/urnsparadise.com\/#\/schema\/logo\/image\/"}},{"@type":"WebSite","@id":"https:\/\/urnsparadise.com\/#website","url":"https:\/\/urnsparadise.com\/","name":"Urns Paradise","description":"","publisher":{"@id":"https:\/\/urnsparadise.com\/#organization"},"potentialAction":[{"@type":"SearchAction","target":{"@type":"EntryPoint","urlTemplate":"https:\/\/urnsparadise.com\/?s={search_term_string}"},"query-input":"required name=search_term_string"}],"inLanguage":"de"},{"@type":"WebPage","@id":"https:\/\/urnsparadise.com\/de\/welche-urnengroesse-soll-ich-waehlen\/","url":"https:\/\/urnsparadise.com\/de\/welche-urnengroesse-soll-ich-waehlen\/","name":"Welche Urnengr\u00f6\u00dfe soll ich w\u00e4hlen? &ndash; Urns Paradise","isPartOf":{"@id":"https:\/\/urnsparadise.com\/#website"},"datePublished":"2021-02-07T15:26:20+00:00","dateModified":"2021-02-16T17:36:06+00:00","breadcrumb":{"@id":"https:\/\/urnsparadise.com\/de\/welche-urnengroesse-soll-ich-waehlen\/#breadcrumb"},"inLanguage":"de","potentialAction":[{"@type":"ReadAction","target":["https:\/\/urnsparadise.com\/de\/welche-urnengroesse-soll-ich-waehlen\/"]}]},{"@type":"BreadcrumbList","@id":"https:\/\/urnsparadise.com\/de\/welche-urnengroesse-soll-ich-waehlen\/#breadcrumb","itemListElement":[{"@type":"ListItem","position":1,"name":"Accueil","item":"https:\/\/urnsparadise.com\/de\/"},{"@type":"ListItem","position":2,"name":"Welche Urnengr\u00f6\u00dfe soll ich w\u00e4hlen?"}]}]}},"_links":{"self":[{"href":"https:\/\/urnsparadise.com\/de\/wp-json\/wp\/v2\/pages\/6829"}],"collection":[{"href":"https:\/\/urnsparadise.com\/de\/wp-json\/wp\/v2\/pages"}],"about":[{"href":"https:\/\/urnsparadise.com\/de\/wp-json\/wp\/v2\/types\/page"}],"author":[{"embeddable":true,"href":"https:\/\/urnsparadise.com\/de\/wp-json\/wp\/v2\/users\/2"}],"replies":[{"embeddable":true,"href":"https:\/\/urnsparadise.com\/de\/wp-json\/wp\/v2\/comments?post=6829"}],"version-history":[{"count":31,"href":"https:\/\/urnsparadise.com\/de\/wp-json\/wp\/v2\/pages\/6829\/revisions"}],"predecessor-version":[{"id":7268,"href":"https:\/\/urnsparadise.com\/de\/wp-json\/wp\/v2\/pages\/6829\/revisions\/7268"}],"wp:attachment":[{"href":"https:\/\/urnsparadise.com\/de\/wp-json\/wp\/v2\/media?parent=6829"}],"curies":[{"name":"wp","href":"https:\/\/api.w.org\/{rel}","templated":true}]}}