{"id":10416,"date":"2021-05-26T09:46:33","date_gmt":"2021-05-26T07:46:33","guid":{"rendered":"https:\/\/urnsparadise.com\/?post_type=product&#038;p=10416"},"modified":"2021-05-26T10:15:16","modified_gmt":"2021-05-26T08:15:16","slug":"bestattungsurne-encree-katze","status":"publish","type":"product","link":"https:\/\/urnsparadise.com\/de\/produkt\/bestattungsurne-encree-katze\/","title":{"rendered":"Bestattungsurne Encr\u00e9e F\u00fcr Katze: Schwarz"},"content":{"rendered":"<p>\ud83d\udc08 Die Urne Encr\u00e9e wird das Mittel sein, um eine ewige Erinnerung an Ihr Katze ein Leben lang zu bewahren.<\/p>\n<p>\u26b1 Eine hochwertige Urne wird mit aluminium. Jede Urne ist einzigartig in ihrem Design und Herstellung, handgefertigt von erfahrenen Handwerkern.<\/p>\n<p>\ud83d\ude38 Diese katzenf\u00f6rmige Urne steht f\u00fcr eine stehende Katze.<\/p>\n<p>\u2705 Diese Urne hat eine \u00d6ffnung an der Unterseite, um die Asche darin einzulegen.<\/p>\n","protected":false},"excerpt":{"rendered":"<p>\ud83d\udc08 Die Urne Encr\u00e9e wird das Mittel sein, um eine ewige Erinnerung an Ihr Katze ein Leben lang zu bewahren. \u26b1 Eine hochwertige Urne wird mit aluminium. Jede Urne ist einzigartig in ihrem Design und Herstellung, handgefertigt von erfahrenen Handwerkern. \ud83d\ude38 Diese katzenf\u00f6rmige Urne steht f\u00fcr eine stehende Katze. \u2705 Diese Urne hat eine \u00d6ffnung &hellip; <\/p>\n<p class=\"link-more\"><a href=\"https:\/\/urnsparadise.com\/de\/produkt\/bestattungsurne-encree-katze\/\" class=\"more-link\">Read More <span class=\"screen-reader-text\"> &#8222;Bestattungsurne Encr\u00e9e F\u00fcr Katze: Schwarz&#8220;<\/span><\/a><\/p>\n","protected":false},"featured_media":9354,"comment_status":"open","ping_status":"closed","template":"","meta":{"_mi_skip_tracking":false,"_monsterinsights_sitenote_active":false,"_monsterinsights_sitenote_note":"","_monsterinsights_sitenote_category":0},"product_cat":[347,145,150,148],"product_tag":[],"yoast_head":"<!-- This site is optimized with the Yoast SEO plugin v19.4 - https:\/\/yoast.com\/wordpress\/plugins\/seo\/ -->\n<title>Bestattungsurne Encr\u00e9e F\u00fcr Katze: Schwarz &ndash; Urns Paradise<\/title>\n<meta name=\"robots\" content=\"index, follow, max-snippet:-1, max-image-preview:large, max-video-preview:-1\" \/>\n<link rel=\"canonical\" href=\"https:\/\/urnsparadise.com\/de\/product\/bestattungsurne-encree-katze\/\" \/>\n<meta property=\"og:locale\" content=\"de_DE\" \/>\n<meta property=\"og:type\" content=\"article\" \/>\n<meta property=\"og:title\" content=\"Bestattungsurne Encr\u00e9e F\u00fcr Katze: Schwarz &ndash; Urns Paradise\" \/>\n<meta property=\"og:description\" content=\"\ud83d\udc08 Die Urne Encr\u00e9e wird das Mittel sein, um eine ewige Erinnerung an Ihr Katze ein Leben lang zu bewahren. \u26b1 Eine hochwertige Urne wird mit aluminium. Jede Urne ist einzigartig in ihrem Design und Herstellung, handgefertigt von erfahrenen Handwerkern. \ud83d\ude38 Diese katzenf\u00f6rmige Urne steht f\u00fcr eine stehende Katze. \u2705 Diese Urne hat eine \u00d6ffnung &hellip; Read More &quot;Bestattungsurne Encr\u00e9e F\u00fcr Katze: Schwarz&quot;\" \/>\n<meta property=\"og:url\" content=\"https:\/\/urnsparadise.com\/de\/product\/bestattungsurne-encree-katze\/\" \/>\n<meta property=\"og:site_name\" content=\"Urns Paradise\" \/>\n<meta property=\"article:modified_time\" content=\"2021-05-26T08:15:16+00:00\" \/>\n<meta property=\"og:image\" content=\"https:\/\/urnsparadise.com\/wp-content\/uploads\/2021\/05\/Urne-encree-948x1024.png\" \/>\n\t<meta property=\"og:image:width\" content=\"948\" \/>\n\t<meta property=\"og:image:height\" content=\"1024\" \/>\n\t<meta property=\"og:image:type\" content=\"image\/png\" \/>\n<meta name=\"twitter:card\" content=\"summary_large_image\" \/>\n<meta name=\"twitter:label1\" content=\"Gesch\u00e4tzte Lesezeit\" \/>\n\t<meta name=\"twitter:data1\" content=\"1\u00a0Minute\" \/>\n<script type=\"application\/ld+json\" class=\"yoast-schema-graph\">{\"@context\":\"https:\/\/schema.org\",\"@graph\":[{\"@type\":\"Organization\",\"@id\":\"https:\/\/urnsparadise.com\/#organization\",\"name\":\"Urns Paradise\",\"url\":\"https:\/\/urnsparadise.com\/\",\"sameAs\":[],\"logo\":{\"@type\":\"ImageObject\",\"inLanguage\":\"de\",\"@id\":\"https:\/\/urnsparadise.com\/#\/schema\/logo\/image\/\",\"url\":\"https:\/\/urnsparadise.com\/wp-content\/uploads\/2021\/03\/cropped-logo_final_urns_paradise_couleur_vertical.png\",\"contentUrl\":\"https:\/\/urnsparadise.com\/wp-content\/uploads\/2021\/03\/cropped-logo_final_urns_paradise_couleur_vertical.png\",\"width\":512,\"height\":512,\"caption\":\"Urns Paradise\"},\"image\":{\"@id\":\"https:\/\/urnsparadise.com\/#\/schema\/logo\/image\/\"}},{\"@type\":\"WebSite\",\"@id\":\"https:\/\/urnsparadise.com\/#website\",\"url\":\"https:\/\/urnsparadise.com\/\",\"name\":\"Urns Paradise\",\"description\":\"\",\"publisher\":{\"@id\":\"https:\/\/urnsparadise.com\/#organization\"},\"potentialAction\":[{\"@type\":\"SearchAction\",\"target\":{\"@type\":\"EntryPoint\",\"urlTemplate\":\"https:\/\/urnsparadise.com\/?s={search_term_string}\"},\"query-input\":\"required name=search_term_string\"}],\"inLanguage\":\"de\"},{\"@type\":\"WebPage\",\"@id\":\"https:\/\/urnsparadise.com\/de\/product\/bestattungsurne-encree-katze\/\",\"url\":\"https:\/\/urnsparadise.com\/de\/product\/bestattungsurne-encree-katze\/\",\"name\":\"Bestattungsurne Encr\u00e9e F\u00fcr Katze: Schwarz &ndash; Urns Paradise\",\"isPartOf\":{\"@id\":\"https:\/\/urnsparadise.com\/#website\"},\"datePublished\":\"2021-05-26T07:46:33+00:00\",\"dateModified\":\"2021-05-26T08:15:16+00:00\",\"breadcrumb\":{\"@id\":\"https:\/\/urnsparadise.com\/de\/product\/bestattungsurne-encree-katze\/#breadcrumb\"},\"inLanguage\":\"de\",\"potentialAction\":[{\"@type\":\"ReadAction\",\"target\":[\"https:\/\/urnsparadise.com\/de\/product\/bestattungsurne-encree-katze\/\"]}]},{\"@type\":\"BreadcrumbList\",\"@id\":\"https:\/\/urnsparadise.com\/de\/product\/bestattungsurne-encree-katze\/#breadcrumb\",\"itemListElement\":[{\"@type\":\"ListItem\",\"position\":1,\"name\":\"Accueil\",\"item\":\"https:\/\/urnsparadise.com\/de\/\"},{\"@type\":\"ListItem\",\"position\":2,\"name\":\"Laden\",\"item\":\"https:\/\/urnsparadise.com\/de\/laden\/\"},{\"@type\":\"ListItem\",\"position\":3,\"name\":\"Bestattungsurne Encr\u00e9e F\u00fcr Katze: Schwarz\"}]}]}<\/script>\n<!-- \/ Yoast SEO plugin. -->","yoast_head_json":{"title":"Bestattungsurne Encr\u00e9e F\u00fcr Katze: Schwarz &ndash; Urns Paradise","robots":{"index":"index","follow":"follow","max-snippet":"max-snippet:-1","max-image-preview":"max-image-preview:large","max-video-preview":"max-video-preview:-1"},"canonical":"https:\/\/urnsparadise.com\/de\/product\/bestattungsurne-encree-katze\/","og_locale":"de_DE","og_type":"article","og_title":"Bestattungsurne Encr\u00e9e F\u00fcr Katze: Schwarz &ndash; Urns Paradise","og_description":"\ud83d\udc08 Die Urne Encr\u00e9e wird das Mittel sein, um eine ewige Erinnerung an Ihr Katze ein Leben lang zu bewahren. \u26b1 Eine hochwertige Urne wird mit aluminium. Jede Urne ist einzigartig in ihrem Design und Herstellung, handgefertigt von erfahrenen Handwerkern. \ud83d\ude38 Diese katzenf\u00f6rmige Urne steht f\u00fcr eine stehende Katze. \u2705 Diese Urne hat eine \u00d6ffnung &hellip; Read More \"Bestattungsurne Encr\u00e9e F\u00fcr Katze: Schwarz\"","og_url":"https:\/\/urnsparadise.com\/de\/product\/bestattungsurne-encree-katze\/","og_site_name":"Urns Paradise","article_modified_time":"2021-05-26T08:15:16+00:00","og_image":[{"width":948,"height":1024,"url":"https:\/\/urnsparadise.com\/wp-content\/uploads\/2021\/05\/Urne-encree-948x1024.png","type":"image\/png"}],"twitter_card":"summary_large_image","twitter_misc":{"Gesch\u00e4tzte Lesezeit":"1\u00a0Minute"},"schema":{"@context":"https:\/\/schema.org","@graph":[{"@type":"Organization","@id":"https:\/\/urnsparadise.com\/#organization","name":"Urns Paradise","url":"https:\/\/urnsparadise.com\/","sameAs":[],"logo":{"@type":"ImageObject","inLanguage":"de","@id":"https:\/\/urnsparadise.com\/#\/schema\/logo\/image\/","url":"https:\/\/urnsparadise.com\/wp-content\/uploads\/2021\/03\/cropped-logo_final_urns_paradise_couleur_vertical.png","contentUrl":"https:\/\/urnsparadise.com\/wp-content\/uploads\/2021\/03\/cropped-logo_final_urns_paradise_couleur_vertical.png","width":512,"height":512,"caption":"Urns Paradise"},"image":{"@id":"https:\/\/urnsparadise.com\/#\/schema\/logo\/image\/"}},{"@type":"WebSite","@id":"https:\/\/urnsparadise.com\/#website","url":"https:\/\/urnsparadise.com\/","name":"Urns Paradise","description":"","publisher":{"@id":"https:\/\/urnsparadise.com\/#organization"},"potentialAction":[{"@type":"SearchAction","target":{"@type":"EntryPoint","urlTemplate":"https:\/\/urnsparadise.com\/?s={search_term_string}"},"query-input":"required name=search_term_string"}],"inLanguage":"de"},{"@type":"WebPage","@id":"https:\/\/urnsparadise.com\/de\/product\/bestattungsurne-encree-katze\/","url":"https:\/\/urnsparadise.com\/de\/product\/bestattungsurne-encree-katze\/","name":"Bestattungsurne Encr\u00e9e F\u00fcr Katze: Schwarz &ndash; Urns Paradise","isPartOf":{"@id":"https:\/\/urnsparadise.com\/#website"},"datePublished":"2021-05-26T07:46:33+00:00","dateModified":"2021-05-26T08:15:16+00:00","breadcrumb":{"@id":"https:\/\/urnsparadise.com\/de\/product\/bestattungsurne-encree-katze\/#breadcrumb"},"inLanguage":"de","potentialAction":[{"@type":"ReadAction","target":["https:\/\/urnsparadise.com\/de\/product\/bestattungsurne-encree-katze\/"]}]},{"@type":"BreadcrumbList","@id":"https:\/\/urnsparadise.com\/de\/product\/bestattungsurne-encree-katze\/#breadcrumb","itemListElement":[{"@type":"ListItem","position":1,"name":"Accueil","item":"https:\/\/urnsparadise.com\/de\/"},{"@type":"ListItem","position":2,"name":"Laden","item":"https:\/\/urnsparadise.com\/de\/laden\/"},{"@type":"ListItem","position":3,"name":"Bestattungsurne Encr\u00e9e F\u00fcr Katze: Schwarz"}]}]}},"_links":{"self":[{"href":"https:\/\/urnsparadise.com\/de\/wp-json\/wp\/v2\/product\/10416"}],"collection":[{"href":"https:\/\/urnsparadise.com\/de\/wp-json\/wp\/v2\/product"}],"about":[{"href":"https:\/\/urnsparadise.com\/de\/wp-json\/wp\/v2\/types\/product"}],"replies":[{"embeddable":true,"href":"https:\/\/urnsparadise.com\/de\/wp-json\/wp\/v2\/comments?post=10416"}],"version-history":[{"count":1,"href":"https:\/\/urnsparadise.com\/de\/wp-json\/wp\/v2\/product\/10416\/revisions"}],"predecessor-version":[{"id":10430,"href":"https:\/\/urnsparadise.com\/de\/wp-json\/wp\/v2\/product\/10416\/revisions\/10430"}],"wp:featuredmedia":[{"embeddable":true,"href":"https:\/\/urnsparadise.com\/de\/wp-json\/wp\/v2\/media\/9354"}],"wp:attachment":[{"href":"https:\/\/urnsparadise.com\/de\/wp-json\/wp\/v2\/media?parent=10416"}],"wp:term":[{"taxonomy":"product_cat","embeddable":true,"href":"https:\/\/urnsparadise.com\/de\/wp-json\/wp\/v2\/product_cat?post=10416"},{"taxonomy":"product_tag","embeddable":true,"href":"https:\/\/urnsparadise.com\/de\/wp-json\/wp\/v2\/product_tag?post=10416"}],"curies":[{"name":"wp","href":"https:\/\/api.w.org\/{rel}","templated":true}]}}