{"id":12397,"date":"2021-12-16T16:20:17","date_gmt":"2021-12-16T15:20:18","guid":{"rendered":"https:\/\/urnsparadise.com\/?post_type=product&#038;p=12397"},"modified":"2021-12-17T14:38:04","modified_gmt":"2021-12-17T13:38:04","slug":"bestattungsurne-solaris-aus-limoges-porzellan","status":"publish","type":"product","link":"https:\/\/urnsparadise.com\/de\/produkt\/bestattungsurne-solaris-aus-limoges-porzellan\/","title":{"rendered":"Bestattungsurne Solaris Aus Limoges-Porzellan: Wei\u00df Und Schwarz"},"content":{"rendered":"<p><span style=\"font-weight: 400;\">\ud83d\udc49 Die <\/span>Solaris-<span style=\"font-weight: 400;\">Urne<\/span><span style=\"font-weight: 400;\">\u00a0<\/span><span style=\"font-weight: 400;\">von hoher Qualit\u00e4t ist in Limoges-Porzellan.<\/span><span style=\"font-weight: 400;\">\u00a0<\/span><span style=\"font-weight: 400;\">Jede Urne ist einzigartig in ihrem Design und Herstellung, handgefertigt von erfahrenen Handwerkern.<\/span><\/p>\n<p><span style=\"font-weight: 400;\">\u26b1 Diese Urne hat einen Deckel aus geh\u00e4mmertem Stahl in Silber. \u00c4sthetisch, zeitgen\u00f6ssisch, n\u00fcchtern und respektvoll gegen\u00fcber Bestattungsvorschriften. Es wird von einem Medaillon als Souvenir begleitet und in einer hochwertigen schwarzen Samtbox \u200b\u200bgeliefert.<br \/>\n<\/span><\/p>\n<p>\u2705 <span style=\"font-weight: 400;\">Diese Urne hat oben eine \u00d6ffnung zur, um die Asche einzulegen.<\/span><\/p>\n<p>\ud83d\udc49 Diese Urne wird in DUO geliefert, ohne eine H\u00f6he von 290 mm zu \u00fcberschreiten. (Einzeln verkauft)<\/p>\n","protected":false},"excerpt":{"rendered":"<p>\ud83d\udc49 Die Solaris-Urne\u00a0von hoher Qualit\u00e4t ist in Limoges-Porzellan.\u00a0Jede Urne ist einzigartig in ihrem Design und Herstellung, handgefertigt von erfahrenen Handwerkern. \u26b1 Diese Urne hat einen Deckel aus geh\u00e4mmertem Stahl in Silber. \u00c4sthetisch, zeitgen\u00f6ssisch, n\u00fcchtern und respektvoll gegen\u00fcber Bestattungsvorschriften. Es wird von einem Medaillon als Souvenir begleitet und in einer hochwertigen schwarzen Samtbox \u200b\u200bgeliefert. \u2705 Diese &hellip; <\/p>\n<p class=\"link-more\"><a href=\"https:\/\/urnsparadise.com\/de\/produkt\/bestattungsurne-solaris-aus-limoges-porzellan\/\" class=\"more-link\">Read More <span class=\"screen-reader-text\"> &#8222;Bestattungsurne Solaris Aus Limoges-Porzellan: Wei\u00df Und Schwarz&#8220;<\/span><\/a><\/p>\n","protected":false},"featured_media":12594,"comment_status":"open","ping_status":"closed","template":"","meta":{"_mi_skip_tracking":false,"_monsterinsights_sitenote_active":false,"_monsterinsights_sitenote_note":"","_monsterinsights_sitenote_category":0},"product_cat":[359,361,156,154],"product_tag":[],"yoast_head":"<!-- This site is optimized with the Yoast SEO plugin v19.4 - https:\/\/yoast.com\/wordpress\/plugins\/seo\/ -->\n<title>Bestattungsurne Solaris Aus Limoges-Porzellan: Wei\u00df Und Schwarz &ndash; Urns Paradise<\/title>\n<meta name=\"robots\" content=\"index, follow, max-snippet:-1, max-image-preview:large, max-video-preview:-1\" \/>\n<link rel=\"canonical\" href=\"https:\/\/urnsparadise.com\/de\/product\/bestattungsurne-solaris-aus-limoges-porzellan\/\" \/>\n<meta property=\"og:locale\" content=\"de_DE\" \/>\n<meta property=\"og:type\" content=\"article\" \/>\n<meta property=\"og:title\" content=\"Bestattungsurne Solaris Aus Limoges-Porzellan: Wei\u00df Und Schwarz &ndash; Urns Paradise\" \/>\n<meta property=\"og:description\" content=\"\ud83d\udc49 Die Solaris-Urne\u00a0von hoher Qualit\u00e4t ist in Limoges-Porzellan.\u00a0Jede Urne ist einzigartig in ihrem Design und Herstellung, handgefertigt von erfahrenen Handwerkern. \u26b1 Diese Urne hat einen Deckel aus geh\u00e4mmertem Stahl in Silber. \u00c4sthetisch, zeitgen\u00f6ssisch, n\u00fcchtern und respektvoll gegen\u00fcber Bestattungsvorschriften. Es wird von einem Medaillon als Souvenir begleitet und in einer hochwertigen schwarzen Samtbox \u200b\u200bgeliefert. \u2705 Diese &hellip; Read More &quot;Bestattungsurne Solaris Aus Limoges-Porzellan: Wei\u00df Und Schwarz&quot;\" \/>\n<meta property=\"og:url\" content=\"https:\/\/urnsparadise.com\/de\/product\/bestattungsurne-solaris-aus-limoges-porzellan\/\" \/>\n<meta property=\"og:site_name\" content=\"Urns Paradise\" \/>\n<meta property=\"article:modified_time\" content=\"2021-12-17T13:38:04+00:00\" \/>\n<meta property=\"og:image\" content=\"https:\/\/urnsparadise.com\/wp-content\/uploads\/2021\/12\/5024-copie-1024x1024.png\" \/>\n\t<meta property=\"og:image:width\" content=\"1024\" \/>\n\t<meta property=\"og:image:height\" content=\"1024\" \/>\n\t<meta property=\"og:image:type\" content=\"image\/png\" \/>\n<meta name=\"twitter:card\" content=\"summary_large_image\" \/>\n<meta name=\"twitter:label1\" content=\"Gesch\u00e4tzte Lesezeit\" \/>\n\t<meta name=\"twitter:data1\" content=\"1\u00a0Minute\" \/>\n<script type=\"application\/ld+json\" class=\"yoast-schema-graph\">{\"@context\":\"https:\/\/schema.org\",\"@graph\":[{\"@type\":\"Organization\",\"@id\":\"https:\/\/urnsparadise.com\/#organization\",\"name\":\"Urns Paradise\",\"url\":\"https:\/\/urnsparadise.com\/\",\"sameAs\":[],\"logo\":{\"@type\":\"ImageObject\",\"inLanguage\":\"de\",\"@id\":\"https:\/\/urnsparadise.com\/#\/schema\/logo\/image\/\",\"url\":\"https:\/\/urnsparadise.com\/wp-content\/uploads\/2021\/03\/cropped-logo_final_urns_paradise_couleur_vertical.png\",\"contentUrl\":\"https:\/\/urnsparadise.com\/wp-content\/uploads\/2021\/03\/cropped-logo_final_urns_paradise_couleur_vertical.png\",\"width\":512,\"height\":512,\"caption\":\"Urns Paradise\"},\"image\":{\"@id\":\"https:\/\/urnsparadise.com\/#\/schema\/logo\/image\/\"}},{\"@type\":\"WebSite\",\"@id\":\"https:\/\/urnsparadise.com\/#website\",\"url\":\"https:\/\/urnsparadise.com\/\",\"name\":\"Urns Paradise\",\"description\":\"\",\"publisher\":{\"@id\":\"https:\/\/urnsparadise.com\/#organization\"},\"potentialAction\":[{\"@type\":\"SearchAction\",\"target\":{\"@type\":\"EntryPoint\",\"urlTemplate\":\"https:\/\/urnsparadise.com\/?s={search_term_string}\"},\"query-input\":\"required name=search_term_string\"}],\"inLanguage\":\"de\"},{\"@type\":\"WebPage\",\"@id\":\"https:\/\/urnsparadise.com\/de\/product\/bestattungsurne-solaris-aus-limoges-porzellan\/\",\"url\":\"https:\/\/urnsparadise.com\/de\/product\/bestattungsurne-solaris-aus-limoges-porzellan\/\",\"name\":\"Bestattungsurne Solaris Aus Limoges-Porzellan: Wei\u00df Und Schwarz &ndash; Urns Paradise\",\"isPartOf\":{\"@id\":\"https:\/\/urnsparadise.com\/#website\"},\"datePublished\":\"2021-12-16T15:20:18+00:00\",\"dateModified\":\"2021-12-17T13:38:04+00:00\",\"breadcrumb\":{\"@id\":\"https:\/\/urnsparadise.com\/de\/product\/bestattungsurne-solaris-aus-limoges-porzellan\/#breadcrumb\"},\"inLanguage\":\"de\",\"potentialAction\":[{\"@type\":\"ReadAction\",\"target\":[\"https:\/\/urnsparadise.com\/de\/product\/bestattungsurne-solaris-aus-limoges-porzellan\/\"]}]},{\"@type\":\"BreadcrumbList\",\"@id\":\"https:\/\/urnsparadise.com\/de\/product\/bestattungsurne-solaris-aus-limoges-porzellan\/#breadcrumb\",\"itemListElement\":[{\"@type\":\"ListItem\",\"position\":1,\"name\":\"Accueil\",\"item\":\"https:\/\/urnsparadise.com\/de\/\"},{\"@type\":\"ListItem\",\"position\":2,\"name\":\"Laden\",\"item\":\"https:\/\/urnsparadise.com\/de\/laden\/\"},{\"@type\":\"ListItem\",\"position\":3,\"name\":\"Bestattungsurne Solaris Aus Limoges-Porzellan: Wei\u00df Und Schwarz\"}]}]}<\/script>\n<!-- \/ Yoast SEO plugin. -->","yoast_head_json":{"title":"Bestattungsurne Solaris Aus Limoges-Porzellan: Wei\u00df Und Schwarz &ndash; Urns Paradise","robots":{"index":"index","follow":"follow","max-snippet":"max-snippet:-1","max-image-preview":"max-image-preview:large","max-video-preview":"max-video-preview:-1"},"canonical":"https:\/\/urnsparadise.com\/de\/product\/bestattungsurne-solaris-aus-limoges-porzellan\/","og_locale":"de_DE","og_type":"article","og_title":"Bestattungsurne Solaris Aus Limoges-Porzellan: Wei\u00df Und Schwarz &ndash; Urns Paradise","og_description":"\ud83d\udc49 Die Solaris-Urne\u00a0von hoher Qualit\u00e4t ist in Limoges-Porzellan.\u00a0Jede Urne ist einzigartig in ihrem Design und Herstellung, handgefertigt von erfahrenen Handwerkern. \u26b1 Diese Urne hat einen Deckel aus geh\u00e4mmertem Stahl in Silber. \u00c4sthetisch, zeitgen\u00f6ssisch, n\u00fcchtern und respektvoll gegen\u00fcber Bestattungsvorschriften. Es wird von einem Medaillon als Souvenir begleitet und in einer hochwertigen schwarzen Samtbox \u200b\u200bgeliefert. \u2705 Diese &hellip; Read More \"Bestattungsurne Solaris Aus Limoges-Porzellan: Wei\u00df Und Schwarz\"","og_url":"https:\/\/urnsparadise.com\/de\/product\/bestattungsurne-solaris-aus-limoges-porzellan\/","og_site_name":"Urns Paradise","article_modified_time":"2021-12-17T13:38:04+00:00","og_image":[{"width":1024,"height":1024,"url":"https:\/\/urnsparadise.com\/wp-content\/uploads\/2021\/12\/5024-copie-1024x1024.png","type":"image\/png"}],"twitter_card":"summary_large_image","twitter_misc":{"Gesch\u00e4tzte Lesezeit":"1\u00a0Minute"},"schema":{"@context":"https:\/\/schema.org","@graph":[{"@type":"Organization","@id":"https:\/\/urnsparadise.com\/#organization","name":"Urns Paradise","url":"https:\/\/urnsparadise.com\/","sameAs":[],"logo":{"@type":"ImageObject","inLanguage":"de","@id":"https:\/\/urnsparadise.com\/#\/schema\/logo\/image\/","url":"https:\/\/urnsparadise.com\/wp-content\/uploads\/2021\/03\/cropped-logo_final_urns_paradise_couleur_vertical.png","contentUrl":"https:\/\/urnsparadise.com\/wp-content\/uploads\/2021\/03\/cropped-logo_final_urns_paradise_couleur_vertical.png","width":512,"height":512,"caption":"Urns Paradise"},"image":{"@id":"https:\/\/urnsparadise.com\/#\/schema\/logo\/image\/"}},{"@type":"WebSite","@id":"https:\/\/urnsparadise.com\/#website","url":"https:\/\/urnsparadise.com\/","name":"Urns Paradise","description":"","publisher":{"@id":"https:\/\/urnsparadise.com\/#organization"},"potentialAction":[{"@type":"SearchAction","target":{"@type":"EntryPoint","urlTemplate":"https:\/\/urnsparadise.com\/?s={search_term_string}"},"query-input":"required name=search_term_string"}],"inLanguage":"de"},{"@type":"WebPage","@id":"https:\/\/urnsparadise.com\/de\/product\/bestattungsurne-solaris-aus-limoges-porzellan\/","url":"https:\/\/urnsparadise.com\/de\/product\/bestattungsurne-solaris-aus-limoges-porzellan\/","name":"Bestattungsurne Solaris Aus Limoges-Porzellan: Wei\u00df Und Schwarz &ndash; Urns Paradise","isPartOf":{"@id":"https:\/\/urnsparadise.com\/#website"},"datePublished":"2021-12-16T15:20:18+00:00","dateModified":"2021-12-17T13:38:04+00:00","breadcrumb":{"@id":"https:\/\/urnsparadise.com\/de\/product\/bestattungsurne-solaris-aus-limoges-porzellan\/#breadcrumb"},"inLanguage":"de","potentialAction":[{"@type":"ReadAction","target":["https:\/\/urnsparadise.com\/de\/product\/bestattungsurne-solaris-aus-limoges-porzellan\/"]}]},{"@type":"BreadcrumbList","@id":"https:\/\/urnsparadise.com\/de\/product\/bestattungsurne-solaris-aus-limoges-porzellan\/#breadcrumb","itemListElement":[{"@type":"ListItem","position":1,"name":"Accueil","item":"https:\/\/urnsparadise.com\/de\/"},{"@type":"ListItem","position":2,"name":"Laden","item":"https:\/\/urnsparadise.com\/de\/laden\/"},{"@type":"ListItem","position":3,"name":"Bestattungsurne Solaris Aus Limoges-Porzellan: Wei\u00df Und Schwarz"}]}]}},"_links":{"self":[{"href":"https:\/\/urnsparadise.com\/de\/wp-json\/wp\/v2\/product\/12397"}],"collection":[{"href":"https:\/\/urnsparadise.com\/de\/wp-json\/wp\/v2\/product"}],"about":[{"href":"https:\/\/urnsparadise.com\/de\/wp-json\/wp\/v2\/types\/product"}],"replies":[{"embeddable":true,"href":"https:\/\/urnsparadise.com\/de\/wp-json\/wp\/v2\/comments?post=12397"}],"version-history":[{"count":3,"href":"https:\/\/urnsparadise.com\/de\/wp-json\/wp\/v2\/product\/12397\/revisions"}],"predecessor-version":[{"id":12650,"href":"https:\/\/urnsparadise.com\/de\/wp-json\/wp\/v2\/product\/12397\/revisions\/12650"}],"wp:featuredmedia":[{"embeddable":true,"href":"https:\/\/urnsparadise.com\/de\/wp-json\/wp\/v2\/media\/12594"}],"wp:attachment":[{"href":"https:\/\/urnsparadise.com\/de\/wp-json\/wp\/v2\/media?parent=12397"}],"wp:term":[{"taxonomy":"product_cat","embeddable":true,"href":"https:\/\/urnsparadise.com\/de\/wp-json\/wp\/v2\/product_cat?post=12397"},{"taxonomy":"product_tag","embeddable":true,"href":"https:\/\/urnsparadise.com\/de\/wp-json\/wp\/v2\/product_tag?post=12397"}],"curies":[{"name":"wp","href":"https:\/\/api.w.org\/{rel}","templated":true}]}}