{"id":5623,"date":"2018-10-16T03:57:56","date_gmt":"2018-10-16T01:57:56","guid":{"rendered":"https:\/\/urnsparadise.com\/product\/urne-biodegradable-bios-pets\/"},"modified":"2021-03-22T09:55:35","modified_gmt":"2021-03-22T08:55:35","slug":"bios-pets-biologisch-abbaubare-urne","status":"publish","type":"product","link":"https:\/\/urnsparadise.com\/de\/produkt\/bios-pets-biologisch-abbaubare-urne\/","title":{"rendered":"Bios Pets Biologisch Abbaubare Urne"},"content":{"rendered":"<h4>1 F\u00fcllen Sie die untere Kapsel mit der Asche Ihres Haustieres.<\/h4>\n<p><img loading=\"lazy\" class=\"aligncenter wp-image-6759 size-medium\" src=\"https:\/\/auparadisdeschats.fr\/wp-content\/uploads\/2020\/06\/Screenshot_2020-06-26-Urne-Bios-Pets-Urne-Bios-300x298.png\" sizes=\"(max-width: 300px) 100vw, 300px\" srcset=\"https:\/\/auparadisdeschats.fr\/wp-content\/uploads\/2020\/06\/Screenshot_2020-06-26-Urne-Bios-Pets-Urne-Bios-300x298.png 300w, https:\/\/auparadisdeschats.fr\/wp-content\/uploads\/2020\/06\/Screenshot_2020-06-26-Urne-Bios-Pets-Urne-Bios-150x150.png 150w, https:\/\/auparadisdeschats.fr\/wp-content\/uploads\/2020\/06\/Screenshot_2020-06-26-Urne-Bios-Pets-Urne-Bios-100x100.png 100w, https:\/\/auparadisdeschats.fr\/wp-content\/uploads\/2020\/06\/Screenshot_2020-06-26-Urne-Bios-Pets-Urne-Bios.png 544w\" alt=\"\" width=\"300\" height=\"298\" \/><\/p>\n<h4>2 Mischen Sie die Komponenten mit dem Samen Ihrer Wahl in der oberen Kapsel.<\/h4>\n<p><img loading=\"lazy\" class=\"aligncenter\" src=\"https:\/\/urnabios.com\/wp-content\/themes\/biosurn\/images\/bios_how_to_2.png\" alt=\"\" width=\"280\" height=\"235\" \/><\/p>\n<h4>3 Schlie\u00dfen Sie die Urne und pflanzen Sie sie 3 bis 4 cm \u00fcber der Bodenoberfl\u00e4che.<\/h4>\n<p><img loading=\"lazy\" class=\"aligncenter\" src=\"https:\/\/urnabios.com\/wp-content\/themes\/biosurn\/images\/bios_how_to_3.png\" alt=\"\" width=\"259\" height=\"226\" \/><\/p>\n<h4>4 Die Urne und Asche von Bios Pets verschmelzen mit der Natur, wenn der Baum w\u00e4chst.<br \/>\n<img loading=\"lazy\" class=\"aligncenter\" src=\"https:\/\/urnabios.com\/wp-content\/themes\/biosurn\/images\/bios_how_to_4.png\" alt=\"\" width=\"199\" height=\"227\" \/><\/h4>\n<p><strong>Ma\u00dfe:<\/strong><\/p>\n<p>L\u00e4nge: 8 cm<br \/>\nH\u00f6he: 16cm<br \/>\nBreite: 8 cm<br \/>\nGewicht: 430 gr<\/p>\n<p><strong>Fassungsverm\u00f6gen: 1,25 Liter, d. H. Ein maximales Gewicht von 20 kg.<\/strong><\/p>\n<p><strong>Was ist in der Box ?<\/strong><\/p>\n<p>\u25cf Eine Bios Pets\u00ae Urne<br \/>\n\u25cf Verpackung mit Anleitung<br \/>\n\u25cf Eine Bodenausdehnungsscheibe<\/p>\n<p>Die Bios\u00ae-Urne enth\u00e4lt keine Samen, um die Auswahl jeder Person zu erleichtern<br \/>\nRespektiere das \u00d6kosystem jedes Ortes.<\/p>\n<h2>W\u00e4hlen Sie den richtigen Baum<\/h2>\n<p>Die Bios\u00ae Urne kann mit jeder Art von Samen, Schnitt oder Jungtrieb verwendet werden!<\/p>\n<p>Einige Leute w\u00e4hlen einen Baum, w\u00e4hrend andere eine Pflanze oder einen Strauch bevorzugen. Die endg\u00fcltige Entscheidung liegt bei Ihnen. Bevor Sie sich jedoch f\u00fcr einen Baum entscheiden, m\u00fcssen Sie die folgenden Fragen ber\u00fccksichtigen:<\/p>\n<p>&#8211; Wird die Plantage drau\u00dfen oder drinnen sein?<br \/>\nWenn es drinnen ist, ist es auf unbestimmte Zeit oder ist eine Transplantation sp\u00e4ter geplant? Wenn in \u00dcbersee, wo wird gepflanzt?<\/p>\n<p><strong>&#8211; Haben Sie eine Vorliebe f\u00fcr einen bestimmten Baumtyp?<\/strong><\/p>\n<p>Ein Obstbaum, ein bl\u00fchender Baum oder ein Strauch zum Beispiel?<br \/>\nWenn ja welche?<\/p>\n<p>Manchmal hat der gew\u00e4hlte Baum einen emotionalen Wert. F\u00fcr andere werden Obst- oder Baumn\u00fcsse bevorzugt. Unabh\u00e4ngig davon, f\u00fcr welche Baumart Sie sich entscheiden, ist die Entscheidung f\u00fcr einen Baum, der eine emotionale Bindung erzeugt, auch eine gro\u00dfartige M\u00f6glichkeit, Ihr Haustier zu ehren.<\/p>\n<p><strong>Samen, Schneiden oder Jungtrieb?<\/strong><\/p>\n<p>Sobald Sie sich f\u00fcr die Art des Baumes, Strauchs oder der Pflanze entschieden haben, ist es Zeit zu entscheiden, ob Sie lieber Samen oder Stecklinge verwenden m\u00f6chten! Die Samen sind sehr leicht zu finden und k\u00f6nnen normalerweise online bei Lieferanten gekauft werden. Eine Packung Saatgut kostet durchschnittlich rund 10 Euro. In der Regel haben Saatgutlieferanten die gesetzliche Erlaubnis, Saatgut nach \u00dcbersee zu verkaufen und zu versenden. Im Gegensatz dazu m\u00fcssen Stecklinge von einem Unternehmen innerhalb des Landes oder von derselben Wirtschaftsgemeinschaft im Fall von Europa gekauft werden. Die Mindestkosten f\u00fcr einen Schnitt liegen bei 25 \u20ac. Gelegentlich finden Sie Angebote f\u00fcr Samen oder Stecklinge in Gartencentern, Baumschulen oder einem Floristen.<\/p>\n<p>Wenn Sie Samen w\u00e4hlen, ist es wahrscheinlich, dass vor der Verwendung eine Vorbehandlung erforderlich ist. Die Behandlung variiert je nach Art und dauert normalerweise zwischen 1 und 6 Wochen.<\/p>\n<p>Wenn Sie einen Schnitt verwenden, sollte dieser sofort nach der Erfassung gepflanzt werden und \u00fcber der BIOS-Urne platziert werden<\/p>\n","protected":false},"excerpt":{"rendered":"<p>\u2705 Kostenlose Lieferung innerhalb von 10 Werktagen.<\/p>\n<p>Die erste biologisch abbaubare Urne, die Ihren treuen Begleiter im Jenseits in einen Baum verwandeln soll.<\/p>\n<p>Die Urne wurde speziell f\u00fcr die Samen oder Triebe Ihrer Wahl entwickelt und l\u00e4sst dank ihrer zwei unabh\u00e4ngigen Kapseln einen Baum als Erinnerung an eine Person wachsen.<\/p>\n","protected":false},"featured_media":5487,"comment_status":"open","ping_status":"closed","template":"","meta":{"_mi_skip_tracking":false,"_monsterinsights_sitenote_active":false,"_monsterinsights_sitenote_note":"","_monsterinsights_sitenote_category":0},"product_cat":[145,152,148,160],"product_tag":[],"yoast_head":"<!-- This site is optimized with the Yoast SEO plugin v19.4 - https:\/\/yoast.com\/wordpress\/plugins\/seo\/ -->\n<title>Bios Pets Biologisch Abbaubare Urne &ndash; Urns Paradise<\/title>\n<meta name=\"robots\" content=\"index, follow, max-snippet:-1, max-image-preview:large, max-video-preview:-1\" \/>\n<link rel=\"canonical\" href=\"https:\/\/urnsparadise.com\/de\/product\/bios-pets-biologisch-abbaubare-urne\/\" \/>\n<meta property=\"og:locale\" content=\"de_DE\" \/>\n<meta property=\"og:type\" content=\"article\" \/>\n<meta property=\"og:title\" content=\"Bios Pets Biologisch Abbaubare Urne &ndash; Urns Paradise\" \/>\n<meta property=\"og:description\" content=\"\u2705 Kostenlose Lieferung innerhalb von 10 Werktagen.  Die erste biologisch abbaubare Urne, die Ihren treuen Begleiter im Jenseits in einen Baum verwandeln soll.  Die Urne wurde speziell f\u00fcr die Samen oder Triebe Ihrer Wahl entwickelt und l\u00e4sst dank ihrer zwei unabh\u00e4ngigen Kapseln einen Baum als Erinnerung an eine Person wachsen.\" \/>\n<meta property=\"og:url\" content=\"https:\/\/urnsparadise.com\/de\/product\/bios-pets-biologisch-abbaubare-urne\/\" \/>\n<meta property=\"og:site_name\" content=\"Urns Paradise\" \/>\n<meta property=\"article:modified_time\" content=\"2021-03-22T08:55:35+00:00\" \/>\n<meta property=\"og:image\" content=\"https:\/\/urnsparadise.com\/wp-content\/uploads\/2018\/10\/biospets_packaging.png\" \/>\n\t<meta property=\"og:image:width\" content=\"600\" \/>\n\t<meta property=\"og:image:height\" content=\"482\" \/>\n\t<meta property=\"og:image:type\" content=\"image\/png\" \/>\n<meta name=\"twitter:card\" content=\"summary_large_image\" \/>\n<meta name=\"twitter:label1\" content=\"Gesch\u00e4tzte Lesezeit\" \/>\n\t<meta name=\"twitter:data1\" content=\"2\u00a0Minuten\" \/>\n<script type=\"application\/ld+json\" class=\"yoast-schema-graph\">{\"@context\":\"https:\/\/schema.org\",\"@graph\":[{\"@type\":\"Organization\",\"@id\":\"https:\/\/urnsparadise.com\/#organization\",\"name\":\"Urns Paradise\",\"url\":\"https:\/\/urnsparadise.com\/\",\"sameAs\":[],\"logo\":{\"@type\":\"ImageObject\",\"inLanguage\":\"de\",\"@id\":\"https:\/\/urnsparadise.com\/#\/schema\/logo\/image\/\",\"url\":\"https:\/\/urnsparadise.com\/wp-content\/uploads\/2021\/03\/cropped-logo_final_urns_paradise_couleur_vertical.png\",\"contentUrl\":\"https:\/\/urnsparadise.com\/wp-content\/uploads\/2021\/03\/cropped-logo_final_urns_paradise_couleur_vertical.png\",\"width\":512,\"height\":512,\"caption\":\"Urns Paradise\"},\"image\":{\"@id\":\"https:\/\/urnsparadise.com\/#\/schema\/logo\/image\/\"}},{\"@type\":\"WebSite\",\"@id\":\"https:\/\/urnsparadise.com\/#website\",\"url\":\"https:\/\/urnsparadise.com\/\",\"name\":\"Urns Paradise\",\"description\":\"\",\"publisher\":{\"@id\":\"https:\/\/urnsparadise.com\/#organization\"},\"potentialAction\":[{\"@type\":\"SearchAction\",\"target\":{\"@type\":\"EntryPoint\",\"urlTemplate\":\"https:\/\/urnsparadise.com\/?s={search_term_string}\"},\"query-input\":\"required name=search_term_string\"}],\"inLanguage\":\"de\"},{\"@type\":\"WebPage\",\"@id\":\"https:\/\/urnsparadise.com\/de\/product\/bios-pets-biologisch-abbaubare-urne\/\",\"url\":\"https:\/\/urnsparadise.com\/de\/product\/bios-pets-biologisch-abbaubare-urne\/\",\"name\":\"Bios Pets Biologisch Abbaubare Urne &ndash; Urns Paradise\",\"isPartOf\":{\"@id\":\"https:\/\/urnsparadise.com\/#website\"},\"datePublished\":\"2018-10-16T01:57:56+00:00\",\"dateModified\":\"2021-03-22T08:55:35+00:00\",\"breadcrumb\":{\"@id\":\"https:\/\/urnsparadise.com\/de\/product\/bios-pets-biologisch-abbaubare-urne\/#breadcrumb\"},\"inLanguage\":\"de\",\"potentialAction\":[{\"@type\":\"ReadAction\",\"target\":[\"https:\/\/urnsparadise.com\/de\/product\/bios-pets-biologisch-abbaubare-urne\/\"]}]},{\"@type\":\"BreadcrumbList\",\"@id\":\"https:\/\/urnsparadise.com\/de\/product\/bios-pets-biologisch-abbaubare-urne\/#breadcrumb\",\"itemListElement\":[{\"@type\":\"ListItem\",\"position\":1,\"name\":\"Accueil\",\"item\":\"https:\/\/urnsparadise.com\/de\/\"},{\"@type\":\"ListItem\",\"position\":2,\"name\":\"Laden\",\"item\":\"https:\/\/urnsparadise.com\/de\/laden\/\"},{\"@type\":\"ListItem\",\"position\":3,\"name\":\"Bios Pets Biologisch Abbaubare Urne\"}]}]}<\/script>\n<!-- \/ Yoast SEO plugin. -->","yoast_head_json":{"title":"Bios Pets Biologisch Abbaubare Urne &ndash; Urns Paradise","robots":{"index":"index","follow":"follow","max-snippet":"max-snippet:-1","max-image-preview":"max-image-preview:large","max-video-preview":"max-video-preview:-1"},"canonical":"https:\/\/urnsparadise.com\/de\/product\/bios-pets-biologisch-abbaubare-urne\/","og_locale":"de_DE","og_type":"article","og_title":"Bios Pets Biologisch Abbaubare Urne &ndash; Urns Paradise","og_description":"\u2705 Kostenlose Lieferung innerhalb von 10 Werktagen.  Die erste biologisch abbaubare Urne, die Ihren treuen Begleiter im Jenseits in einen Baum verwandeln soll.  Die Urne wurde speziell f\u00fcr die Samen oder Triebe Ihrer Wahl entwickelt und l\u00e4sst dank ihrer zwei unabh\u00e4ngigen Kapseln einen Baum als Erinnerung an eine Person wachsen.","og_url":"https:\/\/urnsparadise.com\/de\/product\/bios-pets-biologisch-abbaubare-urne\/","og_site_name":"Urns Paradise","article_modified_time":"2021-03-22T08:55:35+00:00","og_image":[{"width":600,"height":482,"url":"https:\/\/urnsparadise.com\/wp-content\/uploads\/2018\/10\/biospets_packaging.png","type":"image\/png"}],"twitter_card":"summary_large_image","twitter_misc":{"Gesch\u00e4tzte Lesezeit":"2\u00a0Minuten"},"schema":{"@context":"https:\/\/schema.org","@graph":[{"@type":"Organization","@id":"https:\/\/urnsparadise.com\/#organization","name":"Urns Paradise","url":"https:\/\/urnsparadise.com\/","sameAs":[],"logo":{"@type":"ImageObject","inLanguage":"de","@id":"https:\/\/urnsparadise.com\/#\/schema\/logo\/image\/","url":"https:\/\/urnsparadise.com\/wp-content\/uploads\/2021\/03\/cropped-logo_final_urns_paradise_couleur_vertical.png","contentUrl":"https:\/\/urnsparadise.com\/wp-content\/uploads\/2021\/03\/cropped-logo_final_urns_paradise_couleur_vertical.png","width":512,"height":512,"caption":"Urns Paradise"},"image":{"@id":"https:\/\/urnsparadise.com\/#\/schema\/logo\/image\/"}},{"@type":"WebSite","@id":"https:\/\/urnsparadise.com\/#website","url":"https:\/\/urnsparadise.com\/","name":"Urns Paradise","description":"","publisher":{"@id":"https:\/\/urnsparadise.com\/#organization"},"potentialAction":[{"@type":"SearchAction","target":{"@type":"EntryPoint","urlTemplate":"https:\/\/urnsparadise.com\/?s={search_term_string}"},"query-input":"required name=search_term_string"}],"inLanguage":"de"},{"@type":"WebPage","@id":"https:\/\/urnsparadise.com\/de\/product\/bios-pets-biologisch-abbaubare-urne\/","url":"https:\/\/urnsparadise.com\/de\/product\/bios-pets-biologisch-abbaubare-urne\/","name":"Bios Pets Biologisch Abbaubare Urne &ndash; Urns Paradise","isPartOf":{"@id":"https:\/\/urnsparadise.com\/#website"},"datePublished":"2018-10-16T01:57:56+00:00","dateModified":"2021-03-22T08:55:35+00:00","breadcrumb":{"@id":"https:\/\/urnsparadise.com\/de\/product\/bios-pets-biologisch-abbaubare-urne\/#breadcrumb"},"inLanguage":"de","potentialAction":[{"@type":"ReadAction","target":["https:\/\/urnsparadise.com\/de\/product\/bios-pets-biologisch-abbaubare-urne\/"]}]},{"@type":"BreadcrumbList","@id":"https:\/\/urnsparadise.com\/de\/product\/bios-pets-biologisch-abbaubare-urne\/#breadcrumb","itemListElement":[{"@type":"ListItem","position":1,"name":"Accueil","item":"https:\/\/urnsparadise.com\/de\/"},{"@type":"ListItem","position":2,"name":"Laden","item":"https:\/\/urnsparadise.com\/de\/laden\/"},{"@type":"ListItem","position":3,"name":"Bios Pets Biologisch Abbaubare Urne"}]}]}},"_links":{"self":[{"href":"https:\/\/urnsparadise.com\/de\/wp-json\/wp\/v2\/product\/5623"}],"collection":[{"href":"https:\/\/urnsparadise.com\/de\/wp-json\/wp\/v2\/product"}],"about":[{"href":"https:\/\/urnsparadise.com\/de\/wp-json\/wp\/v2\/types\/product"}],"replies":[{"embeddable":true,"href":"https:\/\/urnsparadise.com\/de\/wp-json\/wp\/v2\/comments?post=5623"}],"version-history":[{"count":4,"href":"https:\/\/urnsparadise.com\/de\/wp-json\/wp\/v2\/product\/5623\/revisions"}],"predecessor-version":[{"id":8129,"href":"https:\/\/urnsparadise.com\/de\/wp-json\/wp\/v2\/product\/5623\/revisions\/8129"}],"wp:featuredmedia":[{"embeddable":true,"href":"https:\/\/urnsparadise.com\/de\/wp-json\/wp\/v2\/media\/5487"}],"wp:attachment":[{"href":"https:\/\/urnsparadise.com\/de\/wp-json\/wp\/v2\/media?parent=5623"}],"wp:term":[{"taxonomy":"product_cat","embeddable":true,"href":"https:\/\/urnsparadise.com\/de\/wp-json\/wp\/v2\/product_cat?post=5623"},{"taxonomy":"product_tag","embeddable":true,"href":"https:\/\/urnsparadise.com\/de\/wp-json\/wp\/v2\/product_tag?post=5623"}],"curies":[{"name":"wp","href":"https:\/\/api.w.org\/{rel}","templated":true}]}}