{"id":6159,"date":"2021-02-03T16:38:07","date_gmt":"2021-02-03T15:38:08","guid":{"rendered":"https:\/\/urnsparadise.com\/?post_type=product&#038;p=6159"},"modified":"2024-06-19T21:27:53","modified_gmt":"2024-06-19T19:27:53","slug":"urnen-katzen-duchesse-herzogin","status":"publish","type":"product","link":"https:\/\/urnsparadise.com\/de\/produkt\/urnen-katzen-duchesse-herzogin\/","title":{"rendered":"Urnen f\u00fcr Katzen Duchesse (Herzogin) : wei\u00df, braun und schwarz"},"content":{"rendered":"<p><span style=\"font-weight: 400;\">\ud83d\udc08 Die Urne Duchesse <\/span> <span style=\"font-weight: 400;\">wird das Mittel sein, um eine ewige Erinnerung an Ihr <\/span><span style=\"font-weight: 400;\">Katze<\/span><span style=\"font-weight: 400;\">\u00a0ein Leben lang zu bewahren.\u00a0<\/span><\/p>\n<p><span style=\"font-weight: 400;\">\u26b1\u00a0<\/span><span style=\"font-weight: 400;\">Eine hochwertige Urne wird mit aluminium<\/span><span style=\"font-weight: 400;\">. <\/span><span style=\"font-weight: 400;\">Jede Urne ist einzigartig in ihrem Design und Herstellung, handgefertigt von erfahrenen Handwerkern.<\/span><\/p>\n<p><span style=\"font-weight: 400;\">\ud83d\ude3d\u00a0Die Duchesse-Urne hat eine abnehmbare Kette mit einer sch\u00f6nen Perle.\u00a0<\/span><\/p>\n<p><span style=\"font-weight: 400;\"><strong>\u2705 <\/strong>Diese Urne hat eine \u00d6ffnung an der Unterseite, um die Asche darin einzulegen.\u00a0<\/span><\/p>\n","protected":false},"excerpt":{"rendered":"<p>\ud83d\udc08 Die Urne Duchesse wird das Mittel sein, um eine ewige Erinnerung an Ihr Katze\u00a0ein Leben lang zu bewahren.\u00a0 \u26b1\u00a0Eine hochwertige Urne wird mit aluminium. Jede Urne ist einzigartig in ihrem Design und Herstellung, handgefertigt von erfahrenen Handwerkern. \ud83d\ude3d\u00a0Die Duchesse-Urne hat eine abnehmbare Kette mit einer sch\u00f6nen Perle.\u00a0 \u2705 Diese Urne hat eine \u00d6ffnung an &hellip; <\/p>\n<p class=\"link-more\"><a href=\"https:\/\/urnsparadise.com\/de\/produkt\/urnen-katzen-duchesse-herzogin\/\" class=\"more-link\">Read More <span class=\"screen-reader-text\"> &#8222;Urnen f\u00fcr Katzen Duchesse (Herzogin) : wei\u00df, braun und schwarz&#8220;<\/span><\/a><\/p>\n","protected":false},"featured_media":6142,"comment_status":"open","ping_status":"closed","template":"","meta":{"_mi_skip_tracking":false,"_monsterinsights_sitenote_active":false,"_monsterinsights_sitenote_note":"","_monsterinsights_sitenote_category":0},"product_cat":[347,145,150,148],"product_tag":[],"yoast_head":"<!-- This site is optimized with the Yoast SEO plugin v19.4 - https:\/\/yoast.com\/wordpress\/plugins\/seo\/ -->\n<title>Urnen f\u00fcr Katzen Duchesse (Herzogin) : wei\u00df, braun und schwarz &ndash; Urns Paradise<\/title>\n<meta name=\"robots\" content=\"index, follow, max-snippet:-1, max-image-preview:large, max-video-preview:-1\" \/>\n<link rel=\"canonical\" href=\"https:\/\/urnsparadise.com\/de\/product\/urnen-katzen-duchesse-herzogin\/\" \/>\n<meta property=\"og:locale\" content=\"de_DE\" \/>\n<meta property=\"og:type\" content=\"article\" \/>\n<meta property=\"og:title\" content=\"Urnen f\u00fcr Katzen Duchesse (Herzogin) : wei\u00df, braun und schwarz &ndash; Urns Paradise\" \/>\n<meta property=\"og:description\" content=\"\ud83d\udc08 Die Urne Duchesse wird das Mittel sein, um eine ewige Erinnerung an Ihr Katze\u00a0ein Leben lang zu bewahren.\u00a0 \u26b1\u00a0Eine hochwertige Urne wird mit aluminium. Jede Urne ist einzigartig in ihrem Design und Herstellung, handgefertigt von erfahrenen Handwerkern. \ud83d\ude3d\u00a0Die Duchesse-Urne hat eine abnehmbare Kette mit einer sch\u00f6nen Perle.\u00a0 \u2705 Diese Urne hat eine \u00d6ffnung an &hellip; Read More &quot;Urnen f\u00fcr Katzen Duchesse (Herzogin) : wei\u00df, braun und schwarz&quot;\" \/>\n<meta property=\"og:url\" content=\"https:\/\/urnsparadise.com\/de\/product\/urnen-katzen-duchesse-herzogin\/\" \/>\n<meta property=\"og:site_name\" content=\"Urns Paradise\" \/>\n<meta property=\"article:modified_time\" content=\"2024-06-19T19:27:53+00:00\" \/>\n<meta property=\"og:image\" content=\"https:\/\/urnsparadise.com\/wp-content\/uploads\/2021\/02\/urne-chat-blanc-duchesse-1-copie.png\" \/>\n\t<meta property=\"og:image:width\" content=\"800\" \/>\n\t<meta property=\"og:image:height\" content=\"800\" \/>\n\t<meta property=\"og:image:type\" content=\"image\/png\" \/>\n<meta name=\"twitter:card\" content=\"summary_large_image\" \/>\n<meta name=\"twitter:label1\" content=\"Gesch\u00e4tzte Lesezeit\" \/>\n\t<meta name=\"twitter:data1\" content=\"1\u00a0Minute\" \/>\n<script type=\"application\/ld+json\" class=\"yoast-schema-graph\">{\"@context\":\"https:\/\/schema.org\",\"@graph\":[{\"@type\":\"Organization\",\"@id\":\"https:\/\/urnsparadise.com\/#organization\",\"name\":\"Urns Paradise\",\"url\":\"https:\/\/urnsparadise.com\/\",\"sameAs\":[],\"logo\":{\"@type\":\"ImageObject\",\"inLanguage\":\"de\",\"@id\":\"https:\/\/urnsparadise.com\/#\/schema\/logo\/image\/\",\"url\":\"https:\/\/urnsparadise.com\/wp-content\/uploads\/2021\/03\/cropped-logo_final_urns_paradise_couleur_vertical.png\",\"contentUrl\":\"https:\/\/urnsparadise.com\/wp-content\/uploads\/2021\/03\/cropped-logo_final_urns_paradise_couleur_vertical.png\",\"width\":512,\"height\":512,\"caption\":\"Urns Paradise\"},\"image\":{\"@id\":\"https:\/\/urnsparadise.com\/#\/schema\/logo\/image\/\"}},{\"@type\":\"WebSite\",\"@id\":\"https:\/\/urnsparadise.com\/#website\",\"url\":\"https:\/\/urnsparadise.com\/\",\"name\":\"Urns Paradise\",\"description\":\"\",\"publisher\":{\"@id\":\"https:\/\/urnsparadise.com\/#organization\"},\"potentialAction\":[{\"@type\":\"SearchAction\",\"target\":{\"@type\":\"EntryPoint\",\"urlTemplate\":\"https:\/\/urnsparadise.com\/?s={search_term_string}\"},\"query-input\":\"required name=search_term_string\"}],\"inLanguage\":\"de\"},{\"@type\":\"WebPage\",\"@id\":\"https:\/\/urnsparadise.com\/de\/product\/urnen-katzen-duchesse-herzogin\/\",\"url\":\"https:\/\/urnsparadise.com\/de\/product\/urnen-katzen-duchesse-herzogin\/\",\"name\":\"Urnen f\u00fcr Katzen Duchesse (Herzogin) : wei\u00df, braun und schwarz &ndash; Urns Paradise\",\"isPartOf\":{\"@id\":\"https:\/\/urnsparadise.com\/#website\"},\"datePublished\":\"2021-02-03T15:38:08+00:00\",\"dateModified\":\"2024-06-19T19:27:53+00:00\",\"breadcrumb\":{\"@id\":\"https:\/\/urnsparadise.com\/de\/product\/urnen-katzen-duchesse-herzogin\/#breadcrumb\"},\"inLanguage\":\"de\",\"potentialAction\":[{\"@type\":\"ReadAction\",\"target\":[\"https:\/\/urnsparadise.com\/de\/product\/urnen-katzen-duchesse-herzogin\/\"]}]},{\"@type\":\"BreadcrumbList\",\"@id\":\"https:\/\/urnsparadise.com\/de\/product\/urnen-katzen-duchesse-herzogin\/#breadcrumb\",\"itemListElement\":[{\"@type\":\"ListItem\",\"position\":1,\"name\":\"Accueil\",\"item\":\"https:\/\/urnsparadise.com\/de\/\"},{\"@type\":\"ListItem\",\"position\":2,\"name\":\"Laden\",\"item\":\"https:\/\/urnsparadise.com\/de\/laden\/\"},{\"@type\":\"ListItem\",\"position\":3,\"name\":\"Urnen f\u00fcr Katzen Duchesse (Herzogin) : wei\u00df, braun und schwarz\"}]}]}<\/script>\n<!-- \/ Yoast SEO plugin. -->","yoast_head_json":{"title":"Urnen f\u00fcr Katzen Duchesse (Herzogin) : wei\u00df, braun und schwarz &ndash; Urns Paradise","robots":{"index":"index","follow":"follow","max-snippet":"max-snippet:-1","max-image-preview":"max-image-preview:large","max-video-preview":"max-video-preview:-1"},"canonical":"https:\/\/urnsparadise.com\/de\/product\/urnen-katzen-duchesse-herzogin\/","og_locale":"de_DE","og_type":"article","og_title":"Urnen f\u00fcr Katzen Duchesse (Herzogin) : wei\u00df, braun und schwarz &ndash; Urns Paradise","og_description":"\ud83d\udc08 Die Urne Duchesse wird das Mittel sein, um eine ewige Erinnerung an Ihr Katze\u00a0ein Leben lang zu bewahren.\u00a0 \u26b1\u00a0Eine hochwertige Urne wird mit aluminium. Jede Urne ist einzigartig in ihrem Design und Herstellung, handgefertigt von erfahrenen Handwerkern. \ud83d\ude3d\u00a0Die Duchesse-Urne hat eine abnehmbare Kette mit einer sch\u00f6nen Perle.\u00a0 \u2705 Diese Urne hat eine \u00d6ffnung an &hellip; Read More \"Urnen f\u00fcr Katzen Duchesse (Herzogin) : wei\u00df, braun und schwarz\"","og_url":"https:\/\/urnsparadise.com\/de\/product\/urnen-katzen-duchesse-herzogin\/","og_site_name":"Urns Paradise","article_modified_time":"2024-06-19T19:27:53+00:00","og_image":[{"width":800,"height":800,"url":"https:\/\/urnsparadise.com\/wp-content\/uploads\/2021\/02\/urne-chat-blanc-duchesse-1-copie.png","type":"image\/png"}],"twitter_card":"summary_large_image","twitter_misc":{"Gesch\u00e4tzte Lesezeit":"1\u00a0Minute"},"schema":{"@context":"https:\/\/schema.org","@graph":[{"@type":"Organization","@id":"https:\/\/urnsparadise.com\/#organization","name":"Urns Paradise","url":"https:\/\/urnsparadise.com\/","sameAs":[],"logo":{"@type":"ImageObject","inLanguage":"de","@id":"https:\/\/urnsparadise.com\/#\/schema\/logo\/image\/","url":"https:\/\/urnsparadise.com\/wp-content\/uploads\/2021\/03\/cropped-logo_final_urns_paradise_couleur_vertical.png","contentUrl":"https:\/\/urnsparadise.com\/wp-content\/uploads\/2021\/03\/cropped-logo_final_urns_paradise_couleur_vertical.png","width":512,"height":512,"caption":"Urns Paradise"},"image":{"@id":"https:\/\/urnsparadise.com\/#\/schema\/logo\/image\/"}},{"@type":"WebSite","@id":"https:\/\/urnsparadise.com\/#website","url":"https:\/\/urnsparadise.com\/","name":"Urns Paradise","description":"","publisher":{"@id":"https:\/\/urnsparadise.com\/#organization"},"potentialAction":[{"@type":"SearchAction","target":{"@type":"EntryPoint","urlTemplate":"https:\/\/urnsparadise.com\/?s={search_term_string}"},"query-input":"required name=search_term_string"}],"inLanguage":"de"},{"@type":"WebPage","@id":"https:\/\/urnsparadise.com\/de\/product\/urnen-katzen-duchesse-herzogin\/","url":"https:\/\/urnsparadise.com\/de\/product\/urnen-katzen-duchesse-herzogin\/","name":"Urnen f\u00fcr Katzen Duchesse (Herzogin) : wei\u00df, braun und schwarz &ndash; Urns Paradise","isPartOf":{"@id":"https:\/\/urnsparadise.com\/#website"},"datePublished":"2021-02-03T15:38:08+00:00","dateModified":"2024-06-19T19:27:53+00:00","breadcrumb":{"@id":"https:\/\/urnsparadise.com\/de\/product\/urnen-katzen-duchesse-herzogin\/#breadcrumb"},"inLanguage":"de","potentialAction":[{"@type":"ReadAction","target":["https:\/\/urnsparadise.com\/de\/product\/urnen-katzen-duchesse-herzogin\/"]}]},{"@type":"BreadcrumbList","@id":"https:\/\/urnsparadise.com\/de\/product\/urnen-katzen-duchesse-herzogin\/#breadcrumb","itemListElement":[{"@type":"ListItem","position":1,"name":"Accueil","item":"https:\/\/urnsparadise.com\/de\/"},{"@type":"ListItem","position":2,"name":"Laden","item":"https:\/\/urnsparadise.com\/de\/laden\/"},{"@type":"ListItem","position":3,"name":"Urnen f\u00fcr Katzen Duchesse (Herzogin) : wei\u00df, braun und schwarz"}]}]}},"_links":{"self":[{"href":"https:\/\/urnsparadise.com\/de\/wp-json\/wp\/v2\/product\/6159"}],"collection":[{"href":"https:\/\/urnsparadise.com\/de\/wp-json\/wp\/v2\/product"}],"about":[{"href":"https:\/\/urnsparadise.com\/de\/wp-json\/wp\/v2\/types\/product"}],"replies":[{"embeddable":true,"href":"https:\/\/urnsparadise.com\/de\/wp-json\/wp\/v2\/comments?post=6159"}],"version-history":[{"count":6,"href":"https:\/\/urnsparadise.com\/de\/wp-json\/wp\/v2\/product\/6159\/revisions"}],"predecessor-version":[{"id":12882,"href":"https:\/\/urnsparadise.com\/de\/wp-json\/wp\/v2\/product\/6159\/revisions\/12882"}],"wp:featuredmedia":[{"embeddable":true,"href":"https:\/\/urnsparadise.com\/de\/wp-json\/wp\/v2\/media\/6142"}],"wp:attachment":[{"href":"https:\/\/urnsparadise.com\/de\/wp-json\/wp\/v2\/media?parent=6159"}],"wp:term":[{"taxonomy":"product_cat","embeddable":true,"href":"https:\/\/urnsparadise.com\/de\/wp-json\/wp\/v2\/product_cat?post=6159"},{"taxonomy":"product_tag","embeddable":true,"href":"https:\/\/urnsparadise.com\/de\/wp-json\/wp\/v2\/product_tag?post=6159"}],"curies":[{"name":"wp","href":"https:\/\/api.w.org\/{rel}","templated":true}]}}