{"id":6524,"date":"2021-02-07T13:34:50","date_gmt":"2021-02-07T12:34:51","guid":{"rendered":"https:\/\/urnsparadise.com\/?post_type=product&#038;p=6524"},"modified":"2021-02-19T19:00:37","modified_gmt":"2021-02-19T18:00:37","slug":"bestattungsurne-wollknaeuel-katze","status":"publish","type":"product","link":"https:\/\/urnsparadise.com\/de\/produkt\/bestattungsurne-wollknaeuel-katze\/","title":{"rendered":"Bestattungsurne Wollkn\u00e4uel F\u00fcr Katze: Braun, Silber, Kupfer"},"content":{"rendered":"<p><span style=\"font-weight: 400;\">\ud83d\udc08 Die Urne Wollkn\u00e4uel<\/span><span style=\"font-weight: 400;\">\u00a0<\/span><span style=\"font-weight: 400;\">wird das Mittel sein, um eine ewige Erinnerung an Ihr <\/span><span style=\"font-weight: 400;\">Katze Hund oder Ihr Haustier<\/span><span style=\"font-weight: 400;\">\u00a0ein Leben lang zu bewahren.\u00a0<\/span><\/p>\n<p><span style=\"font-weight: 400;\">\u26b1 Eine hochwertige Urne wird mit Aluminium<\/span><span style=\"font-weight: 400;\">. <\/span><span style=\"font-weight: 400;\">Jede Urne ist einzigartig in ihrem Design und Herstellung, handgefertigt von erfahrenen Handwerkern.<\/span><\/p>\n<p><span style=\"font-weight: 400;\">\ud83d\ude38 Urne stellt eine Katze dar, die einen Ball in ihren Pfoten h\u00e4lt. <\/span><\/p>\n<p><span style=\"font-weight: 400;\"><strong>\u2705 <\/strong><\/span><span style=\"font-weight: 400;\">Diese Urne hat eine \u00d6ffnung an der Unterseite, um die Asche darin einzulegen.\u00a0<\/span><\/p>\n","protected":false},"excerpt":{"rendered":"<p>\ud83d\udc08 Die Urne Wollkn\u00e4uel\u00a0wird das Mittel sein, um eine ewige Erinnerung an Ihr Katze Hund oder Ihr Haustier\u00a0ein Leben lang zu bewahren.\u00a0 \u26b1 Eine hochwertige Urne wird mit Aluminium. Jede Urne ist einzigartig in ihrem Design und Herstellung, handgefertigt von erfahrenen Handwerkern. \ud83d\ude38 Urne stellt eine Katze dar, die einen Ball in ihren Pfoten h\u00e4lt. &hellip; <\/p>\n<p class=\"link-more\"><a href=\"https:\/\/urnsparadise.com\/de\/produkt\/bestattungsurne-wollknaeuel-katze\/\" class=\"more-link\">Read More <span class=\"screen-reader-text\"> &#8222;Bestattungsurne Wollkn\u00e4uel F\u00fcr Katze: Braun, Silber, Kupfer&#8220;<\/span><\/a><\/p>\n","protected":false},"featured_media":6576,"comment_status":"open","ping_status":"closed","template":"","meta":{"_mi_skip_tracking":false,"_monsterinsights_sitenote_active":false,"_monsterinsights_sitenote_note":"","_monsterinsights_sitenote_category":0},"product_cat":[347,145,150,148],"product_tag":[],"yoast_head":"<!-- This site is optimized with the Yoast SEO plugin v19.4 - https:\/\/yoast.com\/wordpress\/plugins\/seo\/ -->\n<title>Bestattungsurne Wollkn\u00e4uel F\u00fcr Katze: Braun, Silber, Kupfer &ndash; Urns Paradise<\/title>\n<meta name=\"robots\" content=\"index, follow, max-snippet:-1, max-image-preview:large, max-video-preview:-1\" \/>\n<link rel=\"canonical\" href=\"https:\/\/urnsparadise.com\/de\/product\/bestattungsurne-wollknaeuel-katze\/\" \/>\n<meta property=\"og:locale\" content=\"de_DE\" \/>\n<meta property=\"og:type\" content=\"article\" \/>\n<meta property=\"og:title\" content=\"Bestattungsurne Wollkn\u00e4uel F\u00fcr Katze: Braun, Silber, Kupfer &ndash; Urns Paradise\" \/>\n<meta property=\"og:description\" content=\"\ud83d\udc08 Die Urne Wollkn\u00e4uel\u00a0wird das Mittel sein, um eine ewige Erinnerung an Ihr Katze Hund oder Ihr Haustier\u00a0ein Leben lang zu bewahren.\u00a0 \u26b1 Eine hochwertige Urne wird mit Aluminium. Jede Urne ist einzigartig in ihrem Design und Herstellung, handgefertigt von erfahrenen Handwerkern. \ud83d\ude38 Urne stellt eine Katze dar, die einen Ball in ihren Pfoten h\u00e4lt. &hellip; Read More &quot;Bestattungsurne Wollkn\u00e4uel F\u00fcr Katze: Braun, Silber, Kupfer&quot;\" \/>\n<meta property=\"og:url\" content=\"https:\/\/urnsparadise.com\/de\/product\/bestattungsurne-wollknaeuel-katze\/\" \/>\n<meta property=\"og:site_name\" content=\"Urns Paradise\" \/>\n<meta property=\"article:modified_time\" content=\"2021-02-19T18:00:37+00:00\" \/>\n<meta property=\"og:image\" content=\"https:\/\/urnsparadise.com\/wp-content\/uploads\/2021\/02\/Urne-pelotte-grise-scaled.jpg\" \/>\n\t<meta property=\"og:image:width\" content=\"2560\" \/>\n\t<meta property=\"og:image:height\" content=\"1920\" \/>\n\t<meta property=\"og:image:type\" content=\"image\/jpeg\" \/>\n<meta name=\"twitter:card\" content=\"summary_large_image\" \/>\n<script type=\"application\/ld+json\" class=\"yoast-schema-graph\">{\"@context\":\"https:\/\/schema.org\",\"@graph\":[{\"@type\":\"Organization\",\"@id\":\"https:\/\/urnsparadise.com\/#organization\",\"name\":\"Urns Paradise\",\"url\":\"https:\/\/urnsparadise.com\/\",\"sameAs\":[],\"logo\":{\"@type\":\"ImageObject\",\"inLanguage\":\"de\",\"@id\":\"https:\/\/urnsparadise.com\/#\/schema\/logo\/image\/\",\"url\":\"https:\/\/urnsparadise.com\/wp-content\/uploads\/2021\/03\/cropped-logo_final_urns_paradise_couleur_vertical.png\",\"contentUrl\":\"https:\/\/urnsparadise.com\/wp-content\/uploads\/2021\/03\/cropped-logo_final_urns_paradise_couleur_vertical.png\",\"width\":512,\"height\":512,\"caption\":\"Urns Paradise\"},\"image\":{\"@id\":\"https:\/\/urnsparadise.com\/#\/schema\/logo\/image\/\"}},{\"@type\":\"WebSite\",\"@id\":\"https:\/\/urnsparadise.com\/#website\",\"url\":\"https:\/\/urnsparadise.com\/\",\"name\":\"Urns Paradise\",\"description\":\"\",\"publisher\":{\"@id\":\"https:\/\/urnsparadise.com\/#organization\"},\"potentialAction\":[{\"@type\":\"SearchAction\",\"target\":{\"@type\":\"EntryPoint\",\"urlTemplate\":\"https:\/\/urnsparadise.com\/?s={search_term_string}\"},\"query-input\":\"required name=search_term_string\"}],\"inLanguage\":\"de\"},{\"@type\":\"WebPage\",\"@id\":\"https:\/\/urnsparadise.com\/de\/product\/bestattungsurne-wollknaeuel-katze\/\",\"url\":\"https:\/\/urnsparadise.com\/de\/product\/bestattungsurne-wollknaeuel-katze\/\",\"name\":\"Bestattungsurne Wollkn\u00e4uel F\u00fcr Katze: Braun, Silber, Kupfer &ndash; Urns Paradise\",\"isPartOf\":{\"@id\":\"https:\/\/urnsparadise.com\/#website\"},\"datePublished\":\"2021-02-07T12:34:51+00:00\",\"dateModified\":\"2021-02-19T18:00:37+00:00\",\"breadcrumb\":{\"@id\":\"https:\/\/urnsparadise.com\/de\/product\/bestattungsurne-wollknaeuel-katze\/#breadcrumb\"},\"inLanguage\":\"de\",\"potentialAction\":[{\"@type\":\"ReadAction\",\"target\":[\"https:\/\/urnsparadise.com\/de\/product\/bestattungsurne-wollknaeuel-katze\/\"]}]},{\"@type\":\"BreadcrumbList\",\"@id\":\"https:\/\/urnsparadise.com\/de\/product\/bestattungsurne-wollknaeuel-katze\/#breadcrumb\",\"itemListElement\":[{\"@type\":\"ListItem\",\"position\":1,\"name\":\"Accueil\",\"item\":\"https:\/\/urnsparadise.com\/de\/\"},{\"@type\":\"ListItem\",\"position\":2,\"name\":\"Laden\",\"item\":\"https:\/\/urnsparadise.com\/de\/laden\/\"},{\"@type\":\"ListItem\",\"position\":3,\"name\":\"Bestattungsurne Wollkn\u00e4uel F\u00fcr Katze: Braun, Silber, Kupfer\"}]}]}<\/script>\n<!-- \/ Yoast SEO plugin. -->","yoast_head_json":{"title":"Bestattungsurne Wollkn\u00e4uel F\u00fcr Katze: Braun, Silber, Kupfer &ndash; Urns Paradise","robots":{"index":"index","follow":"follow","max-snippet":"max-snippet:-1","max-image-preview":"max-image-preview:large","max-video-preview":"max-video-preview:-1"},"canonical":"https:\/\/urnsparadise.com\/de\/product\/bestattungsurne-wollknaeuel-katze\/","og_locale":"de_DE","og_type":"article","og_title":"Bestattungsurne Wollkn\u00e4uel F\u00fcr Katze: Braun, Silber, Kupfer &ndash; Urns Paradise","og_description":"\ud83d\udc08 Die Urne Wollkn\u00e4uel\u00a0wird das Mittel sein, um eine ewige Erinnerung an Ihr Katze Hund oder Ihr Haustier\u00a0ein Leben lang zu bewahren.\u00a0 \u26b1 Eine hochwertige Urne wird mit Aluminium. Jede Urne ist einzigartig in ihrem Design und Herstellung, handgefertigt von erfahrenen Handwerkern. \ud83d\ude38 Urne stellt eine Katze dar, die einen Ball in ihren Pfoten h\u00e4lt. &hellip; Read More \"Bestattungsurne Wollkn\u00e4uel F\u00fcr Katze: Braun, Silber, Kupfer\"","og_url":"https:\/\/urnsparadise.com\/de\/product\/bestattungsurne-wollknaeuel-katze\/","og_site_name":"Urns Paradise","article_modified_time":"2021-02-19T18:00:37+00:00","og_image":[{"width":2560,"height":1920,"url":"https:\/\/urnsparadise.com\/wp-content\/uploads\/2021\/02\/Urne-pelotte-grise-scaled.jpg","type":"image\/jpeg"}],"twitter_card":"summary_large_image","schema":{"@context":"https:\/\/schema.org","@graph":[{"@type":"Organization","@id":"https:\/\/urnsparadise.com\/#organization","name":"Urns Paradise","url":"https:\/\/urnsparadise.com\/","sameAs":[],"logo":{"@type":"ImageObject","inLanguage":"de","@id":"https:\/\/urnsparadise.com\/#\/schema\/logo\/image\/","url":"https:\/\/urnsparadise.com\/wp-content\/uploads\/2021\/03\/cropped-logo_final_urns_paradise_couleur_vertical.png","contentUrl":"https:\/\/urnsparadise.com\/wp-content\/uploads\/2021\/03\/cropped-logo_final_urns_paradise_couleur_vertical.png","width":512,"height":512,"caption":"Urns Paradise"},"image":{"@id":"https:\/\/urnsparadise.com\/#\/schema\/logo\/image\/"}},{"@type":"WebSite","@id":"https:\/\/urnsparadise.com\/#website","url":"https:\/\/urnsparadise.com\/","name":"Urns Paradise","description":"","publisher":{"@id":"https:\/\/urnsparadise.com\/#organization"},"potentialAction":[{"@type":"SearchAction","target":{"@type":"EntryPoint","urlTemplate":"https:\/\/urnsparadise.com\/?s={search_term_string}"},"query-input":"required name=search_term_string"}],"inLanguage":"de"},{"@type":"WebPage","@id":"https:\/\/urnsparadise.com\/de\/product\/bestattungsurne-wollknaeuel-katze\/","url":"https:\/\/urnsparadise.com\/de\/product\/bestattungsurne-wollknaeuel-katze\/","name":"Bestattungsurne Wollkn\u00e4uel F\u00fcr Katze: Braun, Silber, Kupfer &ndash; Urns Paradise","isPartOf":{"@id":"https:\/\/urnsparadise.com\/#website"},"datePublished":"2021-02-07T12:34:51+00:00","dateModified":"2021-02-19T18:00:37+00:00","breadcrumb":{"@id":"https:\/\/urnsparadise.com\/de\/product\/bestattungsurne-wollknaeuel-katze\/#breadcrumb"},"inLanguage":"de","potentialAction":[{"@type":"ReadAction","target":["https:\/\/urnsparadise.com\/de\/product\/bestattungsurne-wollknaeuel-katze\/"]}]},{"@type":"BreadcrumbList","@id":"https:\/\/urnsparadise.com\/de\/product\/bestattungsurne-wollknaeuel-katze\/#breadcrumb","itemListElement":[{"@type":"ListItem","position":1,"name":"Accueil","item":"https:\/\/urnsparadise.com\/de\/"},{"@type":"ListItem","position":2,"name":"Laden","item":"https:\/\/urnsparadise.com\/de\/laden\/"},{"@type":"ListItem","position":3,"name":"Bestattungsurne Wollkn\u00e4uel F\u00fcr Katze: Braun, Silber, Kupfer"}]}]}},"_links":{"self":[{"href":"https:\/\/urnsparadise.com\/de\/wp-json\/wp\/v2\/product\/6524"}],"collection":[{"href":"https:\/\/urnsparadise.com\/de\/wp-json\/wp\/v2\/product"}],"about":[{"href":"https:\/\/urnsparadise.com\/de\/wp-json\/wp\/v2\/types\/product"}],"replies":[{"embeddable":true,"href":"https:\/\/urnsparadise.com\/de\/wp-json\/wp\/v2\/comments?post=6524"}],"version-history":[{"count":4,"href":"https:\/\/urnsparadise.com\/de\/wp-json\/wp\/v2\/product\/6524\/revisions"}],"predecessor-version":[{"id":7349,"href":"https:\/\/urnsparadise.com\/de\/wp-json\/wp\/v2\/product\/6524\/revisions\/7349"}],"wp:featuredmedia":[{"embeddable":true,"href":"https:\/\/urnsparadise.com\/de\/wp-json\/wp\/v2\/media\/6576"}],"wp:attachment":[{"href":"https:\/\/urnsparadise.com\/de\/wp-json\/wp\/v2\/media?parent=6524"}],"wp:term":[{"taxonomy":"product_cat","embeddable":true,"href":"https:\/\/urnsparadise.com\/de\/wp-json\/wp\/v2\/product_cat?post=6524"},{"taxonomy":"product_tag","embeddable":true,"href":"https:\/\/urnsparadise.com\/de\/wp-json\/wp\/v2\/product_tag?post=6524"}],"curies":[{"name":"wp","href":"https:\/\/api.w.org\/{rel}","templated":true}]}}