{"id":6777,"date":"2021-02-07T15:35:28","date_gmt":"2021-02-07T14:35:30","guid":{"rendered":"https:\/\/urnsparadise.com\/?post_type=product&#038;p=6777"},"modified":"2023-05-20T17:49:31","modified_gmt":"2023-05-20T15:49:31","slug":"bestattungsurne-biologisch-abbaubar-marguerite","status":"publish","type":"product","link":"https:\/\/urnsparadise.com\/de\/produkt\/bestattungsurne-biologisch-abbaubar-marguerite\/","title":{"rendered":"Bestattungsurne Biologisch Abbaubar Daisy F\u00fcr Hunde, Katzen und neue Haustiere: Gr\u00f6\u00dfe M, L, S"},"content":{"rendered":"<p><span style=\"font-weight: 400;\">\u26b1 Die Daisy-Urne wird das ideale Mittel sein, um eine ewige Erinnerung an Ihren Begleiter f\u00fcr den Rest Ihres Lebens zu bewahren.<\/span><\/p>\n<p>\ud83c\udf33 <span style=\"font-weight: 400;\">Die Daisy-Urne wird das ideale Mittel sein, um eine ewige Erinnerung an Ihren Begleiter f\u00fcr den Rest Ihres Lebens zu bewahren.<\/span><\/p>\n<p>\ud83d\ude3d \ud83d\udc15 <span style=\"font-weight: 400;\">Die Asche wird in den gelben Beutel gegeben und in der Urne deponiert, indem der Deckel oben abgeschraubt wird.<\/span><\/p>\n<p>\u2705 <span style=\"font-weight: 400;\">Die Gr\u00f6\u00dfe S ist 9 cm breit, 12 cm hoch und fasst bis zu 0,5 Liter, was einem bis zu 7 kg schweren Tier entspricht.<\/span><\/p>\n<p>\u2705 <span style=\"font-weight: 400;\">Die Gr\u00f6\u00dfe S ist 14 cm breit, 19 cm hoch und fasst bis zu 1.5 Liter, was einem bis zu 20 kg schweren Tier entspricht.<\/span><\/p>\n<p>\u2705 <span style=\"font-weight: 400;\">Die Gr\u00f6\u00dfe S ist 19 cm breit, 26 cm hoch und fasst bis zu 2.5 Liter, was einem bis zu 50 kg schweren Tier entspricht.<\/span><\/p>\n","protected":false},"excerpt":{"rendered":"<p>\u2705 Auf Bestellung 20 Tage.<\/p>\n<p>\ud83d\ude3d Vollst\u00e4ndig biologisch abbaubare Urne.<\/p>\n<p>\u2705 2 Gr\u00f6\u00dfen verf\u00fcgbar.<\/p>\n","protected":false},"featured_media":6908,"comment_status":"open","ping_status":"closed","template":"","meta":{"_mi_skip_tracking":false,"_monsterinsights_sitenote_active":false,"_monsterinsights_sitenote_note":"","_monsterinsights_sitenote_category":0},"product_cat":[353,352,145,152,148,350,351,160],"product_tag":[],"yoast_head":"<!-- This site is optimized with the Yoast SEO plugin v19.4 - https:\/\/yoast.com\/wordpress\/plugins\/seo\/ -->\n<title>Bestattungsurne Biologisch Abbaubar Daisy F\u00fcr Hunde, Katzen und neue Haustiere: Gr\u00f6\u00dfe M, L, S &ndash; Urns Paradise<\/title>\n<meta name=\"robots\" content=\"index, follow, max-snippet:-1, max-image-preview:large, max-video-preview:-1\" \/>\n<link rel=\"canonical\" href=\"https:\/\/urnsparadise.com\/de\/produkt\/bestattungsurne-biologisch-abbaubar-marguerite\/\" \/>\n<meta property=\"og:locale\" content=\"de_DE\" \/>\n<meta property=\"og:type\" content=\"article\" \/>\n<meta property=\"og:title\" content=\"Bestattungsurne Biologisch Abbaubar Daisy F\u00fcr Hunde, Katzen und neue Haustiere: Gr\u00f6\u00dfe M, L, S &ndash; Urns Paradise\" \/>\n<meta property=\"og:description\" content=\"\u2705 Auf Bestellung 20 Tage.  \ud83d\ude3d Vollst\u00e4ndig biologisch abbaubare Urne.  \u2705 2 Gr\u00f6\u00dfen verf\u00fcgbar.\" \/>\n<meta property=\"og:url\" content=\"https:\/\/urnsparadise.com\/de\/produkt\/bestattungsurne-biologisch-abbaubar-marguerite\/\" \/>\n<meta property=\"og:site_name\" content=\"Urns Paradise\" \/>\n<meta property=\"article:modified_time\" content=\"2023-05-20T15:49:31+00:00\" \/>\n<meta property=\"og:image\" content=\"https:\/\/urnsparadise.com\/wp-content\/uploads\/2021\/02\/Urne-Biodegradable-Marguerite-IMG_3882-copie-copie-scaled.jpg\" \/>\n\t<meta property=\"og:image:width\" content=\"1920\" \/>\n\t<meta property=\"og:image:height\" content=\"2560\" \/>\n\t<meta property=\"og:image:type\" content=\"image\/jpeg\" \/>\n<meta name=\"twitter:card\" content=\"summary_large_image\" \/>\n<meta name=\"twitter:label1\" content=\"Gesch\u00e4tzte Lesezeit\" \/>\n\t<meta name=\"twitter:data1\" content=\"1\u00a0Minute\" \/>\n<script type=\"application\/ld+json\" class=\"yoast-schema-graph\">{\"@context\":\"https:\/\/schema.org\",\"@graph\":[{\"@type\":\"Organization\",\"@id\":\"https:\/\/urnsparadise.com\/#organization\",\"name\":\"Urns Paradise\",\"url\":\"https:\/\/urnsparadise.com\/\",\"sameAs\":[],\"logo\":{\"@type\":\"ImageObject\",\"inLanguage\":\"de\",\"@id\":\"https:\/\/urnsparadise.com\/#\/schema\/logo\/image\/\",\"url\":\"https:\/\/urnsparadise.com\/wp-content\/uploads\/2021\/03\/cropped-logo_final_urns_paradise_couleur_vertical.png\",\"contentUrl\":\"https:\/\/urnsparadise.com\/wp-content\/uploads\/2021\/03\/cropped-logo_final_urns_paradise_couleur_vertical.png\",\"width\":512,\"height\":512,\"caption\":\"Urns Paradise\"},\"image\":{\"@id\":\"https:\/\/urnsparadise.com\/#\/schema\/logo\/image\/\"}},{\"@type\":\"WebSite\",\"@id\":\"https:\/\/urnsparadise.com\/#website\",\"url\":\"https:\/\/urnsparadise.com\/\",\"name\":\"Urns Paradise\",\"description\":\"\",\"publisher\":{\"@id\":\"https:\/\/urnsparadise.com\/#organization\"},\"potentialAction\":[{\"@type\":\"SearchAction\",\"target\":{\"@type\":\"EntryPoint\",\"urlTemplate\":\"https:\/\/urnsparadise.com\/?s={search_term_string}\"},\"query-input\":\"required name=search_term_string\"}],\"inLanguage\":\"de\"},{\"@type\":\"WebPage\",\"@id\":\"https:\/\/urnsparadise.com\/de\/produkt\/bestattungsurne-biologisch-abbaubar-marguerite\/\",\"url\":\"https:\/\/urnsparadise.com\/de\/produkt\/bestattungsurne-biologisch-abbaubar-marguerite\/\",\"name\":\"Bestattungsurne Biologisch Abbaubar Daisy F\u00fcr Hunde, Katzen und neue Haustiere: Gr\u00f6\u00dfe M, L, S &ndash; Urns Paradise\",\"isPartOf\":{\"@id\":\"https:\/\/urnsparadise.com\/#website\"},\"datePublished\":\"2021-02-07T14:35:30+00:00\",\"dateModified\":\"2023-05-20T15:49:31+00:00\",\"breadcrumb\":{\"@id\":\"https:\/\/urnsparadise.com\/de\/produkt\/bestattungsurne-biologisch-abbaubar-marguerite\/#breadcrumb\"},\"inLanguage\":\"de\",\"potentialAction\":[{\"@type\":\"ReadAction\",\"target\":[\"https:\/\/urnsparadise.com\/de\/produkt\/bestattungsurne-biologisch-abbaubar-marguerite\/\"]}]},{\"@type\":\"BreadcrumbList\",\"@id\":\"https:\/\/urnsparadise.com\/de\/produkt\/bestattungsurne-biologisch-abbaubar-marguerite\/#breadcrumb\",\"itemListElement\":[{\"@type\":\"ListItem\",\"position\":1,\"name\":\"Accueil\",\"item\":\"https:\/\/urnsparadise.com\/de\/\"},{\"@type\":\"ListItem\",\"position\":2,\"name\":\"Laden\",\"item\":\"https:\/\/urnsparadise.com\/de\/laden\/\"},{\"@type\":\"ListItem\",\"position\":3,\"name\":\"Bestattungsurne Biologisch Abbaubar Daisy F\u00fcr Hunde, Katzen und neue Haustiere: Gr\u00f6\u00dfe M, L, S\"}]}]}<\/script>\n<!-- \/ Yoast SEO plugin. -->","yoast_head_json":{"title":"Bestattungsurne Biologisch Abbaubar Daisy F\u00fcr Hunde, Katzen und neue Haustiere: Gr\u00f6\u00dfe M, L, S &ndash; Urns Paradise","robots":{"index":"index","follow":"follow","max-snippet":"max-snippet:-1","max-image-preview":"max-image-preview:large","max-video-preview":"max-video-preview:-1"},"canonical":"https:\/\/urnsparadise.com\/de\/produkt\/bestattungsurne-biologisch-abbaubar-marguerite\/","og_locale":"de_DE","og_type":"article","og_title":"Bestattungsurne Biologisch Abbaubar Daisy F\u00fcr Hunde, Katzen und neue Haustiere: Gr\u00f6\u00dfe M, L, S &ndash; Urns Paradise","og_description":"\u2705 Auf Bestellung 20 Tage.  \ud83d\ude3d Vollst\u00e4ndig biologisch abbaubare Urne.  \u2705 2 Gr\u00f6\u00dfen verf\u00fcgbar.","og_url":"https:\/\/urnsparadise.com\/de\/produkt\/bestattungsurne-biologisch-abbaubar-marguerite\/","og_site_name":"Urns Paradise","article_modified_time":"2023-05-20T15:49:31+00:00","og_image":[{"width":1920,"height":2560,"url":"https:\/\/urnsparadise.com\/wp-content\/uploads\/2021\/02\/Urne-Biodegradable-Marguerite-IMG_3882-copie-copie-scaled.jpg","type":"image\/jpeg"}],"twitter_card":"summary_large_image","twitter_misc":{"Gesch\u00e4tzte Lesezeit":"1\u00a0Minute"},"schema":{"@context":"https:\/\/schema.org","@graph":[{"@type":"Organization","@id":"https:\/\/urnsparadise.com\/#organization","name":"Urns Paradise","url":"https:\/\/urnsparadise.com\/","sameAs":[],"logo":{"@type":"ImageObject","inLanguage":"de","@id":"https:\/\/urnsparadise.com\/#\/schema\/logo\/image\/","url":"https:\/\/urnsparadise.com\/wp-content\/uploads\/2021\/03\/cropped-logo_final_urns_paradise_couleur_vertical.png","contentUrl":"https:\/\/urnsparadise.com\/wp-content\/uploads\/2021\/03\/cropped-logo_final_urns_paradise_couleur_vertical.png","width":512,"height":512,"caption":"Urns Paradise"},"image":{"@id":"https:\/\/urnsparadise.com\/#\/schema\/logo\/image\/"}},{"@type":"WebSite","@id":"https:\/\/urnsparadise.com\/#website","url":"https:\/\/urnsparadise.com\/","name":"Urns Paradise","description":"","publisher":{"@id":"https:\/\/urnsparadise.com\/#organization"},"potentialAction":[{"@type":"SearchAction","target":{"@type":"EntryPoint","urlTemplate":"https:\/\/urnsparadise.com\/?s={search_term_string}"},"query-input":"required name=search_term_string"}],"inLanguage":"de"},{"@type":"WebPage","@id":"https:\/\/urnsparadise.com\/de\/produkt\/bestattungsurne-biologisch-abbaubar-marguerite\/","url":"https:\/\/urnsparadise.com\/de\/produkt\/bestattungsurne-biologisch-abbaubar-marguerite\/","name":"Bestattungsurne Biologisch Abbaubar Daisy F\u00fcr Hunde, Katzen und neue Haustiere: Gr\u00f6\u00dfe M, L, S &ndash; Urns Paradise","isPartOf":{"@id":"https:\/\/urnsparadise.com\/#website"},"datePublished":"2021-02-07T14:35:30+00:00","dateModified":"2023-05-20T15:49:31+00:00","breadcrumb":{"@id":"https:\/\/urnsparadise.com\/de\/produkt\/bestattungsurne-biologisch-abbaubar-marguerite\/#breadcrumb"},"inLanguage":"de","potentialAction":[{"@type":"ReadAction","target":["https:\/\/urnsparadise.com\/de\/produkt\/bestattungsurne-biologisch-abbaubar-marguerite\/"]}]},{"@type":"BreadcrumbList","@id":"https:\/\/urnsparadise.com\/de\/produkt\/bestattungsurne-biologisch-abbaubar-marguerite\/#breadcrumb","itemListElement":[{"@type":"ListItem","position":1,"name":"Accueil","item":"https:\/\/urnsparadise.com\/de\/"},{"@type":"ListItem","position":2,"name":"Laden","item":"https:\/\/urnsparadise.com\/de\/laden\/"},{"@type":"ListItem","position":3,"name":"Bestattungsurne Biologisch Abbaubar Daisy F\u00fcr Hunde, Katzen und neue Haustiere: Gr\u00f6\u00dfe M, L, S"}]}]}},"_links":{"self":[{"href":"https:\/\/urnsparadise.com\/de\/wp-json\/wp\/v2\/product\/6777"}],"collection":[{"href":"https:\/\/urnsparadise.com\/de\/wp-json\/wp\/v2\/product"}],"about":[{"href":"https:\/\/urnsparadise.com\/de\/wp-json\/wp\/v2\/types\/product"}],"replies":[{"embeddable":true,"href":"https:\/\/urnsparadise.com\/de\/wp-json\/wp\/v2\/comments?post=6777"}],"version-history":[{"count":7,"href":"https:\/\/urnsparadise.com\/de\/wp-json\/wp\/v2\/product\/6777\/revisions"}],"predecessor-version":[{"id":13358,"href":"https:\/\/urnsparadise.com\/de\/wp-json\/wp\/v2\/product\/6777\/revisions\/13358"}],"wp:featuredmedia":[{"embeddable":true,"href":"https:\/\/urnsparadise.com\/de\/wp-json\/wp\/v2\/media\/6908"}],"wp:attachment":[{"href":"https:\/\/urnsparadise.com\/de\/wp-json\/wp\/v2\/media?parent=6777"}],"wp:term":[{"taxonomy":"product_cat","embeddable":true,"href":"https:\/\/urnsparadise.com\/de\/wp-json\/wp\/v2\/product_cat?post=6777"},{"taxonomy":"product_tag","embeddable":true,"href":"https:\/\/urnsparadise.com\/de\/wp-json\/wp\/v2\/product_tag?post=6777"}],"curies":[{"name":"wp","href":"https:\/\/api.w.org\/{rel}","templated":true}]}}