{"id":6859,"date":"2021-02-07T16:56:35","date_gmt":"2021-02-07T15:56:36","guid":{"rendered":"https:\/\/urnsparadise.com\/?post_type=product&#038;p=6859"},"modified":"2023-05-20T17:42:11","modified_gmt":"2023-05-20T15:42:11","slug":"bestattungsurne-biologisch-abbaubar-mowglie","status":"publish","type":"product","link":"https:\/\/urnsparadise.com\/de\/produkt\/bestattungsurne-biologisch-abbaubar-mowglie\/","title":{"rendered":"Mowglie Biologisch Abbaubare Bestattungsurne f\u00fcr Hunde, Katzen und neue Haustiere : Gr\u00f6\u00dfe M, L"},"content":{"rendered":"<p><span style=\"font-weight: 400;\">\u26b1 Die Mowglie-Urne ist die ideale M\u00f6glichkeit, eine ewige Erinnerung an Ihren Begleiter f\u00fcr den Rest Ihres Lebens zu bewahren.<\/span><\/p>\n<p><span class=\"a-list-item\">\ud83c\udf33<span style=\"font-weight: 400;\">Die Urne ist zu 100% aus Bambus aus nachhaltiger Forstwirtschaft gefertigt. <\/span><\/span><\/p>\n<p><span class=\"a-list-item\">\ud83c\udf33<span style=\"font-weight: 400;\">Die Urne ist 100% biologisch abbaubar, sie zersetzt sich allm\u00e4hlich \u00fcber mehrere Wochen, je nach Bodenfeuchtigkeit. Sie k\u00f6nnen w\u00e4hlen, ob Sie die. Urne zu Hause aufbewahren oder begraben m\u00f6chten. <\/span><\/span><\/p>\n<p><span style=\"font-weight: 400;\"><span class=\"a-list-item\">\ud83d\ude3d \ud83d\udc15 Diese Urne hat eine \u00d6ffnung an der Oberseite, um die Asche darin zu deponieren.<\/span><\/span><\/p>\n","protected":false},"excerpt":{"rendered":"<p>\u2705 Auf Bestellung 20 Tage<\/p>\n<p>\ud83d\ude3d Vollst\u00e4ndig biologisch abbaubare Urne.<\/p>\n<p>\u2705 2 Gr\u00f6\u00dfen erh\u00e4ltlich.<\/p>\n","protected":false},"featured_media":6879,"comment_status":"open","ping_status":"closed","template":"","meta":{"_mi_skip_tracking":false,"_monsterinsights_sitenote_active":false,"_monsterinsights_sitenote_note":"","_monsterinsights_sitenote_category":0},"product_cat":[353,352,145,152,148,350,351,160],"product_tag":[],"yoast_head":"<!-- This site is optimized with the Yoast SEO plugin v19.4 - https:\/\/yoast.com\/wordpress\/plugins\/seo\/ -->\n<title>Mowglie Biologisch Abbaubare Bestattungsurne f\u00fcr Hunde, Katzen und neue Haustiere : Gr\u00f6\u00dfe M, L &ndash; Urns Paradise<\/title>\n<meta name=\"robots\" content=\"index, follow, max-snippet:-1, max-image-preview:large, max-video-preview:-1\" \/>\n<link rel=\"canonical\" href=\"https:\/\/urnsparadise.com\/de\/produkt\/bestattungsurne-biologisch-abbaubar-mowglie\/\" \/>\n<meta property=\"og:locale\" content=\"de_DE\" \/>\n<meta property=\"og:type\" content=\"article\" \/>\n<meta property=\"og:title\" content=\"Mowglie Biologisch Abbaubare Bestattungsurne f\u00fcr Hunde, Katzen und neue Haustiere : Gr\u00f6\u00dfe M, L &ndash; Urns Paradise\" \/>\n<meta property=\"og:description\" content=\"\u2705 Auf Bestellung 20 Tage  \ud83d\ude3d Vollst\u00e4ndig biologisch abbaubare Urne.  \u2705 2 Gr\u00f6\u00dfen erh\u00e4ltlich.\" \/>\n<meta property=\"og:url\" content=\"https:\/\/urnsparadise.com\/de\/produkt\/bestattungsurne-biologisch-abbaubar-mowglie\/\" \/>\n<meta property=\"og:site_name\" content=\"Urns Paradise\" \/>\n<meta property=\"article:modified_time\" content=\"2023-05-20T15:42:11+00:00\" \/>\n<meta property=\"og:image\" content=\"https:\/\/urnsparadise.com\/wp-content\/uploads\/2021\/02\/Urne-Bambou-Mowglie-copie-copie.jpg\" \/>\n\t<meta property=\"og:image:width\" content=\"2517\" \/>\n\t<meta property=\"og:image:height\" content=\"2529\" \/>\n\t<meta property=\"og:image:type\" content=\"image\/jpeg\" \/>\n<meta name=\"twitter:card\" content=\"summary_large_image\" \/>\n<meta name=\"twitter:label1\" content=\"Gesch\u00e4tzte Lesezeit\" \/>\n\t<meta name=\"twitter:data1\" content=\"1\u00a0Minute\" \/>\n<script type=\"application\/ld+json\" class=\"yoast-schema-graph\">{\"@context\":\"https:\/\/schema.org\",\"@graph\":[{\"@type\":\"Organization\",\"@id\":\"https:\/\/urnsparadise.com\/#organization\",\"name\":\"Urns Paradise\",\"url\":\"https:\/\/urnsparadise.com\/\",\"sameAs\":[],\"logo\":{\"@type\":\"ImageObject\",\"inLanguage\":\"de\",\"@id\":\"https:\/\/urnsparadise.com\/#\/schema\/logo\/image\/\",\"url\":\"https:\/\/urnsparadise.com\/wp-content\/uploads\/2021\/03\/cropped-logo_final_urns_paradise_couleur_vertical.png\",\"contentUrl\":\"https:\/\/urnsparadise.com\/wp-content\/uploads\/2021\/03\/cropped-logo_final_urns_paradise_couleur_vertical.png\",\"width\":512,\"height\":512,\"caption\":\"Urns Paradise\"},\"image\":{\"@id\":\"https:\/\/urnsparadise.com\/#\/schema\/logo\/image\/\"}},{\"@type\":\"WebSite\",\"@id\":\"https:\/\/urnsparadise.com\/#website\",\"url\":\"https:\/\/urnsparadise.com\/\",\"name\":\"Urns Paradise\",\"description\":\"\",\"publisher\":{\"@id\":\"https:\/\/urnsparadise.com\/#organization\"},\"potentialAction\":[{\"@type\":\"SearchAction\",\"target\":{\"@type\":\"EntryPoint\",\"urlTemplate\":\"https:\/\/urnsparadise.com\/?s={search_term_string}\"},\"query-input\":\"required name=search_term_string\"}],\"inLanguage\":\"de\"},{\"@type\":\"WebPage\",\"@id\":\"https:\/\/urnsparadise.com\/de\/produkt\/bestattungsurne-biologisch-abbaubar-mowglie\/\",\"url\":\"https:\/\/urnsparadise.com\/de\/produkt\/bestattungsurne-biologisch-abbaubar-mowglie\/\",\"name\":\"Mowglie Biologisch Abbaubare Bestattungsurne f\u00fcr Hunde, Katzen und neue Haustiere : Gr\u00f6\u00dfe M, L &ndash; Urns Paradise\",\"isPartOf\":{\"@id\":\"https:\/\/urnsparadise.com\/#website\"},\"datePublished\":\"2021-02-07T15:56:36+00:00\",\"dateModified\":\"2023-05-20T15:42:11+00:00\",\"breadcrumb\":{\"@id\":\"https:\/\/urnsparadise.com\/de\/produkt\/bestattungsurne-biologisch-abbaubar-mowglie\/#breadcrumb\"},\"inLanguage\":\"de\",\"potentialAction\":[{\"@type\":\"ReadAction\",\"target\":[\"https:\/\/urnsparadise.com\/de\/produkt\/bestattungsurne-biologisch-abbaubar-mowglie\/\"]}]},{\"@type\":\"BreadcrumbList\",\"@id\":\"https:\/\/urnsparadise.com\/de\/produkt\/bestattungsurne-biologisch-abbaubar-mowglie\/#breadcrumb\",\"itemListElement\":[{\"@type\":\"ListItem\",\"position\":1,\"name\":\"Accueil\",\"item\":\"https:\/\/urnsparadise.com\/de\/\"},{\"@type\":\"ListItem\",\"position\":2,\"name\":\"Laden\",\"item\":\"https:\/\/urnsparadise.com\/de\/laden\/\"},{\"@type\":\"ListItem\",\"position\":3,\"name\":\"Mowglie Biologisch Abbaubare Bestattungsurne f\u00fcr Hunde, Katzen und neue Haustiere : Gr\u00f6\u00dfe M, L\"}]}]}<\/script>\n<!-- \/ Yoast SEO plugin. -->","yoast_head_json":{"title":"Mowglie Biologisch Abbaubare Bestattungsurne f\u00fcr Hunde, Katzen und neue Haustiere : Gr\u00f6\u00dfe M, L &ndash; Urns Paradise","robots":{"index":"index","follow":"follow","max-snippet":"max-snippet:-1","max-image-preview":"max-image-preview:large","max-video-preview":"max-video-preview:-1"},"canonical":"https:\/\/urnsparadise.com\/de\/produkt\/bestattungsurne-biologisch-abbaubar-mowglie\/","og_locale":"de_DE","og_type":"article","og_title":"Mowglie Biologisch Abbaubare Bestattungsurne f\u00fcr Hunde, Katzen und neue Haustiere : Gr\u00f6\u00dfe M, L &ndash; Urns Paradise","og_description":"\u2705 Auf Bestellung 20 Tage  \ud83d\ude3d Vollst\u00e4ndig biologisch abbaubare Urne.  \u2705 2 Gr\u00f6\u00dfen erh\u00e4ltlich.","og_url":"https:\/\/urnsparadise.com\/de\/produkt\/bestattungsurne-biologisch-abbaubar-mowglie\/","og_site_name":"Urns Paradise","article_modified_time":"2023-05-20T15:42:11+00:00","og_image":[{"width":2517,"height":2529,"url":"https:\/\/urnsparadise.com\/wp-content\/uploads\/2021\/02\/Urne-Bambou-Mowglie-copie-copie.jpg","type":"image\/jpeg"}],"twitter_card":"summary_large_image","twitter_misc":{"Gesch\u00e4tzte Lesezeit":"1\u00a0Minute"},"schema":{"@context":"https:\/\/schema.org","@graph":[{"@type":"Organization","@id":"https:\/\/urnsparadise.com\/#organization","name":"Urns Paradise","url":"https:\/\/urnsparadise.com\/","sameAs":[],"logo":{"@type":"ImageObject","inLanguage":"de","@id":"https:\/\/urnsparadise.com\/#\/schema\/logo\/image\/","url":"https:\/\/urnsparadise.com\/wp-content\/uploads\/2021\/03\/cropped-logo_final_urns_paradise_couleur_vertical.png","contentUrl":"https:\/\/urnsparadise.com\/wp-content\/uploads\/2021\/03\/cropped-logo_final_urns_paradise_couleur_vertical.png","width":512,"height":512,"caption":"Urns Paradise"},"image":{"@id":"https:\/\/urnsparadise.com\/#\/schema\/logo\/image\/"}},{"@type":"WebSite","@id":"https:\/\/urnsparadise.com\/#website","url":"https:\/\/urnsparadise.com\/","name":"Urns Paradise","description":"","publisher":{"@id":"https:\/\/urnsparadise.com\/#organization"},"potentialAction":[{"@type":"SearchAction","target":{"@type":"EntryPoint","urlTemplate":"https:\/\/urnsparadise.com\/?s={search_term_string}"},"query-input":"required name=search_term_string"}],"inLanguage":"de"},{"@type":"WebPage","@id":"https:\/\/urnsparadise.com\/de\/produkt\/bestattungsurne-biologisch-abbaubar-mowglie\/","url":"https:\/\/urnsparadise.com\/de\/produkt\/bestattungsurne-biologisch-abbaubar-mowglie\/","name":"Mowglie Biologisch Abbaubare Bestattungsurne f\u00fcr Hunde, Katzen und neue Haustiere : Gr\u00f6\u00dfe M, L &ndash; Urns Paradise","isPartOf":{"@id":"https:\/\/urnsparadise.com\/#website"},"datePublished":"2021-02-07T15:56:36+00:00","dateModified":"2023-05-20T15:42:11+00:00","breadcrumb":{"@id":"https:\/\/urnsparadise.com\/de\/produkt\/bestattungsurne-biologisch-abbaubar-mowglie\/#breadcrumb"},"inLanguage":"de","potentialAction":[{"@type":"ReadAction","target":["https:\/\/urnsparadise.com\/de\/produkt\/bestattungsurne-biologisch-abbaubar-mowglie\/"]}]},{"@type":"BreadcrumbList","@id":"https:\/\/urnsparadise.com\/de\/produkt\/bestattungsurne-biologisch-abbaubar-mowglie\/#breadcrumb","itemListElement":[{"@type":"ListItem","position":1,"name":"Accueil","item":"https:\/\/urnsparadise.com\/de\/"},{"@type":"ListItem","position":2,"name":"Laden","item":"https:\/\/urnsparadise.com\/de\/laden\/"},{"@type":"ListItem","position":3,"name":"Mowglie Biologisch Abbaubare Bestattungsurne f\u00fcr Hunde, Katzen und neue Haustiere : Gr\u00f6\u00dfe M, L"}]}]}},"_links":{"self":[{"href":"https:\/\/urnsparadise.com\/de\/wp-json\/wp\/v2\/product\/6859"}],"collection":[{"href":"https:\/\/urnsparadise.com\/de\/wp-json\/wp\/v2\/product"}],"about":[{"href":"https:\/\/urnsparadise.com\/de\/wp-json\/wp\/v2\/types\/product"}],"replies":[{"embeddable":true,"href":"https:\/\/urnsparadise.com\/de\/wp-json\/wp\/v2\/comments?post=6859"}],"version-history":[{"count":6,"href":"https:\/\/urnsparadise.com\/de\/wp-json\/wp\/v2\/product\/6859\/revisions"}],"predecessor-version":[{"id":13353,"href":"https:\/\/urnsparadise.com\/de\/wp-json\/wp\/v2\/product\/6859\/revisions\/13353"}],"wp:featuredmedia":[{"embeddable":true,"href":"https:\/\/urnsparadise.com\/de\/wp-json\/wp\/v2\/media\/6879"}],"wp:attachment":[{"href":"https:\/\/urnsparadise.com\/de\/wp-json\/wp\/v2\/media?parent=6859"}],"wp:term":[{"taxonomy":"product_cat","embeddable":true,"href":"https:\/\/urnsparadise.com\/de\/wp-json\/wp\/v2\/product_cat?post=6859"},{"taxonomy":"product_tag","embeddable":true,"href":"https:\/\/urnsparadise.com\/de\/wp-json\/wp\/v2\/product_tag?post=6859"}],"curies":[{"name":"wp","href":"https:\/\/api.w.org\/{rel}","templated":true}]}}