{"id":7019,"date":"2021-02-12T17:26:31","date_gmt":"2021-02-12T16:26:32","guid":{"rendered":"https:\/\/urnsparadise.com\/?post_type=product&#038;p=7019"},"modified":"2021-03-12T17:41:11","modified_gmt":"2021-03-12T16:41:11","slug":"laydaman-metall-bestattungsurne","status":"publish","type":"product","link":"https:\/\/urnsparadise.com\/de\/produkt\/laydaman-metall-bestattungsurne\/","title":{"rendered":"Laydaman metall Bestattungsurne: Blau, Wei\u00df, Bordeaux"},"content":{"rendered":"<p><span style=\"font-weight: 400;\">\ud83d\udc49 Die Urne laydaman<\/span><span style=\"font-weight: 400;\">\u00a0<\/span><span style=\"font-weight: 400;\">von hoher Qualit\u00e4t ist in metall<\/span><span style=\"font-weight: 400;\">. <\/span><span style=\"font-weight: 400;\">Jede Urne ist einzigartig in ihrem Design und Herstellung, handgefertigt von erfahrenen Handwerkern.<\/span><\/p>\n<p>\u26b1 <span style=\"font-weight: 400;\">\u00a0Die Laydaman-Urne ist eine sehr sch\u00f6ne Urne, deren Name an die S\u00fc\u00dfe von Mandeln erinnert.\u00a0 <\/span><\/p>\n<p><span style=\"font-weight: 400;\">\u2705<\/span><span lang=\"de\"> Diese Urne hat oben eine \u00d6ffnung zur Aufbewahrung von Asche.<\/span><\/p>\n","protected":false},"excerpt":{"rendered":"<p>\ud83d\udc49 Die Urne laydaman\u00a0von hoher Qualit\u00e4t ist in metall. Jede Urne ist einzigartig in ihrem Design und Herstellung, handgefertigt von erfahrenen Handwerkern. \u26b1 \u00a0Die Laydaman-Urne ist eine sehr sch\u00f6ne Urne, deren Name an die S\u00fc\u00dfe von Mandeln erinnert.\u00a0 \u2705 Diese Urne hat oben eine \u00d6ffnung zur Aufbewahrung von Asche.<\/p>\n","protected":false},"featured_media":7059,"comment_status":"open","ping_status":"closed","template":"","meta":{"_mi_skip_tracking":false,"_monsterinsights_sitenote_active":false,"_monsterinsights_sitenote_note":"","_monsterinsights_sitenote_category":0},"product_cat":[359,156,154],"product_tag":[],"yoast_head":"<!-- This site is optimized with the Yoast SEO plugin v19.4 - https:\/\/yoast.com\/wordpress\/plugins\/seo\/ -->\n<title>Laydaman metall Bestattungsurne: Blau, Wei\u00df, Bordeaux &ndash; Urns Paradise<\/title>\n<meta name=\"robots\" content=\"index, follow, max-snippet:-1, max-image-preview:large, max-video-preview:-1\" \/>\n<link rel=\"canonical\" href=\"https:\/\/urnsparadise.com\/de\/product\/laydaman-metall-bestattungsurne\/\" \/>\n<meta property=\"og:locale\" content=\"de_DE\" \/>\n<meta property=\"og:type\" content=\"article\" \/>\n<meta property=\"og:title\" content=\"Laydaman metall Bestattungsurne: Blau, Wei\u00df, Bordeaux &ndash; Urns Paradise\" \/>\n<meta property=\"og:description\" content=\"\ud83d\udc49 Die Urne laydaman\u00a0von hoher Qualit\u00e4t ist in metall. Jede Urne ist einzigartig in ihrem Design und Herstellung, handgefertigt von erfahrenen Handwerkern. \u26b1 \u00a0Die Laydaman-Urne ist eine sehr sch\u00f6ne Urne, deren Name an die S\u00fc\u00dfe von Mandeln erinnert.\u00a0 \u2705 Diese Urne hat oben eine \u00d6ffnung zur Aufbewahrung von Asche.\" \/>\n<meta property=\"og:url\" content=\"https:\/\/urnsparadise.com\/de\/product\/laydaman-metall-bestattungsurne\/\" \/>\n<meta property=\"og:site_name\" content=\"Urns Paradise\" \/>\n<meta property=\"article:modified_time\" content=\"2021-03-12T16:41:11+00:00\" \/>\n<meta property=\"og:image\" content=\"https:\/\/urnsparadise.com\/wp-content\/uploads\/2021\/02\/5401-779x1024.png\" \/>\n\t<meta property=\"og:image:width\" content=\"779\" \/>\n\t<meta property=\"og:image:height\" content=\"1024\" \/>\n\t<meta property=\"og:image:type\" content=\"image\/png\" \/>\n<meta name=\"twitter:card\" content=\"summary_large_image\" \/>\n<script type=\"application\/ld+json\" class=\"yoast-schema-graph\">{\"@context\":\"https:\/\/schema.org\",\"@graph\":[{\"@type\":\"Organization\",\"@id\":\"https:\/\/urnsparadise.com\/#organization\",\"name\":\"Urns Paradise\",\"url\":\"https:\/\/urnsparadise.com\/\",\"sameAs\":[],\"logo\":{\"@type\":\"ImageObject\",\"inLanguage\":\"de\",\"@id\":\"https:\/\/urnsparadise.com\/#\/schema\/logo\/image\/\",\"url\":\"https:\/\/urnsparadise.com\/wp-content\/uploads\/2021\/03\/cropped-logo_final_urns_paradise_couleur_vertical.png\",\"contentUrl\":\"https:\/\/urnsparadise.com\/wp-content\/uploads\/2021\/03\/cropped-logo_final_urns_paradise_couleur_vertical.png\",\"width\":512,\"height\":512,\"caption\":\"Urns Paradise\"},\"image\":{\"@id\":\"https:\/\/urnsparadise.com\/#\/schema\/logo\/image\/\"}},{\"@type\":\"WebSite\",\"@id\":\"https:\/\/urnsparadise.com\/#website\",\"url\":\"https:\/\/urnsparadise.com\/\",\"name\":\"Urns Paradise\",\"description\":\"\",\"publisher\":{\"@id\":\"https:\/\/urnsparadise.com\/#organization\"},\"potentialAction\":[{\"@type\":\"SearchAction\",\"target\":{\"@type\":\"EntryPoint\",\"urlTemplate\":\"https:\/\/urnsparadise.com\/?s={search_term_string}\"},\"query-input\":\"required name=search_term_string\"}],\"inLanguage\":\"de\"},{\"@type\":\"WebPage\",\"@id\":\"https:\/\/urnsparadise.com\/de\/product\/laydaman-metall-bestattungsurne\/\",\"url\":\"https:\/\/urnsparadise.com\/de\/product\/laydaman-metall-bestattungsurne\/\",\"name\":\"Laydaman metall Bestattungsurne: Blau, Wei\u00df, Bordeaux &ndash; Urns Paradise\",\"isPartOf\":{\"@id\":\"https:\/\/urnsparadise.com\/#website\"},\"datePublished\":\"2021-02-12T16:26:32+00:00\",\"dateModified\":\"2021-03-12T16:41:11+00:00\",\"breadcrumb\":{\"@id\":\"https:\/\/urnsparadise.com\/de\/product\/laydaman-metall-bestattungsurne\/#breadcrumb\"},\"inLanguage\":\"de\",\"potentialAction\":[{\"@type\":\"ReadAction\",\"target\":[\"https:\/\/urnsparadise.com\/de\/product\/laydaman-metall-bestattungsurne\/\"]}]},{\"@type\":\"BreadcrumbList\",\"@id\":\"https:\/\/urnsparadise.com\/de\/product\/laydaman-metall-bestattungsurne\/#breadcrumb\",\"itemListElement\":[{\"@type\":\"ListItem\",\"position\":1,\"name\":\"Accueil\",\"item\":\"https:\/\/urnsparadise.com\/de\/\"},{\"@type\":\"ListItem\",\"position\":2,\"name\":\"Laden\",\"item\":\"https:\/\/urnsparadise.com\/de\/laden\/\"},{\"@type\":\"ListItem\",\"position\":3,\"name\":\"Laydaman metall Bestattungsurne: Blau, Wei\u00df, Bordeaux\"}]}]}<\/script>\n<!-- \/ Yoast SEO plugin. -->","yoast_head_json":{"title":"Laydaman metall Bestattungsurne: Blau, Wei\u00df, Bordeaux &ndash; Urns Paradise","robots":{"index":"index","follow":"follow","max-snippet":"max-snippet:-1","max-image-preview":"max-image-preview:large","max-video-preview":"max-video-preview:-1"},"canonical":"https:\/\/urnsparadise.com\/de\/product\/laydaman-metall-bestattungsurne\/","og_locale":"de_DE","og_type":"article","og_title":"Laydaman metall Bestattungsurne: Blau, Wei\u00df, Bordeaux &ndash; Urns Paradise","og_description":"\ud83d\udc49 Die Urne laydaman\u00a0von hoher Qualit\u00e4t ist in metall. Jede Urne ist einzigartig in ihrem Design und Herstellung, handgefertigt von erfahrenen Handwerkern. \u26b1 \u00a0Die Laydaman-Urne ist eine sehr sch\u00f6ne Urne, deren Name an die S\u00fc\u00dfe von Mandeln erinnert.\u00a0 \u2705 Diese Urne hat oben eine \u00d6ffnung zur Aufbewahrung von Asche.","og_url":"https:\/\/urnsparadise.com\/de\/product\/laydaman-metall-bestattungsurne\/","og_site_name":"Urns Paradise","article_modified_time":"2021-03-12T16:41:11+00:00","og_image":[{"width":779,"height":1024,"url":"https:\/\/urnsparadise.com\/wp-content\/uploads\/2021\/02\/5401-779x1024.png","type":"image\/png"}],"twitter_card":"summary_large_image","schema":{"@context":"https:\/\/schema.org","@graph":[{"@type":"Organization","@id":"https:\/\/urnsparadise.com\/#organization","name":"Urns Paradise","url":"https:\/\/urnsparadise.com\/","sameAs":[],"logo":{"@type":"ImageObject","inLanguage":"de","@id":"https:\/\/urnsparadise.com\/#\/schema\/logo\/image\/","url":"https:\/\/urnsparadise.com\/wp-content\/uploads\/2021\/03\/cropped-logo_final_urns_paradise_couleur_vertical.png","contentUrl":"https:\/\/urnsparadise.com\/wp-content\/uploads\/2021\/03\/cropped-logo_final_urns_paradise_couleur_vertical.png","width":512,"height":512,"caption":"Urns Paradise"},"image":{"@id":"https:\/\/urnsparadise.com\/#\/schema\/logo\/image\/"}},{"@type":"WebSite","@id":"https:\/\/urnsparadise.com\/#website","url":"https:\/\/urnsparadise.com\/","name":"Urns Paradise","description":"","publisher":{"@id":"https:\/\/urnsparadise.com\/#organization"},"potentialAction":[{"@type":"SearchAction","target":{"@type":"EntryPoint","urlTemplate":"https:\/\/urnsparadise.com\/?s={search_term_string}"},"query-input":"required name=search_term_string"}],"inLanguage":"de"},{"@type":"WebPage","@id":"https:\/\/urnsparadise.com\/de\/product\/laydaman-metall-bestattungsurne\/","url":"https:\/\/urnsparadise.com\/de\/product\/laydaman-metall-bestattungsurne\/","name":"Laydaman metall Bestattungsurne: Blau, Wei\u00df, Bordeaux &ndash; Urns Paradise","isPartOf":{"@id":"https:\/\/urnsparadise.com\/#website"},"datePublished":"2021-02-12T16:26:32+00:00","dateModified":"2021-03-12T16:41:11+00:00","breadcrumb":{"@id":"https:\/\/urnsparadise.com\/de\/product\/laydaman-metall-bestattungsurne\/#breadcrumb"},"inLanguage":"de","potentialAction":[{"@type":"ReadAction","target":["https:\/\/urnsparadise.com\/de\/product\/laydaman-metall-bestattungsurne\/"]}]},{"@type":"BreadcrumbList","@id":"https:\/\/urnsparadise.com\/de\/product\/laydaman-metall-bestattungsurne\/#breadcrumb","itemListElement":[{"@type":"ListItem","position":1,"name":"Accueil","item":"https:\/\/urnsparadise.com\/de\/"},{"@type":"ListItem","position":2,"name":"Laden","item":"https:\/\/urnsparadise.com\/de\/laden\/"},{"@type":"ListItem","position":3,"name":"Laydaman metall Bestattungsurne: Blau, Wei\u00df, Bordeaux"}]}]}},"_links":{"self":[{"href":"https:\/\/urnsparadise.com\/de\/wp-json\/wp\/v2\/product\/7019"}],"collection":[{"href":"https:\/\/urnsparadise.com\/de\/wp-json\/wp\/v2\/product"}],"about":[{"href":"https:\/\/urnsparadise.com\/de\/wp-json\/wp\/v2\/types\/product"}],"replies":[{"embeddable":true,"href":"https:\/\/urnsparadise.com\/de\/wp-json\/wp\/v2\/comments?post=7019"}],"version-history":[{"count":3,"href":"https:\/\/urnsparadise.com\/de\/wp-json\/wp\/v2\/product\/7019\/revisions"}],"predecessor-version":[{"id":7928,"href":"https:\/\/urnsparadise.com\/de\/wp-json\/wp\/v2\/product\/7019\/revisions\/7928"}],"wp:featuredmedia":[{"embeddable":true,"href":"https:\/\/urnsparadise.com\/de\/wp-json\/wp\/v2\/media\/7059"}],"wp:attachment":[{"href":"https:\/\/urnsparadise.com\/de\/wp-json\/wp\/v2\/media?parent=7019"}],"wp:term":[{"taxonomy":"product_cat","embeddable":true,"href":"https:\/\/urnsparadise.com\/de\/wp-json\/wp\/v2\/product_cat?post=7019"},{"taxonomy":"product_tag","embeddable":true,"href":"https:\/\/urnsparadise.com\/de\/wp-json\/wp\/v2\/product_tag?post=7019"}],"curies":[{"name":"wp","href":"https:\/\/api.w.org\/{rel}","templated":true}]}}