{"id":7238,"date":"2021-02-14T16:30:02","date_gmt":"2021-02-14T15:30:03","guid":{"rendered":"https:\/\/urnsparadise.com\/?post_type=product&#038;p=7238"},"modified":"2021-03-12T18:49:50","modified_gmt":"2021-03-12T17:49:50","slug":"bestattungsurne-corde-in-zinn-silber-mit-kordel","status":"publish","type":"product","link":"https:\/\/urnsparadise.com\/de\/produkt\/bestattungsurne-corde-in-zinn-silber-mit-kordel\/","title":{"rendered":"Bestattungsurne Corde In Zinn, Silber Mit Kordel: 2 Gr\u00f6\u00dfen Verf\u00fcgbar"},"content":{"rendered":"<p><span style=\"font-weight: 400;\">\ud83d\udc49 Die Urne Corde<\/span><span style=\"font-weight: 400;\">\u00a0<\/span><span style=\"font-weight: 400;\">von hoher Qualit\u00e4t ist in langlebigem In zinn<\/span><span style=\"font-weight: 400;\">. <\/span><span style=\"font-weight: 400;\">Jede Urne ist einzigartig in ihrem Design und Herstellung, handgefertigt von erfahrenen Handwerkern.<\/span><\/p>\n<p><span style=\"font-weight: 400;\">\u26b1 Die Kordelurne ist mit einer Kordel um den Deckel verziert.<\/span><\/p>\n<p><span style=\"font-weight: 400;\">\u26b1 Diese Urne ist auch als Reliquie (auch als Mini- oder Mikro-Urne bekannt) erh\u00e4ltlich, um ein Andenken (Schmuckst\u00fcck, Haarlocke&#8230;) an Ihren Verstorbenen symbolisch aufzubewahren.<\/span><\/p>\n<p><span style=\"font-weight: 400;\">\u2705 Diese Urne hat oben eine \u00d6ffnung zur, um die Asche einzulegen.<\/span><\/p>\n<p><span style=\"font-weight: 400;\">\u2705 Die Gr\u00f6\u00dfe L hat eine H\u00f6he von 23 cm, einen Durchmesser von 16 cm und kann bis zu 2,2 Liter fassen.\u00a0<\/span><\/p>\n<p><span style=\"font-weight: 400;\">\u2705 Die Reliquiengr\u00f6\u00dfe hat eine H\u00f6he von 10,5 cm, einen Durchmesser von 8 cm und kann bis zu 0,3 Liter fassen.<\/span><\/p>\n","protected":false},"excerpt":{"rendered":"<p>\ud83d\udc49 Die Urne Corde\u00a0von hoher Qualit\u00e4t ist in langlebigem In zinn. Jede Urne ist einzigartig in ihrem Design und Herstellung, handgefertigt von erfahrenen Handwerkern. \u26b1 Die Kordelurne ist mit einer Kordel um den Deckel verziert. \u26b1 Diese Urne ist auch als Reliquie (auch als Mini- oder Mikro-Urne bekannt) erh\u00e4ltlich, um ein Andenken (Schmuckst\u00fcck, Haarlocke&#8230;) an &hellip; <\/p>\n<p class=\"link-more\"><a href=\"https:\/\/urnsparadise.com\/de\/produkt\/bestattungsurne-corde-in-zinn-silber-mit-kordel\/\" class=\"more-link\">Read More <span class=\"screen-reader-text\"> &#8222;Bestattungsurne Corde In Zinn, Silber Mit Kordel: 2 Gr\u00f6\u00dfen Verf\u00fcgbar&#8220;<\/span><\/a><\/p>\n","protected":false},"featured_media":7251,"comment_status":"open","ping_status":"closed","template":"","meta":{"_mi_skip_tracking":false,"_monsterinsights_sitenote_active":false,"_monsterinsights_sitenote_note":"","_monsterinsights_sitenote_category":0},"product_cat":[359,159,156,154],"product_tag":[],"yoast_head":"<!-- This site is optimized with the Yoast SEO plugin v19.4 - https:\/\/yoast.com\/wordpress\/plugins\/seo\/ -->\n<title>Bestattungsurne Corde In Zinn, Silber Mit Kordel: 2 Gr\u00f6\u00dfen Verf\u00fcgbar &ndash; Urns Paradise<\/title>\n<meta name=\"robots\" content=\"index, follow, max-snippet:-1, max-image-preview:large, max-video-preview:-1\" \/>\n<link rel=\"canonical\" href=\"https:\/\/urnsparadise.com\/de\/product\/bestattungsurne-corde-in-zinn-silber-mit-kordel\/\" \/>\n<meta property=\"og:locale\" content=\"de_DE\" \/>\n<meta property=\"og:type\" content=\"article\" \/>\n<meta property=\"og:title\" content=\"Bestattungsurne Corde In Zinn, Silber Mit Kordel: 2 Gr\u00f6\u00dfen Verf\u00fcgbar &ndash; Urns Paradise\" \/>\n<meta property=\"og:description\" content=\"\ud83d\udc49 Die Urne Corde\u00a0von hoher Qualit\u00e4t ist in langlebigem In zinn. Jede Urne ist einzigartig in ihrem Design und Herstellung, handgefertigt von erfahrenen Handwerkern. \u26b1 Die Kordelurne ist mit einer Kordel um den Deckel verziert. \u26b1 Diese Urne ist auch als Reliquie (auch als Mini- oder Mikro-Urne bekannt) erh\u00e4ltlich, um ein Andenken (Schmuckst\u00fcck, Haarlocke&#8230;) an &hellip; Read More &quot;Bestattungsurne Corde In Zinn, Silber Mit Kordel: 2 Gr\u00f6\u00dfen Verf\u00fcgbar&quot;\" \/>\n<meta property=\"og:url\" content=\"https:\/\/urnsparadise.com\/de\/product\/bestattungsurne-corde-in-zinn-silber-mit-kordel\/\" \/>\n<meta property=\"og:site_name\" content=\"Urns Paradise\" \/>\n<meta property=\"article:modified_time\" content=\"2021-03-12T17:49:50+00:00\" \/>\n<meta property=\"og:image\" content=\"https:\/\/urnsparadise.com\/wp-content\/uploads\/2021\/02\/5300-721x1024.png\" \/>\n\t<meta property=\"og:image:width\" content=\"721\" \/>\n\t<meta property=\"og:image:height\" content=\"1024\" \/>\n\t<meta property=\"og:image:type\" content=\"image\/png\" \/>\n<meta name=\"twitter:card\" content=\"summary_large_image\" \/>\n<meta name=\"twitter:label1\" content=\"Gesch\u00e4tzte Lesezeit\" \/>\n\t<meta name=\"twitter:data1\" content=\"1\u00a0Minute\" \/>\n<script type=\"application\/ld+json\" class=\"yoast-schema-graph\">{\"@context\":\"https:\/\/schema.org\",\"@graph\":[{\"@type\":\"Organization\",\"@id\":\"https:\/\/urnsparadise.com\/#organization\",\"name\":\"Urns Paradise\",\"url\":\"https:\/\/urnsparadise.com\/\",\"sameAs\":[],\"logo\":{\"@type\":\"ImageObject\",\"inLanguage\":\"de\",\"@id\":\"https:\/\/urnsparadise.com\/#\/schema\/logo\/image\/\",\"url\":\"https:\/\/urnsparadise.com\/wp-content\/uploads\/2021\/03\/cropped-logo_final_urns_paradise_couleur_vertical.png\",\"contentUrl\":\"https:\/\/urnsparadise.com\/wp-content\/uploads\/2021\/03\/cropped-logo_final_urns_paradise_couleur_vertical.png\",\"width\":512,\"height\":512,\"caption\":\"Urns Paradise\"},\"image\":{\"@id\":\"https:\/\/urnsparadise.com\/#\/schema\/logo\/image\/\"}},{\"@type\":\"WebSite\",\"@id\":\"https:\/\/urnsparadise.com\/#website\",\"url\":\"https:\/\/urnsparadise.com\/\",\"name\":\"Urns Paradise\",\"description\":\"\",\"publisher\":{\"@id\":\"https:\/\/urnsparadise.com\/#organization\"},\"potentialAction\":[{\"@type\":\"SearchAction\",\"target\":{\"@type\":\"EntryPoint\",\"urlTemplate\":\"https:\/\/urnsparadise.com\/?s={search_term_string}\"},\"query-input\":\"required name=search_term_string\"}],\"inLanguage\":\"de\"},{\"@type\":\"WebPage\",\"@id\":\"https:\/\/urnsparadise.com\/de\/product\/bestattungsurne-corde-in-zinn-silber-mit-kordel\/\",\"url\":\"https:\/\/urnsparadise.com\/de\/product\/bestattungsurne-corde-in-zinn-silber-mit-kordel\/\",\"name\":\"Bestattungsurne Corde In Zinn, Silber Mit Kordel: 2 Gr\u00f6\u00dfen Verf\u00fcgbar &ndash; Urns Paradise\",\"isPartOf\":{\"@id\":\"https:\/\/urnsparadise.com\/#website\"},\"datePublished\":\"2021-02-14T15:30:03+00:00\",\"dateModified\":\"2021-03-12T17:49:50+00:00\",\"breadcrumb\":{\"@id\":\"https:\/\/urnsparadise.com\/de\/product\/bestattungsurne-corde-in-zinn-silber-mit-kordel\/#breadcrumb\"},\"inLanguage\":\"de\",\"potentialAction\":[{\"@type\":\"ReadAction\",\"target\":[\"https:\/\/urnsparadise.com\/de\/product\/bestattungsurne-corde-in-zinn-silber-mit-kordel\/\"]}]},{\"@type\":\"BreadcrumbList\",\"@id\":\"https:\/\/urnsparadise.com\/de\/product\/bestattungsurne-corde-in-zinn-silber-mit-kordel\/#breadcrumb\",\"itemListElement\":[{\"@type\":\"ListItem\",\"position\":1,\"name\":\"Accueil\",\"item\":\"https:\/\/urnsparadise.com\/de\/\"},{\"@type\":\"ListItem\",\"position\":2,\"name\":\"Laden\",\"item\":\"https:\/\/urnsparadise.com\/de\/laden\/\"},{\"@type\":\"ListItem\",\"position\":3,\"name\":\"Bestattungsurne Corde In Zinn, Silber Mit Kordel: 2 Gr\u00f6\u00dfen Verf\u00fcgbar\"}]}]}<\/script>\n<!-- \/ Yoast SEO plugin. -->","yoast_head_json":{"title":"Bestattungsurne Corde In Zinn, Silber Mit Kordel: 2 Gr\u00f6\u00dfen Verf\u00fcgbar &ndash; Urns Paradise","robots":{"index":"index","follow":"follow","max-snippet":"max-snippet:-1","max-image-preview":"max-image-preview:large","max-video-preview":"max-video-preview:-1"},"canonical":"https:\/\/urnsparadise.com\/de\/product\/bestattungsurne-corde-in-zinn-silber-mit-kordel\/","og_locale":"de_DE","og_type":"article","og_title":"Bestattungsurne Corde In Zinn, Silber Mit Kordel: 2 Gr\u00f6\u00dfen Verf\u00fcgbar &ndash; Urns Paradise","og_description":"\ud83d\udc49 Die Urne Corde\u00a0von hoher Qualit\u00e4t ist in langlebigem In zinn. Jede Urne ist einzigartig in ihrem Design und Herstellung, handgefertigt von erfahrenen Handwerkern. \u26b1 Die Kordelurne ist mit einer Kordel um den Deckel verziert. \u26b1 Diese Urne ist auch als Reliquie (auch als Mini- oder Mikro-Urne bekannt) erh\u00e4ltlich, um ein Andenken (Schmuckst\u00fcck, Haarlocke&#8230;) an &hellip; Read More \"Bestattungsurne Corde In Zinn, Silber Mit Kordel: 2 Gr\u00f6\u00dfen Verf\u00fcgbar\"","og_url":"https:\/\/urnsparadise.com\/de\/product\/bestattungsurne-corde-in-zinn-silber-mit-kordel\/","og_site_name":"Urns Paradise","article_modified_time":"2021-03-12T17:49:50+00:00","og_image":[{"width":721,"height":1024,"url":"https:\/\/urnsparadise.com\/wp-content\/uploads\/2021\/02\/5300-721x1024.png","type":"image\/png"}],"twitter_card":"summary_large_image","twitter_misc":{"Gesch\u00e4tzte Lesezeit":"1\u00a0Minute"},"schema":{"@context":"https:\/\/schema.org","@graph":[{"@type":"Organization","@id":"https:\/\/urnsparadise.com\/#organization","name":"Urns Paradise","url":"https:\/\/urnsparadise.com\/","sameAs":[],"logo":{"@type":"ImageObject","inLanguage":"de","@id":"https:\/\/urnsparadise.com\/#\/schema\/logo\/image\/","url":"https:\/\/urnsparadise.com\/wp-content\/uploads\/2021\/03\/cropped-logo_final_urns_paradise_couleur_vertical.png","contentUrl":"https:\/\/urnsparadise.com\/wp-content\/uploads\/2021\/03\/cropped-logo_final_urns_paradise_couleur_vertical.png","width":512,"height":512,"caption":"Urns Paradise"},"image":{"@id":"https:\/\/urnsparadise.com\/#\/schema\/logo\/image\/"}},{"@type":"WebSite","@id":"https:\/\/urnsparadise.com\/#website","url":"https:\/\/urnsparadise.com\/","name":"Urns Paradise","description":"","publisher":{"@id":"https:\/\/urnsparadise.com\/#organization"},"potentialAction":[{"@type":"SearchAction","target":{"@type":"EntryPoint","urlTemplate":"https:\/\/urnsparadise.com\/?s={search_term_string}"},"query-input":"required name=search_term_string"}],"inLanguage":"de"},{"@type":"WebPage","@id":"https:\/\/urnsparadise.com\/de\/product\/bestattungsurne-corde-in-zinn-silber-mit-kordel\/","url":"https:\/\/urnsparadise.com\/de\/product\/bestattungsurne-corde-in-zinn-silber-mit-kordel\/","name":"Bestattungsurne Corde In Zinn, Silber Mit Kordel: 2 Gr\u00f6\u00dfen Verf\u00fcgbar &ndash; Urns Paradise","isPartOf":{"@id":"https:\/\/urnsparadise.com\/#website"},"datePublished":"2021-02-14T15:30:03+00:00","dateModified":"2021-03-12T17:49:50+00:00","breadcrumb":{"@id":"https:\/\/urnsparadise.com\/de\/product\/bestattungsurne-corde-in-zinn-silber-mit-kordel\/#breadcrumb"},"inLanguage":"de","potentialAction":[{"@type":"ReadAction","target":["https:\/\/urnsparadise.com\/de\/product\/bestattungsurne-corde-in-zinn-silber-mit-kordel\/"]}]},{"@type":"BreadcrumbList","@id":"https:\/\/urnsparadise.com\/de\/product\/bestattungsurne-corde-in-zinn-silber-mit-kordel\/#breadcrumb","itemListElement":[{"@type":"ListItem","position":1,"name":"Accueil","item":"https:\/\/urnsparadise.com\/de\/"},{"@type":"ListItem","position":2,"name":"Laden","item":"https:\/\/urnsparadise.com\/de\/laden\/"},{"@type":"ListItem","position":3,"name":"Bestattungsurne Corde In Zinn, Silber Mit Kordel: 2 Gr\u00f6\u00dfen Verf\u00fcgbar"}]}]}},"_links":{"self":[{"href":"https:\/\/urnsparadise.com\/de\/wp-json\/wp\/v2\/product\/7238"}],"collection":[{"href":"https:\/\/urnsparadise.com\/de\/wp-json\/wp\/v2\/product"}],"about":[{"href":"https:\/\/urnsparadise.com\/de\/wp-json\/wp\/v2\/types\/product"}],"replies":[{"embeddable":true,"href":"https:\/\/urnsparadise.com\/de\/wp-json\/wp\/v2\/comments?post=7238"}],"version-history":[{"count":1,"href":"https:\/\/urnsparadise.com\/de\/wp-json\/wp\/v2\/product\/7238\/revisions"}],"predecessor-version":[{"id":7943,"href":"https:\/\/urnsparadise.com\/de\/wp-json\/wp\/v2\/product\/7238\/revisions\/7943"}],"wp:featuredmedia":[{"embeddable":true,"href":"https:\/\/urnsparadise.com\/de\/wp-json\/wp\/v2\/media\/7251"}],"wp:attachment":[{"href":"https:\/\/urnsparadise.com\/de\/wp-json\/wp\/v2\/media?parent=7238"}],"wp:term":[{"taxonomy":"product_cat","embeddable":true,"href":"https:\/\/urnsparadise.com\/de\/wp-json\/wp\/v2\/product_cat?post=7238"},{"taxonomy":"product_tag","embeddable":true,"href":"https:\/\/urnsparadise.com\/de\/wp-json\/wp\/v2\/product_tag?post=7238"}],"curies":[{"name":"wp","href":"https:\/\/api.w.org\/{rel}","templated":true}]}}