{"id":7374,"date":"2021-02-24T16:58:51","date_gmt":"2021-02-24T15:58:52","guid":{"rendered":"https:\/\/urnsparadise.com\/?post_type=product&#038;p=7374"},"modified":"2021-03-13T11:50:56","modified_gmt":"2021-03-13T10:50:56","slug":"bestattungsurne-milo-keramik","status":"publish","type":"product","link":"https:\/\/urnsparadise.com\/de\/produkt\/bestattungsurne-milo-keramik\/","title":{"rendered":"Bestattungsurne Milo Aus Keramik: Schwarzes Silber"},"content":{"rendered":"<p><span style=\"font-weight: 400;\">\ud83d\udc49 Die <\/span><span style=\"font-size: 1rem;\">Milo <\/span><span style=\"font-weight: 400;\">Urne<\/span><span style=\"font-weight: 400;\">\u00a0<\/span><span style=\"font-weight: 400;\">von hoher Qualit\u00e4t ist in Keramik.<\/span><span style=\"font-weight: 400;\">\u00a0<\/span><span style=\"font-weight: 400;\">Jede Urne ist einzigartig in ihrem Design und Herstellung, handgefertigt von erfahrenen Handwerkern.<\/span><\/p>\n<p><span style=\"font-weight: 400;\">\u26b1 Keramikurne des Typs &#8222;Majolika&#8220;, deren Bestandteile ihr eine besondere Widerstandsf\u00e4higkeit, vor allem gegen Witterungseinfl\u00fcsse, verleihen. Die Endbearbeitung dieser Urne wird durch das Auftragen von Emaille erreicht, was eine brillante Qualit\u00e4t ergibt. Die Urne Milo wird mit einem hitzebest\u00e4ndigen inneren Aschebeutel geliefert.\u00a0\u00a0<\/span><\/p>\n<p>\u2705 <span style=\"font-weight: 400;\">Diese Urne hat oben eine \u00d6ffnung zur, um die Asche einzulegen.<\/span><\/p>\n","protected":false},"excerpt":{"rendered":"<p>\ud83d\udc49 Die Milo Urne\u00a0von hoher Qualit\u00e4t ist in Keramik.\u00a0Jede Urne ist einzigartig in ihrem Design und Herstellung, handgefertigt von erfahrenen Handwerkern. \u26b1 Keramikurne des Typs &#8222;Majolika&#8220;, deren Bestandteile ihr eine besondere Widerstandsf\u00e4higkeit, vor allem gegen Witterungseinfl\u00fcsse, verleihen. Die Endbearbeitung dieser Urne wird durch das Auftragen von Emaille erreicht, was eine brillante Qualit\u00e4t ergibt. Die Urne &hellip; <\/p>\n<p class=\"link-more\"><a href=\"https:\/\/urnsparadise.com\/de\/produkt\/bestattungsurne-milo-keramik\/\" class=\"more-link\">Read More <span class=\"screen-reader-text\"> &#8222;Bestattungsurne Milo Aus Keramik: Schwarzes Silber&#8220;<\/span><\/a><\/p>\n","protected":false},"featured_media":7378,"comment_status":"open","ping_status":"closed","template":"","meta":{"_mi_skip_tracking":false,"_monsterinsights_sitenote_active":false,"_monsterinsights_sitenote_note":"","_monsterinsights_sitenote_category":0},"product_cat":[359,156,154],"product_tag":[],"yoast_head":"<!-- This site is optimized with the Yoast SEO plugin v19.4 - https:\/\/yoast.com\/wordpress\/plugins\/seo\/ -->\n<title>Bestattungsurne Milo Aus Keramik: Schwarzes Silber &ndash; Urns Paradise<\/title>\n<meta name=\"robots\" content=\"index, follow, max-snippet:-1, max-image-preview:large, max-video-preview:-1\" \/>\n<link rel=\"canonical\" href=\"https:\/\/urnsparadise.com\/de\/product\/bestattungsurne-milo-keramik\/\" \/>\n<meta property=\"og:locale\" content=\"de_DE\" \/>\n<meta property=\"og:type\" content=\"article\" \/>\n<meta property=\"og:title\" content=\"Bestattungsurne Milo Aus Keramik: Schwarzes Silber &ndash; Urns Paradise\" \/>\n<meta property=\"og:description\" content=\"\ud83d\udc49 Die Milo Urne\u00a0von hoher Qualit\u00e4t ist in Keramik.\u00a0Jede Urne ist einzigartig in ihrem Design und Herstellung, handgefertigt von erfahrenen Handwerkern. \u26b1 Keramikurne des Typs &#8222;Majolika&#8220;, deren Bestandteile ihr eine besondere Widerstandsf\u00e4higkeit, vor allem gegen Witterungseinfl\u00fcsse, verleihen. Die Endbearbeitung dieser Urne wird durch das Auftragen von Emaille erreicht, was eine brillante Qualit\u00e4t ergibt. Die Urne &hellip; Read More &quot;Bestattungsurne Milo Aus Keramik: Schwarzes Silber&quot;\" \/>\n<meta property=\"og:url\" content=\"https:\/\/urnsparadise.com\/de\/product\/bestattungsurne-milo-keramik\/\" \/>\n<meta property=\"og:site_name\" content=\"Urns Paradise\" \/>\n<meta property=\"article:modified_time\" content=\"2021-03-13T10:50:56+00:00\" \/>\n<meta property=\"og:image\" content=\"https:\/\/urnsparadise.com\/wp-content\/uploads\/2021\/02\/urne-Milo.png\" \/>\n\t<meta property=\"og:image:width\" content=\"385\" \/>\n\t<meta property=\"og:image:height\" content=\"379\" \/>\n\t<meta property=\"og:image:type\" content=\"image\/png\" \/>\n<meta name=\"twitter:card\" content=\"summary_large_image\" \/>\n<script type=\"application\/ld+json\" class=\"yoast-schema-graph\">{\"@context\":\"https:\/\/schema.org\",\"@graph\":[{\"@type\":\"Organization\",\"@id\":\"https:\/\/urnsparadise.com\/#organization\",\"name\":\"Urns Paradise\",\"url\":\"https:\/\/urnsparadise.com\/\",\"sameAs\":[],\"logo\":{\"@type\":\"ImageObject\",\"inLanguage\":\"de\",\"@id\":\"https:\/\/urnsparadise.com\/#\/schema\/logo\/image\/\",\"url\":\"https:\/\/urnsparadise.com\/wp-content\/uploads\/2021\/03\/cropped-logo_final_urns_paradise_couleur_vertical.png\",\"contentUrl\":\"https:\/\/urnsparadise.com\/wp-content\/uploads\/2021\/03\/cropped-logo_final_urns_paradise_couleur_vertical.png\",\"width\":512,\"height\":512,\"caption\":\"Urns Paradise\"},\"image\":{\"@id\":\"https:\/\/urnsparadise.com\/#\/schema\/logo\/image\/\"}},{\"@type\":\"WebSite\",\"@id\":\"https:\/\/urnsparadise.com\/#website\",\"url\":\"https:\/\/urnsparadise.com\/\",\"name\":\"Urns Paradise\",\"description\":\"\",\"publisher\":{\"@id\":\"https:\/\/urnsparadise.com\/#organization\"},\"potentialAction\":[{\"@type\":\"SearchAction\",\"target\":{\"@type\":\"EntryPoint\",\"urlTemplate\":\"https:\/\/urnsparadise.com\/?s={search_term_string}\"},\"query-input\":\"required name=search_term_string\"}],\"inLanguage\":\"de\"},{\"@type\":\"WebPage\",\"@id\":\"https:\/\/urnsparadise.com\/de\/product\/bestattungsurne-milo-keramik\/\",\"url\":\"https:\/\/urnsparadise.com\/de\/product\/bestattungsurne-milo-keramik\/\",\"name\":\"Bestattungsurne Milo Aus Keramik: Schwarzes Silber &ndash; Urns Paradise\",\"isPartOf\":{\"@id\":\"https:\/\/urnsparadise.com\/#website\"},\"datePublished\":\"2021-02-24T15:58:52+00:00\",\"dateModified\":\"2021-03-13T10:50:56+00:00\",\"breadcrumb\":{\"@id\":\"https:\/\/urnsparadise.com\/de\/product\/bestattungsurne-milo-keramik\/#breadcrumb\"},\"inLanguage\":\"de\",\"potentialAction\":[{\"@type\":\"ReadAction\",\"target\":[\"https:\/\/urnsparadise.com\/de\/product\/bestattungsurne-milo-keramik\/\"]}]},{\"@type\":\"BreadcrumbList\",\"@id\":\"https:\/\/urnsparadise.com\/de\/product\/bestattungsurne-milo-keramik\/#breadcrumb\",\"itemListElement\":[{\"@type\":\"ListItem\",\"position\":1,\"name\":\"Accueil\",\"item\":\"https:\/\/urnsparadise.com\/de\/\"},{\"@type\":\"ListItem\",\"position\":2,\"name\":\"Laden\",\"item\":\"https:\/\/urnsparadise.com\/de\/laden\/\"},{\"@type\":\"ListItem\",\"position\":3,\"name\":\"Bestattungsurne Milo Aus Keramik: Schwarzes Silber\"}]}]}<\/script>\n<!-- \/ Yoast SEO plugin. -->","yoast_head_json":{"title":"Bestattungsurne Milo Aus Keramik: Schwarzes Silber &ndash; Urns Paradise","robots":{"index":"index","follow":"follow","max-snippet":"max-snippet:-1","max-image-preview":"max-image-preview:large","max-video-preview":"max-video-preview:-1"},"canonical":"https:\/\/urnsparadise.com\/de\/product\/bestattungsurne-milo-keramik\/","og_locale":"de_DE","og_type":"article","og_title":"Bestattungsurne Milo Aus Keramik: Schwarzes Silber &ndash; Urns Paradise","og_description":"\ud83d\udc49 Die Milo Urne\u00a0von hoher Qualit\u00e4t ist in Keramik.\u00a0Jede Urne ist einzigartig in ihrem Design und Herstellung, handgefertigt von erfahrenen Handwerkern. \u26b1 Keramikurne des Typs &#8222;Majolika&#8220;, deren Bestandteile ihr eine besondere Widerstandsf\u00e4higkeit, vor allem gegen Witterungseinfl\u00fcsse, verleihen. Die Endbearbeitung dieser Urne wird durch das Auftragen von Emaille erreicht, was eine brillante Qualit\u00e4t ergibt. Die Urne &hellip; Read More \"Bestattungsurne Milo Aus Keramik: Schwarzes Silber\"","og_url":"https:\/\/urnsparadise.com\/de\/product\/bestattungsurne-milo-keramik\/","og_site_name":"Urns Paradise","article_modified_time":"2021-03-13T10:50:56+00:00","og_image":[{"width":385,"height":379,"url":"https:\/\/urnsparadise.com\/wp-content\/uploads\/2021\/02\/urne-Milo.png","type":"image\/png"}],"twitter_card":"summary_large_image","schema":{"@context":"https:\/\/schema.org","@graph":[{"@type":"Organization","@id":"https:\/\/urnsparadise.com\/#organization","name":"Urns Paradise","url":"https:\/\/urnsparadise.com\/","sameAs":[],"logo":{"@type":"ImageObject","inLanguage":"de","@id":"https:\/\/urnsparadise.com\/#\/schema\/logo\/image\/","url":"https:\/\/urnsparadise.com\/wp-content\/uploads\/2021\/03\/cropped-logo_final_urns_paradise_couleur_vertical.png","contentUrl":"https:\/\/urnsparadise.com\/wp-content\/uploads\/2021\/03\/cropped-logo_final_urns_paradise_couleur_vertical.png","width":512,"height":512,"caption":"Urns Paradise"},"image":{"@id":"https:\/\/urnsparadise.com\/#\/schema\/logo\/image\/"}},{"@type":"WebSite","@id":"https:\/\/urnsparadise.com\/#website","url":"https:\/\/urnsparadise.com\/","name":"Urns Paradise","description":"","publisher":{"@id":"https:\/\/urnsparadise.com\/#organization"},"potentialAction":[{"@type":"SearchAction","target":{"@type":"EntryPoint","urlTemplate":"https:\/\/urnsparadise.com\/?s={search_term_string}"},"query-input":"required name=search_term_string"}],"inLanguage":"de"},{"@type":"WebPage","@id":"https:\/\/urnsparadise.com\/de\/product\/bestattungsurne-milo-keramik\/","url":"https:\/\/urnsparadise.com\/de\/product\/bestattungsurne-milo-keramik\/","name":"Bestattungsurne Milo Aus Keramik: Schwarzes Silber &ndash; Urns Paradise","isPartOf":{"@id":"https:\/\/urnsparadise.com\/#website"},"datePublished":"2021-02-24T15:58:52+00:00","dateModified":"2021-03-13T10:50:56+00:00","breadcrumb":{"@id":"https:\/\/urnsparadise.com\/de\/product\/bestattungsurne-milo-keramik\/#breadcrumb"},"inLanguage":"de","potentialAction":[{"@type":"ReadAction","target":["https:\/\/urnsparadise.com\/de\/product\/bestattungsurne-milo-keramik\/"]}]},{"@type":"BreadcrumbList","@id":"https:\/\/urnsparadise.com\/de\/product\/bestattungsurne-milo-keramik\/#breadcrumb","itemListElement":[{"@type":"ListItem","position":1,"name":"Accueil","item":"https:\/\/urnsparadise.com\/de\/"},{"@type":"ListItem","position":2,"name":"Laden","item":"https:\/\/urnsparadise.com\/de\/laden\/"},{"@type":"ListItem","position":3,"name":"Bestattungsurne Milo Aus Keramik: Schwarzes Silber"}]}]}},"_links":{"self":[{"href":"https:\/\/urnsparadise.com\/de\/wp-json\/wp\/v2\/product\/7374"}],"collection":[{"href":"https:\/\/urnsparadise.com\/de\/wp-json\/wp\/v2\/product"}],"about":[{"href":"https:\/\/urnsparadise.com\/de\/wp-json\/wp\/v2\/types\/product"}],"replies":[{"embeddable":true,"href":"https:\/\/urnsparadise.com\/de\/wp-json\/wp\/v2\/comments?post=7374"}],"version-history":[{"count":1,"href":"https:\/\/urnsparadise.com\/de\/wp-json\/wp\/v2\/product\/7374\/revisions"}],"predecessor-version":[{"id":7964,"href":"https:\/\/urnsparadise.com\/de\/wp-json\/wp\/v2\/product\/7374\/revisions\/7964"}],"wp:featuredmedia":[{"embeddable":true,"href":"https:\/\/urnsparadise.com\/de\/wp-json\/wp\/v2\/media\/7378"}],"wp:attachment":[{"href":"https:\/\/urnsparadise.com\/de\/wp-json\/wp\/v2\/media?parent=7374"}],"wp:term":[{"taxonomy":"product_cat","embeddable":true,"href":"https:\/\/urnsparadise.com\/de\/wp-json\/wp\/v2\/product_cat?post=7374"},{"taxonomy":"product_tag","embeddable":true,"href":"https:\/\/urnsparadise.com\/de\/wp-json\/wp\/v2\/product_tag?post=7374"}],"curies":[{"name":"wp","href":"https:\/\/api.w.org\/{rel}","templated":true}]}}