{"id":7405,"date":"2021-02-24T18:47:05","date_gmt":"2021-02-24T17:47:05","guid":{"rendered":"https:\/\/urnsparadise.com\/?post_type=product&#038;p=7405"},"modified":"2021-03-13T12:43:59","modified_gmt":"2021-03-13T11:43:59","slug":"bestattungsurne-prince-aus-limoges-porzellan","status":"publish","type":"product","link":"https:\/\/urnsparadise.com\/de\/produkt\/bestattungsurne-prince-aus-limoges-porzellan\/","title":{"rendered":"Bestattungsurne Prince Aus Limoges-Porzellan Blau Aus Blumenmuster: 2 Gr\u00f6\u00dfen Verf\u00fcgbar"},"content":{"rendered":"<p><span style=\"font-weight: 400;\">\ud83d\udc49 Diese pr\u00e4chtige Graburne aus Limoges-Porzellan ist unbestreitbar elegant. Diese Asche-Urne ist mit dekorativen Ornamenten ausgestattet. Die goldgestreifte Traditionsurne ist zudem handbemalt, was die Authentizit\u00e4t der Vase unterstreicht.\u00a0<\/span><\/p>\n<p><span style=\"font-weight: 400;\">\u26b1 Die Urne mit sch\u00f6nen Blumen symbolisiert die Natur und die Sch\u00f6nheit, die sie widerspiegelt.<\/span><\/p>\n<p><span style=\"font-weight: 400;\">\u26b1 Diese Urne ist auch als Reliquie (auch als Mini- oder Mikro-Urne bekannt) erh\u00e4ltlich, um ein Andenken (Schmuckst\u00fcck, Haarlocke&#8230;) an Ihren Verstorbenen symbolisch aufzubewahren.<\/span><\/p>\n<p><span style=\"font-weight: 400;\">\u2705 Diese Urne hat oben eine \u00d6ffnung zur, um die Asche einzulegen.<\/span><\/p>\n<p><span style=\"font-weight: 400;\">\u2705 Die Gr\u00f6\u00dfe L hat eine H\u00f6he von 24 cm, einen Durchmesser von 22 cm und kann bis zu 4.5 Liter fassen.\u00a0<\/span><\/p>\n<p><span style=\"font-weight: 400;\">\u2705 Die Reliquiengr\u00f6\u00dfe hat eine H\u00f6he von 11.6 cm, einen Durchmesser von 10.5 cm und kann bis zu 0,5 Liter fassen.<\/span><\/p>\n","protected":false},"excerpt":{"rendered":"<p><span style=\"font-weight: 400;\">\u2705 Lieferzeit: 20 Tage<\/span><\/p>\n","protected":false},"featured_media":7416,"comment_status":"open","ping_status":"closed","template":"","meta":{"_mi_skip_tracking":false,"_monsterinsights_sitenote_active":false,"_monsterinsights_sitenote_note":"","_monsterinsights_sitenote_category":0},"product_cat":[359,159,156,154],"product_tag":[],"yoast_head":"<!-- This site is optimized with the Yoast SEO plugin v19.4 - https:\/\/yoast.com\/wordpress\/plugins\/seo\/ -->\n<title>Bestattungsurne Prince Aus Limoges-Porzellan Blau Aus Blumenmuster: 2 Gr\u00f6\u00dfen Verf\u00fcgbar &ndash; Urns Paradise<\/title>\n<meta name=\"robots\" content=\"index, follow, max-snippet:-1, max-image-preview:large, max-video-preview:-1\" \/>\n<link rel=\"canonical\" href=\"https:\/\/urnsparadise.com\/de\/product\/bestattungsurne-prince-aus-limoges-porzellan\/\" \/>\n<meta property=\"og:locale\" content=\"de_DE\" \/>\n<meta property=\"og:type\" content=\"article\" \/>\n<meta property=\"og:title\" content=\"Bestattungsurne Prince Aus Limoges-Porzellan Blau Aus Blumenmuster: 2 Gr\u00f6\u00dfen Verf\u00fcgbar &ndash; Urns Paradise\" \/>\n<meta property=\"og:description\" content=\"\u2705 Lieferzeit: 20 Tage\" \/>\n<meta property=\"og:url\" content=\"https:\/\/urnsparadise.com\/de\/product\/bestattungsurne-prince-aus-limoges-porzellan\/\" \/>\n<meta property=\"og:site_name\" content=\"Urns Paradise\" \/>\n<meta property=\"article:modified_time\" content=\"2021-03-13T11:43:59+00:00\" \/>\n<meta property=\"og:image\" content=\"https:\/\/urnsparadise.com\/wp-content\/uploads\/2021\/02\/05049-680x1024.png\" \/>\n\t<meta property=\"og:image:width\" content=\"680\" \/>\n\t<meta property=\"og:image:height\" content=\"1024\" \/>\n\t<meta property=\"og:image:type\" content=\"image\/png\" \/>\n<meta name=\"twitter:card\" content=\"summary_large_image\" \/>\n<meta name=\"twitter:label1\" content=\"Gesch\u00e4tzte Lesezeit\" \/>\n\t<meta name=\"twitter:data1\" content=\"1\u00a0Minute\" \/>\n<script type=\"application\/ld+json\" class=\"yoast-schema-graph\">{\"@context\":\"https:\/\/schema.org\",\"@graph\":[{\"@type\":\"Organization\",\"@id\":\"https:\/\/urnsparadise.com\/#organization\",\"name\":\"Urns Paradise\",\"url\":\"https:\/\/urnsparadise.com\/\",\"sameAs\":[],\"logo\":{\"@type\":\"ImageObject\",\"inLanguage\":\"de\",\"@id\":\"https:\/\/urnsparadise.com\/#\/schema\/logo\/image\/\",\"url\":\"https:\/\/urnsparadise.com\/wp-content\/uploads\/2021\/03\/cropped-logo_final_urns_paradise_couleur_vertical.png\",\"contentUrl\":\"https:\/\/urnsparadise.com\/wp-content\/uploads\/2021\/03\/cropped-logo_final_urns_paradise_couleur_vertical.png\",\"width\":512,\"height\":512,\"caption\":\"Urns Paradise\"},\"image\":{\"@id\":\"https:\/\/urnsparadise.com\/#\/schema\/logo\/image\/\"}},{\"@type\":\"WebSite\",\"@id\":\"https:\/\/urnsparadise.com\/#website\",\"url\":\"https:\/\/urnsparadise.com\/\",\"name\":\"Urns Paradise\",\"description\":\"\",\"publisher\":{\"@id\":\"https:\/\/urnsparadise.com\/#organization\"},\"potentialAction\":[{\"@type\":\"SearchAction\",\"target\":{\"@type\":\"EntryPoint\",\"urlTemplate\":\"https:\/\/urnsparadise.com\/?s={search_term_string}\"},\"query-input\":\"required name=search_term_string\"}],\"inLanguage\":\"de\"},{\"@type\":\"WebPage\",\"@id\":\"https:\/\/urnsparadise.com\/de\/product\/bestattungsurne-prince-aus-limoges-porzellan\/\",\"url\":\"https:\/\/urnsparadise.com\/de\/product\/bestattungsurne-prince-aus-limoges-porzellan\/\",\"name\":\"Bestattungsurne Prince Aus Limoges-Porzellan Blau Aus Blumenmuster: 2 Gr\u00f6\u00dfen Verf\u00fcgbar &ndash; Urns Paradise\",\"isPartOf\":{\"@id\":\"https:\/\/urnsparadise.com\/#website\"},\"datePublished\":\"2021-02-24T17:47:05+00:00\",\"dateModified\":\"2021-03-13T11:43:59+00:00\",\"breadcrumb\":{\"@id\":\"https:\/\/urnsparadise.com\/de\/product\/bestattungsurne-prince-aus-limoges-porzellan\/#breadcrumb\"},\"inLanguage\":\"de\",\"potentialAction\":[{\"@type\":\"ReadAction\",\"target\":[\"https:\/\/urnsparadise.com\/de\/product\/bestattungsurne-prince-aus-limoges-porzellan\/\"]}]},{\"@type\":\"BreadcrumbList\",\"@id\":\"https:\/\/urnsparadise.com\/de\/product\/bestattungsurne-prince-aus-limoges-porzellan\/#breadcrumb\",\"itemListElement\":[{\"@type\":\"ListItem\",\"position\":1,\"name\":\"Accueil\",\"item\":\"https:\/\/urnsparadise.com\/de\/\"},{\"@type\":\"ListItem\",\"position\":2,\"name\":\"Laden\",\"item\":\"https:\/\/urnsparadise.com\/de\/laden\/\"},{\"@type\":\"ListItem\",\"position\":3,\"name\":\"Bestattungsurne Prince Aus Limoges-Porzellan Blau Aus Blumenmuster: 2 Gr\u00f6\u00dfen Verf\u00fcgbar\"}]}]}<\/script>\n<!-- \/ Yoast SEO plugin. -->","yoast_head_json":{"title":"Bestattungsurne Prince Aus Limoges-Porzellan Blau Aus Blumenmuster: 2 Gr\u00f6\u00dfen Verf\u00fcgbar &ndash; Urns Paradise","robots":{"index":"index","follow":"follow","max-snippet":"max-snippet:-1","max-image-preview":"max-image-preview:large","max-video-preview":"max-video-preview:-1"},"canonical":"https:\/\/urnsparadise.com\/de\/product\/bestattungsurne-prince-aus-limoges-porzellan\/","og_locale":"de_DE","og_type":"article","og_title":"Bestattungsurne Prince Aus Limoges-Porzellan Blau Aus Blumenmuster: 2 Gr\u00f6\u00dfen Verf\u00fcgbar &ndash; Urns Paradise","og_description":"\u2705 Lieferzeit: 20 Tage","og_url":"https:\/\/urnsparadise.com\/de\/product\/bestattungsurne-prince-aus-limoges-porzellan\/","og_site_name":"Urns Paradise","article_modified_time":"2021-03-13T11:43:59+00:00","og_image":[{"width":680,"height":1024,"url":"https:\/\/urnsparadise.com\/wp-content\/uploads\/2021\/02\/05049-680x1024.png","type":"image\/png"}],"twitter_card":"summary_large_image","twitter_misc":{"Gesch\u00e4tzte Lesezeit":"1\u00a0Minute"},"schema":{"@context":"https:\/\/schema.org","@graph":[{"@type":"Organization","@id":"https:\/\/urnsparadise.com\/#organization","name":"Urns Paradise","url":"https:\/\/urnsparadise.com\/","sameAs":[],"logo":{"@type":"ImageObject","inLanguage":"de","@id":"https:\/\/urnsparadise.com\/#\/schema\/logo\/image\/","url":"https:\/\/urnsparadise.com\/wp-content\/uploads\/2021\/03\/cropped-logo_final_urns_paradise_couleur_vertical.png","contentUrl":"https:\/\/urnsparadise.com\/wp-content\/uploads\/2021\/03\/cropped-logo_final_urns_paradise_couleur_vertical.png","width":512,"height":512,"caption":"Urns Paradise"},"image":{"@id":"https:\/\/urnsparadise.com\/#\/schema\/logo\/image\/"}},{"@type":"WebSite","@id":"https:\/\/urnsparadise.com\/#website","url":"https:\/\/urnsparadise.com\/","name":"Urns Paradise","description":"","publisher":{"@id":"https:\/\/urnsparadise.com\/#organization"},"potentialAction":[{"@type":"SearchAction","target":{"@type":"EntryPoint","urlTemplate":"https:\/\/urnsparadise.com\/?s={search_term_string}"},"query-input":"required name=search_term_string"}],"inLanguage":"de"},{"@type":"WebPage","@id":"https:\/\/urnsparadise.com\/de\/product\/bestattungsurne-prince-aus-limoges-porzellan\/","url":"https:\/\/urnsparadise.com\/de\/product\/bestattungsurne-prince-aus-limoges-porzellan\/","name":"Bestattungsurne Prince Aus Limoges-Porzellan Blau Aus Blumenmuster: 2 Gr\u00f6\u00dfen Verf\u00fcgbar &ndash; Urns Paradise","isPartOf":{"@id":"https:\/\/urnsparadise.com\/#website"},"datePublished":"2021-02-24T17:47:05+00:00","dateModified":"2021-03-13T11:43:59+00:00","breadcrumb":{"@id":"https:\/\/urnsparadise.com\/de\/product\/bestattungsurne-prince-aus-limoges-porzellan\/#breadcrumb"},"inLanguage":"de","potentialAction":[{"@type":"ReadAction","target":["https:\/\/urnsparadise.com\/de\/product\/bestattungsurne-prince-aus-limoges-porzellan\/"]}]},{"@type":"BreadcrumbList","@id":"https:\/\/urnsparadise.com\/de\/product\/bestattungsurne-prince-aus-limoges-porzellan\/#breadcrumb","itemListElement":[{"@type":"ListItem","position":1,"name":"Accueil","item":"https:\/\/urnsparadise.com\/de\/"},{"@type":"ListItem","position":2,"name":"Laden","item":"https:\/\/urnsparadise.com\/de\/laden\/"},{"@type":"ListItem","position":3,"name":"Bestattungsurne Prince Aus Limoges-Porzellan Blau Aus Blumenmuster: 2 Gr\u00f6\u00dfen Verf\u00fcgbar"}]}]}},"_links":{"self":[{"href":"https:\/\/urnsparadise.com\/de\/wp-json\/wp\/v2\/product\/7405"}],"collection":[{"href":"https:\/\/urnsparadise.com\/de\/wp-json\/wp\/v2\/product"}],"about":[{"href":"https:\/\/urnsparadise.com\/de\/wp-json\/wp\/v2\/types\/product"}],"replies":[{"embeddable":true,"href":"https:\/\/urnsparadise.com\/de\/wp-json\/wp\/v2\/comments?post=7405"}],"version-history":[{"count":1,"href":"https:\/\/urnsparadise.com\/de\/wp-json\/wp\/v2\/product\/7405\/revisions"}],"predecessor-version":[{"id":7975,"href":"https:\/\/urnsparadise.com\/de\/wp-json\/wp\/v2\/product\/7405\/revisions\/7975"}],"wp:featuredmedia":[{"embeddable":true,"href":"https:\/\/urnsparadise.com\/de\/wp-json\/wp\/v2\/media\/7416"}],"wp:attachment":[{"href":"https:\/\/urnsparadise.com\/de\/wp-json\/wp\/v2\/media?parent=7405"}],"wp:term":[{"taxonomy":"product_cat","embeddable":true,"href":"https:\/\/urnsparadise.com\/de\/wp-json\/wp\/v2\/product_cat?post=7405"},{"taxonomy":"product_tag","embeddable":true,"href":"https:\/\/urnsparadise.com\/de\/wp-json\/wp\/v2\/product_tag?post=7405"}],"curies":[{"name":"wp","href":"https:\/\/api.w.org\/{rel}","templated":true}]}}