{"id":7584,"date":"2021-03-01T17:51:52","date_gmt":"2021-03-01T16:51:53","guid":{"rendered":"https:\/\/urnsparadise.com\/?post_type=product&#038;p=7584"},"modified":"2021-03-14T17:34:18","modified_gmt":"2021-03-14T16:34:18","slug":"bestattungsurne-breda-terrakotta","status":"publish","type":"product","link":"https:\/\/urnsparadise.com\/de\/produkt\/bestattungsurne-breda-terrakotta\/","title":{"rendered":"Bestattungsurne Breda Aus Terrakotta: Silber, Bordeaux, Gl\u00e4nzende Oberfl\u00e4che, Metallische Oberfl\u00e4che"},"content":{"rendered":"<p><span style=\"font-weight: 400;\">\ud83d\udc49 Die Urne Breda<\/span><span style=\"font-weight: 400;\">\u00a0<\/span><span style=\"font-weight: 400;\">von hoher Qualit\u00e4t ist in Terrakotta<\/span><span style=\"font-weight: 400;\">. <\/span><span style=\"font-weight: 400;\">Jede Urne ist einzigartig in ihrem Design und Herstellung, handgefertigt von erfahrenen Handwerkern.<\/span><\/p>\n<p><span style=\"font-weight: 400;\">\u26b1 Diese Urne ist aus Terrakotta gefertigt und mit \u00f6kologischer Farbe \u00fcberzogen. Durch ihre Widerstandsf\u00e4higkeit kann die Urne in ein Kolumbarium gestellt oder beigesetzt werden.<\/span><\/p>\n<p><span style=\"font-weight: 400;\">\u2705 Die bordeaux Farbe hat eine gl\u00e4nzende Oberfl\u00e4che.\u00a0<\/span><\/p>\n<p><span style=\"font-weight: 400;\">\u2705 Die silberne Farbe hat eine metallische Oberfl\u00e4che.<\/span><\/p>\n<p>\u2705 <span style=\"font-weight: 400;\">Diese Urne hat oben eine \u00d6ffnung zur, um die Asche einzulegen.<\/span><\/p>\n<p>&nbsp;<\/p>\n","protected":false},"excerpt":{"rendered":"<p>\ud83d\udc49 Die Urne Breda\u00a0von hoher Qualit\u00e4t ist in Terrakotta. Jede Urne ist einzigartig in ihrem Design und Herstellung, handgefertigt von erfahrenen Handwerkern. \u26b1 Diese Urne ist aus Terrakotta gefertigt und mit \u00f6kologischer Farbe \u00fcberzogen. Durch ihre Widerstandsf\u00e4higkeit kann die Urne in ein Kolumbarium gestellt oder beigesetzt werden. \u2705 Die bordeaux Farbe hat eine gl\u00e4nzende Oberfl\u00e4che.\u00a0 &hellip; <\/p>\n<p class=\"link-more\"><a href=\"https:\/\/urnsparadise.com\/de\/produkt\/bestattungsurne-breda-terrakotta\/\" class=\"more-link\">Read More <span class=\"screen-reader-text\"> &#8222;Bestattungsurne Breda Aus Terrakotta: Silber, Bordeaux, Gl\u00e4nzende Oberfl\u00e4che, Metallische Oberfl\u00e4che&#8220;<\/span><\/a><\/p>\n","protected":false},"featured_media":7594,"comment_status":"open","ping_status":"closed","template":"","meta":{"_mi_skip_tracking":false,"_monsterinsights_sitenote_active":false,"_monsterinsights_sitenote_note":"","_monsterinsights_sitenote_category":0},"product_cat":[359,156,154],"product_tag":[],"yoast_head":"<!-- This site is optimized with the Yoast SEO plugin v19.4 - https:\/\/yoast.com\/wordpress\/plugins\/seo\/ -->\n<title>Bestattungsurne Breda Aus Terrakotta: Silber, Bordeaux, Gl\u00e4nzende Oberfl\u00e4che, Metallische Oberfl\u00e4che &ndash; Urns Paradise<\/title>\n<meta name=\"robots\" content=\"index, follow, max-snippet:-1, max-image-preview:large, max-video-preview:-1\" \/>\n<link rel=\"canonical\" href=\"https:\/\/urnsparadise.com\/de\/product\/bestattungsurne-breda-terrakotta\/\" \/>\n<meta property=\"og:locale\" content=\"de_DE\" \/>\n<meta property=\"og:type\" content=\"article\" \/>\n<meta property=\"og:title\" content=\"Bestattungsurne Breda Aus Terrakotta: Silber, Bordeaux, Gl\u00e4nzende Oberfl\u00e4che, Metallische Oberfl\u00e4che &ndash; Urns Paradise\" \/>\n<meta property=\"og:description\" content=\"\ud83d\udc49 Die Urne Breda\u00a0von hoher Qualit\u00e4t ist in Terrakotta. Jede Urne ist einzigartig in ihrem Design und Herstellung, handgefertigt von erfahrenen Handwerkern. \u26b1 Diese Urne ist aus Terrakotta gefertigt und mit \u00f6kologischer Farbe \u00fcberzogen. Durch ihre Widerstandsf\u00e4higkeit kann die Urne in ein Kolumbarium gestellt oder beigesetzt werden. \u2705 Die bordeaux Farbe hat eine gl\u00e4nzende Oberfl\u00e4che.\u00a0 &hellip; Read More &quot;Bestattungsurne Breda Aus Terrakotta: Silber, Bordeaux, Gl\u00e4nzende Oberfl\u00e4che, Metallische Oberfl\u00e4che&quot;\" \/>\n<meta property=\"og:url\" content=\"https:\/\/urnsparadise.com\/de\/product\/bestattungsurne-breda-terrakotta\/\" \/>\n<meta property=\"og:site_name\" content=\"Urns Paradise\" \/>\n<meta property=\"article:modified_time\" content=\"2021-03-14T16:34:18+00:00\" \/>\n<meta property=\"og:image\" content=\"https:\/\/urnsparadise.com\/wp-content\/uploads\/2021\/03\/5646C.png\" \/>\n\t<meta property=\"og:image:width\" content=\"703\" \/>\n\t<meta property=\"og:image:height\" content=\"886\" \/>\n\t<meta property=\"og:image:type\" content=\"image\/png\" \/>\n<meta name=\"twitter:card\" content=\"summary_large_image\" \/>\n<script type=\"application\/ld+json\" class=\"yoast-schema-graph\">{\"@context\":\"https:\/\/schema.org\",\"@graph\":[{\"@type\":\"Organization\",\"@id\":\"https:\/\/urnsparadise.com\/#organization\",\"name\":\"Urns Paradise\",\"url\":\"https:\/\/urnsparadise.com\/\",\"sameAs\":[],\"logo\":{\"@type\":\"ImageObject\",\"inLanguage\":\"de\",\"@id\":\"https:\/\/urnsparadise.com\/#\/schema\/logo\/image\/\",\"url\":\"https:\/\/urnsparadise.com\/wp-content\/uploads\/2021\/03\/cropped-logo_final_urns_paradise_couleur_vertical.png\",\"contentUrl\":\"https:\/\/urnsparadise.com\/wp-content\/uploads\/2021\/03\/cropped-logo_final_urns_paradise_couleur_vertical.png\",\"width\":512,\"height\":512,\"caption\":\"Urns Paradise\"},\"image\":{\"@id\":\"https:\/\/urnsparadise.com\/#\/schema\/logo\/image\/\"}},{\"@type\":\"WebSite\",\"@id\":\"https:\/\/urnsparadise.com\/#website\",\"url\":\"https:\/\/urnsparadise.com\/\",\"name\":\"Urns Paradise\",\"description\":\"\",\"publisher\":{\"@id\":\"https:\/\/urnsparadise.com\/#organization\"},\"potentialAction\":[{\"@type\":\"SearchAction\",\"target\":{\"@type\":\"EntryPoint\",\"urlTemplate\":\"https:\/\/urnsparadise.com\/?s={search_term_string}\"},\"query-input\":\"required name=search_term_string\"}],\"inLanguage\":\"de\"},{\"@type\":\"WebPage\",\"@id\":\"https:\/\/urnsparadise.com\/de\/product\/bestattungsurne-breda-terrakotta\/\",\"url\":\"https:\/\/urnsparadise.com\/de\/product\/bestattungsurne-breda-terrakotta\/\",\"name\":\"Bestattungsurne Breda Aus Terrakotta: Silber, Bordeaux, Gl\u00e4nzende Oberfl\u00e4che, Metallische Oberfl\u00e4che &ndash; Urns Paradise\",\"isPartOf\":{\"@id\":\"https:\/\/urnsparadise.com\/#website\"},\"datePublished\":\"2021-03-01T16:51:53+00:00\",\"dateModified\":\"2021-03-14T16:34:18+00:00\",\"breadcrumb\":{\"@id\":\"https:\/\/urnsparadise.com\/de\/product\/bestattungsurne-breda-terrakotta\/#breadcrumb\"},\"inLanguage\":\"de\",\"potentialAction\":[{\"@type\":\"ReadAction\",\"target\":[\"https:\/\/urnsparadise.com\/de\/product\/bestattungsurne-breda-terrakotta\/\"]}]},{\"@type\":\"BreadcrumbList\",\"@id\":\"https:\/\/urnsparadise.com\/de\/product\/bestattungsurne-breda-terrakotta\/#breadcrumb\",\"itemListElement\":[{\"@type\":\"ListItem\",\"position\":1,\"name\":\"Accueil\",\"item\":\"https:\/\/urnsparadise.com\/de\/\"},{\"@type\":\"ListItem\",\"position\":2,\"name\":\"Laden\",\"item\":\"https:\/\/urnsparadise.com\/de\/laden\/\"},{\"@type\":\"ListItem\",\"position\":3,\"name\":\"Bestattungsurne Breda Aus Terrakotta: Silber, Bordeaux, Gl\u00e4nzende Oberfl\u00e4che, Metallische Oberfl\u00e4che\"}]}]}<\/script>\n<!-- \/ Yoast SEO plugin. -->","yoast_head_json":{"title":"Bestattungsurne Breda Aus Terrakotta: Silber, Bordeaux, Gl\u00e4nzende Oberfl\u00e4che, Metallische Oberfl\u00e4che &ndash; Urns Paradise","robots":{"index":"index","follow":"follow","max-snippet":"max-snippet:-1","max-image-preview":"max-image-preview:large","max-video-preview":"max-video-preview:-1"},"canonical":"https:\/\/urnsparadise.com\/de\/product\/bestattungsurne-breda-terrakotta\/","og_locale":"de_DE","og_type":"article","og_title":"Bestattungsurne Breda Aus Terrakotta: Silber, Bordeaux, Gl\u00e4nzende Oberfl\u00e4che, Metallische Oberfl\u00e4che &ndash; Urns Paradise","og_description":"\ud83d\udc49 Die Urne Breda\u00a0von hoher Qualit\u00e4t ist in Terrakotta. Jede Urne ist einzigartig in ihrem Design und Herstellung, handgefertigt von erfahrenen Handwerkern. \u26b1 Diese Urne ist aus Terrakotta gefertigt und mit \u00f6kologischer Farbe \u00fcberzogen. Durch ihre Widerstandsf\u00e4higkeit kann die Urne in ein Kolumbarium gestellt oder beigesetzt werden. \u2705 Die bordeaux Farbe hat eine gl\u00e4nzende Oberfl\u00e4che.\u00a0 &hellip; Read More \"Bestattungsurne Breda Aus Terrakotta: Silber, Bordeaux, Gl\u00e4nzende Oberfl\u00e4che, Metallische Oberfl\u00e4che\"","og_url":"https:\/\/urnsparadise.com\/de\/product\/bestattungsurne-breda-terrakotta\/","og_site_name":"Urns Paradise","article_modified_time":"2021-03-14T16:34:18+00:00","og_image":[{"width":703,"height":886,"url":"https:\/\/urnsparadise.com\/wp-content\/uploads\/2021\/03\/5646C.png","type":"image\/png"}],"twitter_card":"summary_large_image","schema":{"@context":"https:\/\/schema.org","@graph":[{"@type":"Organization","@id":"https:\/\/urnsparadise.com\/#organization","name":"Urns Paradise","url":"https:\/\/urnsparadise.com\/","sameAs":[],"logo":{"@type":"ImageObject","inLanguage":"de","@id":"https:\/\/urnsparadise.com\/#\/schema\/logo\/image\/","url":"https:\/\/urnsparadise.com\/wp-content\/uploads\/2021\/03\/cropped-logo_final_urns_paradise_couleur_vertical.png","contentUrl":"https:\/\/urnsparadise.com\/wp-content\/uploads\/2021\/03\/cropped-logo_final_urns_paradise_couleur_vertical.png","width":512,"height":512,"caption":"Urns Paradise"},"image":{"@id":"https:\/\/urnsparadise.com\/#\/schema\/logo\/image\/"}},{"@type":"WebSite","@id":"https:\/\/urnsparadise.com\/#website","url":"https:\/\/urnsparadise.com\/","name":"Urns Paradise","description":"","publisher":{"@id":"https:\/\/urnsparadise.com\/#organization"},"potentialAction":[{"@type":"SearchAction","target":{"@type":"EntryPoint","urlTemplate":"https:\/\/urnsparadise.com\/?s={search_term_string}"},"query-input":"required name=search_term_string"}],"inLanguage":"de"},{"@type":"WebPage","@id":"https:\/\/urnsparadise.com\/de\/product\/bestattungsurne-breda-terrakotta\/","url":"https:\/\/urnsparadise.com\/de\/product\/bestattungsurne-breda-terrakotta\/","name":"Bestattungsurne Breda Aus Terrakotta: Silber, Bordeaux, Gl\u00e4nzende Oberfl\u00e4che, Metallische Oberfl\u00e4che &ndash; Urns Paradise","isPartOf":{"@id":"https:\/\/urnsparadise.com\/#website"},"datePublished":"2021-03-01T16:51:53+00:00","dateModified":"2021-03-14T16:34:18+00:00","breadcrumb":{"@id":"https:\/\/urnsparadise.com\/de\/product\/bestattungsurne-breda-terrakotta\/#breadcrumb"},"inLanguage":"de","potentialAction":[{"@type":"ReadAction","target":["https:\/\/urnsparadise.com\/de\/product\/bestattungsurne-breda-terrakotta\/"]}]},{"@type":"BreadcrumbList","@id":"https:\/\/urnsparadise.com\/de\/product\/bestattungsurne-breda-terrakotta\/#breadcrumb","itemListElement":[{"@type":"ListItem","position":1,"name":"Accueil","item":"https:\/\/urnsparadise.com\/de\/"},{"@type":"ListItem","position":2,"name":"Laden","item":"https:\/\/urnsparadise.com\/de\/laden\/"},{"@type":"ListItem","position":3,"name":"Bestattungsurne Breda Aus Terrakotta: Silber, Bordeaux, Gl\u00e4nzende Oberfl\u00e4che, Metallische Oberfl\u00e4che"}]}]}},"_links":{"self":[{"href":"https:\/\/urnsparadise.com\/de\/wp-json\/wp\/v2\/product\/7584"}],"collection":[{"href":"https:\/\/urnsparadise.com\/de\/wp-json\/wp\/v2\/product"}],"about":[{"href":"https:\/\/urnsparadise.com\/de\/wp-json\/wp\/v2\/types\/product"}],"replies":[{"embeddable":true,"href":"https:\/\/urnsparadise.com\/de\/wp-json\/wp\/v2\/comments?post=7584"}],"version-history":[{"count":1,"href":"https:\/\/urnsparadise.com\/de\/wp-json\/wp\/v2\/product\/7584\/revisions"}],"predecessor-version":[{"id":8019,"href":"https:\/\/urnsparadise.com\/de\/wp-json\/wp\/v2\/product\/7584\/revisions\/8019"}],"wp:featuredmedia":[{"embeddable":true,"href":"https:\/\/urnsparadise.com\/de\/wp-json\/wp\/v2\/media\/7594"}],"wp:attachment":[{"href":"https:\/\/urnsparadise.com\/de\/wp-json\/wp\/v2\/media?parent=7584"}],"wp:term":[{"taxonomy":"product_cat","embeddable":true,"href":"https:\/\/urnsparadise.com\/de\/wp-json\/wp\/v2\/product_cat?post=7584"},{"taxonomy":"product_tag","embeddable":true,"href":"https:\/\/urnsparadise.com\/de\/wp-json\/wp\/v2\/product_tag?post=7584"}],"curies":[{"name":"wp","href":"https:\/\/api.w.org\/{rel}","templated":true}]}}