{"id":7607,"date":"2021-03-01T18:57:11","date_gmt":"2021-03-01T17:57:11","guid":{"rendered":"https:\/\/urnsparadise.com\/?post_type=product&#038;p=7607"},"modified":"2021-03-14T18:05:59","modified_gmt":"2021-03-14T17:05:59","slug":"bestattungsurne-xantalen-terrakotta","status":"publish","type":"product","link":"https:\/\/urnsparadise.com\/de\/produkt\/bestattungsurne-xantalen-terrakotta\/","title":{"rendered":"Bestattungsurne Xantalen  Aus Terrakotta: Bronze"},"content":{"rendered":"<p><span style=\"font-weight: 400;\">\u00a0<\/span><span style=\"font-weight: 400;\">\ud83d\udc49 Die Urne Xantalen <\/span><span style=\"font-weight: 400;\">von hoher Qualit\u00e4t ist in Terrakotta<\/span><span style=\"font-weight: 400;\">. <\/span><span style=\"font-weight: 400;\">Jede Urne ist einzigartig in ihrem Design und Herstellung.\u00a0<\/span><\/p>\n<p><span style=\"font-weight: 400;\">\u26b1 Diese Urne, verf\u00fchrerisch durch ihre Geschichte, ist die Erinnerung an ein historisches Kulturerbe. Sie wird in &#8222;gesch\u00fctzten Werkst\u00e4tten&#8220; handgefertigt, ist nat\u00fcrlich, abbaubar und geht auf die Belange der Umwelt ein.<\/span><\/p>\n<p>\u2705 <span style=\"font-weight: 400;\">Diese Urne hat oben eine \u00d6ffnung zur, um die Asche einzulegen.<\/span><\/p>\n","protected":false},"excerpt":{"rendered":"<p>\u00a0\ud83d\udc49 Die Urne Xantalen von hoher Qualit\u00e4t ist in Terrakotta. Jede Urne ist einzigartig in ihrem Design und Herstellung.\u00a0 \u26b1 Diese Urne, verf\u00fchrerisch durch ihre Geschichte, ist die Erinnerung an ein historisches Kulturerbe. Sie wird in &#8222;gesch\u00fctzten Werkst\u00e4tten&#8220; handgefertigt, ist nat\u00fcrlich, abbaubar und geht auf die Belange der Umwelt ein. \u2705 Diese Urne hat oben &hellip; <\/p>\n<p class=\"link-more\"><a href=\"https:\/\/urnsparadise.com\/de\/produkt\/bestattungsurne-xantalen-terrakotta\/\" class=\"more-link\">Read More <span class=\"screen-reader-text\"> &#8222;Bestattungsurne Xantalen  Aus Terrakotta: Bronze&#8220;<\/span><\/a><\/p>\n","protected":false},"featured_media":7618,"comment_status":"open","ping_status":"closed","template":"","meta":{"_mi_skip_tracking":false,"_monsterinsights_sitenote_active":false,"_monsterinsights_sitenote_note":"","_monsterinsights_sitenote_category":0},"product_cat":[359,156,154],"product_tag":[],"yoast_head":"<!-- This site is optimized with the Yoast SEO plugin v19.4 - https:\/\/yoast.com\/wordpress\/plugins\/seo\/ -->\n<title>Bestattungsurne Xantalen Aus Terrakotta: Bronze &ndash; Urns Paradise<\/title>\n<meta name=\"robots\" content=\"index, follow, max-snippet:-1, max-image-preview:large, max-video-preview:-1\" \/>\n<link rel=\"canonical\" href=\"https:\/\/urnsparadise.com\/de\/product\/bestattungsurne-xantalen-terrakotta\/\" \/>\n<meta property=\"og:locale\" content=\"de_DE\" \/>\n<meta property=\"og:type\" content=\"article\" \/>\n<meta property=\"og:title\" content=\"Bestattungsurne Xantalen Aus Terrakotta: Bronze &ndash; Urns Paradise\" \/>\n<meta property=\"og:description\" content=\"\u00a0\ud83d\udc49 Die Urne Xantalen von hoher Qualit\u00e4t ist in Terrakotta. Jede Urne ist einzigartig in ihrem Design und Herstellung.\u00a0 \u26b1 Diese Urne, verf\u00fchrerisch durch ihre Geschichte, ist die Erinnerung an ein historisches Kulturerbe. Sie wird in &#8222;gesch\u00fctzten Werkst\u00e4tten&#8220; handgefertigt, ist nat\u00fcrlich, abbaubar und geht auf die Belange der Umwelt ein. \u2705 Diese Urne hat oben &hellip; Read More &quot;Bestattungsurne Xantalen Aus Terrakotta: Bronze&quot;\" \/>\n<meta property=\"og:url\" content=\"https:\/\/urnsparadise.com\/de\/product\/bestattungsurne-xantalen-terrakotta\/\" \/>\n<meta property=\"og:site_name\" content=\"Urns Paradise\" \/>\n<meta property=\"article:modified_time\" content=\"2021-03-14T17:05:59+00:00\" \/>\n<meta property=\"og:image\" content=\"https:\/\/urnsparadise.com\/wp-content\/uploads\/2021\/03\/5163-Xantalen-Bronze-Ecologique-685x1024.png\" \/>\n\t<meta property=\"og:image:width\" content=\"685\" \/>\n\t<meta property=\"og:image:height\" content=\"1024\" \/>\n\t<meta property=\"og:image:type\" content=\"image\/png\" \/>\n<meta name=\"twitter:card\" content=\"summary_large_image\" \/>\n<script type=\"application\/ld+json\" class=\"yoast-schema-graph\">{\"@context\":\"https:\/\/schema.org\",\"@graph\":[{\"@type\":\"Organization\",\"@id\":\"https:\/\/urnsparadise.com\/#organization\",\"name\":\"Urns Paradise\",\"url\":\"https:\/\/urnsparadise.com\/\",\"sameAs\":[],\"logo\":{\"@type\":\"ImageObject\",\"inLanguage\":\"de\",\"@id\":\"https:\/\/urnsparadise.com\/#\/schema\/logo\/image\/\",\"url\":\"https:\/\/urnsparadise.com\/wp-content\/uploads\/2021\/03\/cropped-logo_final_urns_paradise_couleur_vertical.png\",\"contentUrl\":\"https:\/\/urnsparadise.com\/wp-content\/uploads\/2021\/03\/cropped-logo_final_urns_paradise_couleur_vertical.png\",\"width\":512,\"height\":512,\"caption\":\"Urns Paradise\"},\"image\":{\"@id\":\"https:\/\/urnsparadise.com\/#\/schema\/logo\/image\/\"}},{\"@type\":\"WebSite\",\"@id\":\"https:\/\/urnsparadise.com\/#website\",\"url\":\"https:\/\/urnsparadise.com\/\",\"name\":\"Urns Paradise\",\"description\":\"\",\"publisher\":{\"@id\":\"https:\/\/urnsparadise.com\/#organization\"},\"potentialAction\":[{\"@type\":\"SearchAction\",\"target\":{\"@type\":\"EntryPoint\",\"urlTemplate\":\"https:\/\/urnsparadise.com\/?s={search_term_string}\"},\"query-input\":\"required name=search_term_string\"}],\"inLanguage\":\"de\"},{\"@type\":\"WebPage\",\"@id\":\"https:\/\/urnsparadise.com\/de\/product\/bestattungsurne-xantalen-terrakotta\/\",\"url\":\"https:\/\/urnsparadise.com\/de\/product\/bestattungsurne-xantalen-terrakotta\/\",\"name\":\"Bestattungsurne Xantalen Aus Terrakotta: Bronze &ndash; Urns Paradise\",\"isPartOf\":{\"@id\":\"https:\/\/urnsparadise.com\/#website\"},\"datePublished\":\"2021-03-01T17:57:11+00:00\",\"dateModified\":\"2021-03-14T17:05:59+00:00\",\"breadcrumb\":{\"@id\":\"https:\/\/urnsparadise.com\/de\/product\/bestattungsurne-xantalen-terrakotta\/#breadcrumb\"},\"inLanguage\":\"de\",\"potentialAction\":[{\"@type\":\"ReadAction\",\"target\":[\"https:\/\/urnsparadise.com\/de\/product\/bestattungsurne-xantalen-terrakotta\/\"]}]},{\"@type\":\"BreadcrumbList\",\"@id\":\"https:\/\/urnsparadise.com\/de\/product\/bestattungsurne-xantalen-terrakotta\/#breadcrumb\",\"itemListElement\":[{\"@type\":\"ListItem\",\"position\":1,\"name\":\"Accueil\",\"item\":\"https:\/\/urnsparadise.com\/de\/\"},{\"@type\":\"ListItem\",\"position\":2,\"name\":\"Laden\",\"item\":\"https:\/\/urnsparadise.com\/de\/laden\/\"},{\"@type\":\"ListItem\",\"position\":3,\"name\":\"Bestattungsurne Xantalen Aus Terrakotta: Bronze\"}]}]}<\/script>\n<!-- \/ Yoast SEO plugin. -->","yoast_head_json":{"title":"Bestattungsurne Xantalen Aus Terrakotta: Bronze &ndash; Urns Paradise","robots":{"index":"index","follow":"follow","max-snippet":"max-snippet:-1","max-image-preview":"max-image-preview:large","max-video-preview":"max-video-preview:-1"},"canonical":"https:\/\/urnsparadise.com\/de\/product\/bestattungsurne-xantalen-terrakotta\/","og_locale":"de_DE","og_type":"article","og_title":"Bestattungsurne Xantalen Aus Terrakotta: Bronze &ndash; Urns Paradise","og_description":"\u00a0\ud83d\udc49 Die Urne Xantalen von hoher Qualit\u00e4t ist in Terrakotta. Jede Urne ist einzigartig in ihrem Design und Herstellung.\u00a0 \u26b1 Diese Urne, verf\u00fchrerisch durch ihre Geschichte, ist die Erinnerung an ein historisches Kulturerbe. Sie wird in &#8222;gesch\u00fctzten Werkst\u00e4tten&#8220; handgefertigt, ist nat\u00fcrlich, abbaubar und geht auf die Belange der Umwelt ein. \u2705 Diese Urne hat oben &hellip; Read More \"Bestattungsurne Xantalen Aus Terrakotta: Bronze\"","og_url":"https:\/\/urnsparadise.com\/de\/product\/bestattungsurne-xantalen-terrakotta\/","og_site_name":"Urns Paradise","article_modified_time":"2021-03-14T17:05:59+00:00","og_image":[{"width":685,"height":1024,"url":"https:\/\/urnsparadise.com\/wp-content\/uploads\/2021\/03\/5163-Xantalen-Bronze-Ecologique-685x1024.png","type":"image\/png"}],"twitter_card":"summary_large_image","schema":{"@context":"https:\/\/schema.org","@graph":[{"@type":"Organization","@id":"https:\/\/urnsparadise.com\/#organization","name":"Urns Paradise","url":"https:\/\/urnsparadise.com\/","sameAs":[],"logo":{"@type":"ImageObject","inLanguage":"de","@id":"https:\/\/urnsparadise.com\/#\/schema\/logo\/image\/","url":"https:\/\/urnsparadise.com\/wp-content\/uploads\/2021\/03\/cropped-logo_final_urns_paradise_couleur_vertical.png","contentUrl":"https:\/\/urnsparadise.com\/wp-content\/uploads\/2021\/03\/cropped-logo_final_urns_paradise_couleur_vertical.png","width":512,"height":512,"caption":"Urns Paradise"},"image":{"@id":"https:\/\/urnsparadise.com\/#\/schema\/logo\/image\/"}},{"@type":"WebSite","@id":"https:\/\/urnsparadise.com\/#website","url":"https:\/\/urnsparadise.com\/","name":"Urns Paradise","description":"","publisher":{"@id":"https:\/\/urnsparadise.com\/#organization"},"potentialAction":[{"@type":"SearchAction","target":{"@type":"EntryPoint","urlTemplate":"https:\/\/urnsparadise.com\/?s={search_term_string}"},"query-input":"required name=search_term_string"}],"inLanguage":"de"},{"@type":"WebPage","@id":"https:\/\/urnsparadise.com\/de\/product\/bestattungsurne-xantalen-terrakotta\/","url":"https:\/\/urnsparadise.com\/de\/product\/bestattungsurne-xantalen-terrakotta\/","name":"Bestattungsurne Xantalen Aus Terrakotta: Bronze &ndash; Urns Paradise","isPartOf":{"@id":"https:\/\/urnsparadise.com\/#website"},"datePublished":"2021-03-01T17:57:11+00:00","dateModified":"2021-03-14T17:05:59+00:00","breadcrumb":{"@id":"https:\/\/urnsparadise.com\/de\/product\/bestattungsurne-xantalen-terrakotta\/#breadcrumb"},"inLanguage":"de","potentialAction":[{"@type":"ReadAction","target":["https:\/\/urnsparadise.com\/de\/product\/bestattungsurne-xantalen-terrakotta\/"]}]},{"@type":"BreadcrumbList","@id":"https:\/\/urnsparadise.com\/de\/product\/bestattungsurne-xantalen-terrakotta\/#breadcrumb","itemListElement":[{"@type":"ListItem","position":1,"name":"Accueil","item":"https:\/\/urnsparadise.com\/de\/"},{"@type":"ListItem","position":2,"name":"Laden","item":"https:\/\/urnsparadise.com\/de\/laden\/"},{"@type":"ListItem","position":3,"name":"Bestattungsurne Xantalen Aus Terrakotta: Bronze"}]}]}},"_links":{"self":[{"href":"https:\/\/urnsparadise.com\/de\/wp-json\/wp\/v2\/product\/7607"}],"collection":[{"href":"https:\/\/urnsparadise.com\/de\/wp-json\/wp\/v2\/product"}],"about":[{"href":"https:\/\/urnsparadise.com\/de\/wp-json\/wp\/v2\/types\/product"}],"replies":[{"embeddable":true,"href":"https:\/\/urnsparadise.com\/de\/wp-json\/wp\/v2\/comments?post=7607"}],"version-history":[{"count":1,"href":"https:\/\/urnsparadise.com\/de\/wp-json\/wp\/v2\/product\/7607\/revisions"}],"predecessor-version":[{"id":8024,"href":"https:\/\/urnsparadise.com\/de\/wp-json\/wp\/v2\/product\/7607\/revisions\/8024"}],"wp:featuredmedia":[{"embeddable":true,"href":"https:\/\/urnsparadise.com\/de\/wp-json\/wp\/v2\/media\/7618"}],"wp:attachment":[{"href":"https:\/\/urnsparadise.com\/de\/wp-json\/wp\/v2\/media?parent=7607"}],"wp:term":[{"taxonomy":"product_cat","embeddable":true,"href":"https:\/\/urnsparadise.com\/de\/wp-json\/wp\/v2\/product_cat?post=7607"},{"taxonomy":"product_tag","embeddable":true,"href":"https:\/\/urnsparadise.com\/de\/wp-json\/wp\/v2\/product_tag?post=7607"}],"curies":[{"name":"wp","href":"https:\/\/api.w.org\/{rel}","templated":true}]}}