{"id":7716,"date":"2021-03-03T18:27:58","date_gmt":"2021-03-03T17:27:58","guid":{"rendered":"https:\/\/urnsparadise.com\/?post_type=product&#038;p=7716"},"modified":"2021-03-14T18:38:46","modified_gmt":"2021-03-14T17:38:46","slug":"reliquienbehaelter-urn-coeur","status":"publish","type":"product","link":"https:\/\/urnsparadise.com\/de\/produkt\/reliquienbehaelter-urn-coeur\/","title":{"rendered":"Reliquienbeh\u00e4lter Urn C\u0153ur: Bronze"},"content":{"rendered":"<p><span style=\"font-weight: 400;\">\ud83d\udc49 Reliquienbeh\u00e4lter Urn Freya<\/span><span style=\"font-weight: 400;\">\u00a0<\/span><span style=\"font-weight: 400;\">von hoher Qualit\u00e4t ist geschnitzt in bronze langlebigem auf Granitsockel montiert<\/span><span style=\"font-weight: 400;\">. <\/span><span style=\"font-weight: 400;\">Jede Urne ist einzigartig in ihrem Design und Herstellung, handgefertigt von erfahrenen Handwerkern.<\/span><\/p>\n<p><span style=\"font-weight: 400;\">\u26b1 Dieses &#8218;H\u00fcter der Andenken&#8216;-Reliquiar dient zur diskreten Aufbewahrung eines Andenkens (Schmuckst\u00fcck, Haarstr\u00e4hne&#8230;) der verstorbenen Person.<\/span><\/p>\n","protected":false},"excerpt":{"rendered":"<p>\ud83d\ude3d Urne enti\u00e8rement biod\u00e9gradable.<\/p>\n<p>\u2705 2 tailles disponible.<\/p>\n","protected":false},"featured_media":7720,"comment_status":"open","ping_status":"closed","template":"","meta":{"_mi_skip_tracking":false,"_monsterinsights_sitenote_active":false,"_monsterinsights_sitenote_note":"","_monsterinsights_sitenote_category":0},"product_cat":[159,156,154],"product_tag":[],"yoast_head":"<!-- This site is optimized with the Yoast SEO plugin v19.4 - https:\/\/yoast.com\/wordpress\/plugins\/seo\/ -->\n<title>Reliquienbeh\u00e4lter Urn C\u0153ur: Bronze &ndash; Urns Paradise<\/title>\n<meta name=\"robots\" content=\"index, follow, max-snippet:-1, max-image-preview:large, max-video-preview:-1\" \/>\n<link rel=\"canonical\" href=\"https:\/\/urnsparadise.com\/de\/product\/reliquienbehaelter-urn-coeur\/\" \/>\n<meta property=\"og:locale\" content=\"de_DE\" \/>\n<meta property=\"og:type\" content=\"article\" \/>\n<meta property=\"og:title\" content=\"Reliquienbeh\u00e4lter Urn C\u0153ur: Bronze &ndash; Urns Paradise\" \/>\n<meta property=\"og:description\" content=\"\ud83d\ude3d Urne enti\u00e8rement biod\u00e9gradable.  \u2705 2 tailles disponible.\" \/>\n<meta property=\"og:url\" content=\"https:\/\/urnsparadise.com\/de\/product\/reliquienbehaelter-urn-coeur\/\" \/>\n<meta property=\"og:site_name\" content=\"Urns Paradise\" \/>\n<meta property=\"article:modified_time\" content=\"2021-03-14T17:38:46+00:00\" \/>\n<meta property=\"og:image\" content=\"https:\/\/urnsparadise.com\/wp-content\/uploads\/2021\/03\/5058.png\" \/>\n\t<meta property=\"og:image:width\" content=\"1348\" \/>\n\t<meta property=\"og:image:height\" content=\"2251\" \/>\n\t<meta property=\"og:image:type\" content=\"image\/png\" \/>\n<meta name=\"twitter:card\" content=\"summary_large_image\" \/>\n<script type=\"application\/ld+json\" class=\"yoast-schema-graph\">{\"@context\":\"https:\/\/schema.org\",\"@graph\":[{\"@type\":\"Organization\",\"@id\":\"https:\/\/urnsparadise.com\/#organization\",\"name\":\"Urns Paradise\",\"url\":\"https:\/\/urnsparadise.com\/\",\"sameAs\":[],\"logo\":{\"@type\":\"ImageObject\",\"inLanguage\":\"de\",\"@id\":\"https:\/\/urnsparadise.com\/#\/schema\/logo\/image\/\",\"url\":\"https:\/\/urnsparadise.com\/wp-content\/uploads\/2021\/03\/cropped-logo_final_urns_paradise_couleur_vertical.png\",\"contentUrl\":\"https:\/\/urnsparadise.com\/wp-content\/uploads\/2021\/03\/cropped-logo_final_urns_paradise_couleur_vertical.png\",\"width\":512,\"height\":512,\"caption\":\"Urns Paradise\"},\"image\":{\"@id\":\"https:\/\/urnsparadise.com\/#\/schema\/logo\/image\/\"}},{\"@type\":\"WebSite\",\"@id\":\"https:\/\/urnsparadise.com\/#website\",\"url\":\"https:\/\/urnsparadise.com\/\",\"name\":\"Urns Paradise\",\"description\":\"\",\"publisher\":{\"@id\":\"https:\/\/urnsparadise.com\/#organization\"},\"potentialAction\":[{\"@type\":\"SearchAction\",\"target\":{\"@type\":\"EntryPoint\",\"urlTemplate\":\"https:\/\/urnsparadise.com\/?s={search_term_string}\"},\"query-input\":\"required name=search_term_string\"}],\"inLanguage\":\"de\"},{\"@type\":\"WebPage\",\"@id\":\"https:\/\/urnsparadise.com\/de\/product\/reliquienbehaelter-urn-coeur\/\",\"url\":\"https:\/\/urnsparadise.com\/de\/product\/reliquienbehaelter-urn-coeur\/\",\"name\":\"Reliquienbeh\u00e4lter Urn C\u0153ur: Bronze &ndash; Urns Paradise\",\"isPartOf\":{\"@id\":\"https:\/\/urnsparadise.com\/#website\"},\"datePublished\":\"2021-03-03T17:27:58+00:00\",\"dateModified\":\"2021-03-14T17:38:46+00:00\",\"breadcrumb\":{\"@id\":\"https:\/\/urnsparadise.com\/de\/product\/reliquienbehaelter-urn-coeur\/#breadcrumb\"},\"inLanguage\":\"de\",\"potentialAction\":[{\"@type\":\"ReadAction\",\"target\":[\"https:\/\/urnsparadise.com\/de\/product\/reliquienbehaelter-urn-coeur\/\"]}]},{\"@type\":\"BreadcrumbList\",\"@id\":\"https:\/\/urnsparadise.com\/de\/product\/reliquienbehaelter-urn-coeur\/#breadcrumb\",\"itemListElement\":[{\"@type\":\"ListItem\",\"position\":1,\"name\":\"Accueil\",\"item\":\"https:\/\/urnsparadise.com\/de\/\"},{\"@type\":\"ListItem\",\"position\":2,\"name\":\"Laden\",\"item\":\"https:\/\/urnsparadise.com\/de\/laden\/\"},{\"@type\":\"ListItem\",\"position\":3,\"name\":\"Reliquienbeh\u00e4lter Urn C\u0153ur: Bronze\"}]}]}<\/script>\n<!-- \/ Yoast SEO plugin. -->","yoast_head_json":{"title":"Reliquienbeh\u00e4lter Urn C\u0153ur: Bronze &ndash; Urns Paradise","robots":{"index":"index","follow":"follow","max-snippet":"max-snippet:-1","max-image-preview":"max-image-preview:large","max-video-preview":"max-video-preview:-1"},"canonical":"https:\/\/urnsparadise.com\/de\/product\/reliquienbehaelter-urn-coeur\/","og_locale":"de_DE","og_type":"article","og_title":"Reliquienbeh\u00e4lter Urn C\u0153ur: Bronze &ndash; Urns Paradise","og_description":"\ud83d\ude3d Urne enti\u00e8rement biod\u00e9gradable.  \u2705 2 tailles disponible.","og_url":"https:\/\/urnsparadise.com\/de\/product\/reliquienbehaelter-urn-coeur\/","og_site_name":"Urns Paradise","article_modified_time":"2021-03-14T17:38:46+00:00","og_image":[{"width":1348,"height":2251,"url":"https:\/\/urnsparadise.com\/wp-content\/uploads\/2021\/03\/5058.png","type":"image\/png"}],"twitter_card":"summary_large_image","schema":{"@context":"https:\/\/schema.org","@graph":[{"@type":"Organization","@id":"https:\/\/urnsparadise.com\/#organization","name":"Urns Paradise","url":"https:\/\/urnsparadise.com\/","sameAs":[],"logo":{"@type":"ImageObject","inLanguage":"de","@id":"https:\/\/urnsparadise.com\/#\/schema\/logo\/image\/","url":"https:\/\/urnsparadise.com\/wp-content\/uploads\/2021\/03\/cropped-logo_final_urns_paradise_couleur_vertical.png","contentUrl":"https:\/\/urnsparadise.com\/wp-content\/uploads\/2021\/03\/cropped-logo_final_urns_paradise_couleur_vertical.png","width":512,"height":512,"caption":"Urns Paradise"},"image":{"@id":"https:\/\/urnsparadise.com\/#\/schema\/logo\/image\/"}},{"@type":"WebSite","@id":"https:\/\/urnsparadise.com\/#website","url":"https:\/\/urnsparadise.com\/","name":"Urns Paradise","description":"","publisher":{"@id":"https:\/\/urnsparadise.com\/#organization"},"potentialAction":[{"@type":"SearchAction","target":{"@type":"EntryPoint","urlTemplate":"https:\/\/urnsparadise.com\/?s={search_term_string}"},"query-input":"required name=search_term_string"}],"inLanguage":"de"},{"@type":"WebPage","@id":"https:\/\/urnsparadise.com\/de\/product\/reliquienbehaelter-urn-coeur\/","url":"https:\/\/urnsparadise.com\/de\/product\/reliquienbehaelter-urn-coeur\/","name":"Reliquienbeh\u00e4lter Urn C\u0153ur: Bronze &ndash; Urns Paradise","isPartOf":{"@id":"https:\/\/urnsparadise.com\/#website"},"datePublished":"2021-03-03T17:27:58+00:00","dateModified":"2021-03-14T17:38:46+00:00","breadcrumb":{"@id":"https:\/\/urnsparadise.com\/de\/product\/reliquienbehaelter-urn-coeur\/#breadcrumb"},"inLanguage":"de","potentialAction":[{"@type":"ReadAction","target":["https:\/\/urnsparadise.com\/de\/product\/reliquienbehaelter-urn-coeur\/"]}]},{"@type":"BreadcrumbList","@id":"https:\/\/urnsparadise.com\/de\/product\/reliquienbehaelter-urn-coeur\/#breadcrumb","itemListElement":[{"@type":"ListItem","position":1,"name":"Accueil","item":"https:\/\/urnsparadise.com\/de\/"},{"@type":"ListItem","position":2,"name":"Laden","item":"https:\/\/urnsparadise.com\/de\/laden\/"},{"@type":"ListItem","position":3,"name":"Reliquienbeh\u00e4lter Urn C\u0153ur: Bronze"}]}]}},"_links":{"self":[{"href":"https:\/\/urnsparadise.com\/de\/wp-json\/wp\/v2\/product\/7716"}],"collection":[{"href":"https:\/\/urnsparadise.com\/de\/wp-json\/wp\/v2\/product"}],"about":[{"href":"https:\/\/urnsparadise.com\/de\/wp-json\/wp\/v2\/types\/product"}],"replies":[{"embeddable":true,"href":"https:\/\/urnsparadise.com\/de\/wp-json\/wp\/v2\/comments?post=7716"}],"version-history":[{"count":1,"href":"https:\/\/urnsparadise.com\/de\/wp-json\/wp\/v2\/product\/7716\/revisions"}],"predecessor-version":[{"id":8043,"href":"https:\/\/urnsparadise.com\/de\/wp-json\/wp\/v2\/product\/7716\/revisions\/8043"}],"wp:featuredmedia":[{"embeddable":true,"href":"https:\/\/urnsparadise.com\/de\/wp-json\/wp\/v2\/media\/7720"}],"wp:attachment":[{"href":"https:\/\/urnsparadise.com\/de\/wp-json\/wp\/v2\/media?parent=7716"}],"wp:term":[{"taxonomy":"product_cat","embeddable":true,"href":"https:\/\/urnsparadise.com\/de\/wp-json\/wp\/v2\/product_cat?post=7716"},{"taxonomy":"product_tag","embeddable":true,"href":"https:\/\/urnsparadise.com\/de\/wp-json\/wp\/v2\/product_tag?post=7716"}],"curies":[{"name":"wp","href":"https:\/\/api.w.org\/{rel}","templated":true}]}}