{"id":8375,"date":"2021-04-14T17:30:04","date_gmt":"2021-04-14T15:30:08","guid":{"rendered":"https:\/\/urnsparadise.com\/?post_type=product&#038;p=8375"},"modified":"2021-05-23T11:17:32","modified_gmt":"2021-05-23T09:17:32","slug":"biologisch-abbaubare-streuroehrchen-urne-fuer-kinder","status":"publish","type":"product","link":"https:\/\/urnsparadise.com\/de\/produkt\/biologisch-abbaubare-streuroehrchen-urne-fuer-kinder\/","title":{"rendered":"Biologisch Abbaubare Streur\u00f6hrchen-Urne F\u00fcr Kinder: 2 Modelle erh\u00e4ltlich"},"content":{"rendered":"<p>\ud83c\udf3b Biologisch abbaubare Urne aus Karton entworfen und hergestellt, um den Streuvorgang zu erleichtern. Die Rohre sind langlebig, w\u00fcrdevoll und einfach zu bedienen.<\/p>\n<p>\u26b1 Streur\u00f6hrchen sind speziell entwickelt, um die Streuzeremonie bequemer und w\u00fcrdiger zu machen. Sie sind auch ideal f\u00fcr eine &#8222;gr\u00fcne&#8220; Beerdigung oder zur Aufbewahrung zu Hause.<\/p>\n<p>\u2705 Sie erhalten eine dekorierte Streur\u00f6hre aus Pappe mit einem separaten Deckel. \u00d6ffnen Sie einfach den perforierten Teil, wenn Sie bereit sind zu streuen.<\/p>\n<p>\u2705 2 Modelle zur Auswahl: Taube und Teddyb\u00e4r.<\/p>\n<p>Nach einer Ein\u00e4scherung wird das Verstreuen der Asche bei Familien immer beliebter. Oft ist es ein Wunsch, den der Verstorbene zu Lebzeiten ge\u00e4u\u00dfert hat. Es ist ein \u00e4u\u00dferst wichtiger Akt im Trauerprozess, da er mehr verinnerlicht und intimer ist.<\/p>\n<p>Urns Paradise bietet eine gro\u00dfe Auswahl an Bestattungsurnen. Sie wurden so ausgew\u00e4hlt, dass sie den Erwartungen, \u00dcberzeugungen und W\u00fcnschen eines jeden entsprechen.<\/p>\n<p>Verstreuen Sie die Asche an einem Ort, der mit Symbolen oder guten Momenten, die Sie mit Ihrem Begleiter verbracht haben, gef\u00fcllt ist.<\/p>\n<p>Sie k\u00f6nnen die Asche an einem Ort verstreuen, der mit Symbolen oder guten Momenten gef\u00fcllt ist, die Sie mit Ihrem Gef\u00e4hrten verbracht haben. Zum Beispiel in der Natur, solange Sie Stra\u00dfen, \u00f6ffentliche Parks und Getreidefelder meiden. Wenn Sie m\u00f6chten, k\u00f6nnen Sie die Asche auch in Ihrem Garten verstreuen.<\/p>\n","protected":false},"excerpt":{"rendered":"<p>\ud83c\udf3b Biologisch abbaubare Urne aus Karton entworfen und hergestellt, um den Streuvorgang zu erleichtern. Die Rohre sind langlebig, w\u00fcrdevoll und einfach zu bedienen. \u26b1 Streur\u00f6hrchen sind speziell entwickelt, um die Streuzeremonie bequemer und w\u00fcrdiger zu machen. Sie sind auch ideal f\u00fcr eine &#8222;gr\u00fcne&#8220; Beerdigung oder zur Aufbewahrung zu Hause. \u2705 Sie erhalten eine dekorierte Streur\u00f6hre &hellip; <\/p>\n<p class=\"link-more\"><a href=\"https:\/\/urnsparadise.com\/de\/produkt\/biologisch-abbaubare-streuroehrchen-urne-fuer-kinder\/\" class=\"more-link\">Read More <span class=\"screen-reader-text\"> &#8222;Biologisch Abbaubare Streur\u00f6hrchen-Urne F\u00fcr Kinder: 2 Modelle erh\u00e4ltlich&#8220;<\/span><\/a><\/p>\n","protected":false},"featured_media":8415,"comment_status":"open","ping_status":"closed","template":"","meta":{"_mi_skip_tracking":false,"_monsterinsights_sitenote_active":false,"_monsterinsights_sitenote_note":"","_monsterinsights_sitenote_category":0},"product_cat":[158,154],"product_tag":[],"yoast_head":"<!-- This site is optimized with the Yoast SEO plugin v19.4 - https:\/\/yoast.com\/wordpress\/plugins\/seo\/ -->\n<title>Biologisch Abbaubare Streur\u00f6hrchen-Urne F\u00fcr Kinder: 2 Modelle erh\u00e4ltlich &ndash; Urns Paradise<\/title>\n<meta name=\"robots\" content=\"index, follow, max-snippet:-1, max-image-preview:large, max-video-preview:-1\" \/>\n<link rel=\"canonical\" href=\"https:\/\/urnsparadise.com\/de\/product\/biologisch-abbaubare-streuroehrchen-urne-fuer-kinder\/\" \/>\n<meta property=\"og:locale\" content=\"de_DE\" \/>\n<meta property=\"og:type\" content=\"article\" \/>\n<meta property=\"og:title\" content=\"Biologisch Abbaubare Streur\u00f6hrchen-Urne F\u00fcr Kinder: 2 Modelle erh\u00e4ltlich &ndash; Urns Paradise\" \/>\n<meta property=\"og:description\" content=\"\ud83c\udf3b Biologisch abbaubare Urne aus Karton entworfen und hergestellt, um den Streuvorgang zu erleichtern. Die Rohre sind langlebig, w\u00fcrdevoll und einfach zu bedienen. \u26b1 Streur\u00f6hrchen sind speziell entwickelt, um die Streuzeremonie bequemer und w\u00fcrdiger zu machen. Sie sind auch ideal f\u00fcr eine &#8222;gr\u00fcne&#8220; Beerdigung oder zur Aufbewahrung zu Hause. \u2705 Sie erhalten eine dekorierte Streur\u00f6hre &hellip; Read More &quot;Biologisch Abbaubare Streur\u00f6hrchen-Urne F\u00fcr Kinder: 2 Modelle erh\u00e4ltlich&quot;\" \/>\n<meta property=\"og:url\" content=\"https:\/\/urnsparadise.com\/de\/product\/biologisch-abbaubare-streuroehrchen-urne-fuer-kinder\/\" \/>\n<meta property=\"og:site_name\" content=\"Urns Paradise\" \/>\n<meta property=\"article:modified_time\" content=\"2021-05-23T09:17:32+00:00\" \/>\n<meta property=\"og:image\" content=\"https:\/\/urnsparadise.com\/wp-content\/uploads\/2021\/04\/Ourson.jpg\" \/>\n\t<meta property=\"og:image:width\" content=\"700\" \/>\n\t<meta property=\"og:image:height\" content=\"800\" \/>\n\t<meta property=\"og:image:type\" content=\"image\/jpeg\" \/>\n<meta name=\"twitter:card\" content=\"summary_large_image\" \/>\n<meta name=\"twitter:label1\" content=\"Gesch\u00e4tzte Lesezeit\" \/>\n\t<meta name=\"twitter:data1\" content=\"1\u00a0Minute\" \/>\n<script type=\"application\/ld+json\" class=\"yoast-schema-graph\">{\"@context\":\"https:\/\/schema.org\",\"@graph\":[{\"@type\":\"Organization\",\"@id\":\"https:\/\/urnsparadise.com\/#organization\",\"name\":\"Urns Paradise\",\"url\":\"https:\/\/urnsparadise.com\/\",\"sameAs\":[],\"logo\":{\"@type\":\"ImageObject\",\"inLanguage\":\"de\",\"@id\":\"https:\/\/urnsparadise.com\/#\/schema\/logo\/image\/\",\"url\":\"https:\/\/urnsparadise.com\/wp-content\/uploads\/2021\/03\/cropped-logo_final_urns_paradise_couleur_vertical.png\",\"contentUrl\":\"https:\/\/urnsparadise.com\/wp-content\/uploads\/2021\/03\/cropped-logo_final_urns_paradise_couleur_vertical.png\",\"width\":512,\"height\":512,\"caption\":\"Urns Paradise\"},\"image\":{\"@id\":\"https:\/\/urnsparadise.com\/#\/schema\/logo\/image\/\"}},{\"@type\":\"WebSite\",\"@id\":\"https:\/\/urnsparadise.com\/#website\",\"url\":\"https:\/\/urnsparadise.com\/\",\"name\":\"Urns Paradise\",\"description\":\"\",\"publisher\":{\"@id\":\"https:\/\/urnsparadise.com\/#organization\"},\"potentialAction\":[{\"@type\":\"SearchAction\",\"target\":{\"@type\":\"EntryPoint\",\"urlTemplate\":\"https:\/\/urnsparadise.com\/?s={search_term_string}\"},\"query-input\":\"required name=search_term_string\"}],\"inLanguage\":\"de\"},{\"@type\":\"WebPage\",\"@id\":\"https:\/\/urnsparadise.com\/de\/product\/biologisch-abbaubare-streuroehrchen-urne-fuer-kinder\/\",\"url\":\"https:\/\/urnsparadise.com\/de\/product\/biologisch-abbaubare-streuroehrchen-urne-fuer-kinder\/\",\"name\":\"Biologisch Abbaubare Streur\u00f6hrchen-Urne F\u00fcr Kinder: 2 Modelle erh\u00e4ltlich &ndash; Urns Paradise\",\"isPartOf\":{\"@id\":\"https:\/\/urnsparadise.com\/#website\"},\"datePublished\":\"2021-04-14T15:30:08+00:00\",\"dateModified\":\"2021-05-23T09:17:32+00:00\",\"breadcrumb\":{\"@id\":\"https:\/\/urnsparadise.com\/de\/product\/biologisch-abbaubare-streuroehrchen-urne-fuer-kinder\/#breadcrumb\"},\"inLanguage\":\"de\",\"potentialAction\":[{\"@type\":\"ReadAction\",\"target\":[\"https:\/\/urnsparadise.com\/de\/product\/biologisch-abbaubare-streuroehrchen-urne-fuer-kinder\/\"]}]},{\"@type\":\"BreadcrumbList\",\"@id\":\"https:\/\/urnsparadise.com\/de\/product\/biologisch-abbaubare-streuroehrchen-urne-fuer-kinder\/#breadcrumb\",\"itemListElement\":[{\"@type\":\"ListItem\",\"position\":1,\"name\":\"Accueil\",\"item\":\"https:\/\/urnsparadise.com\/de\/\"},{\"@type\":\"ListItem\",\"position\":2,\"name\":\"Laden\",\"item\":\"https:\/\/urnsparadise.com\/de\/laden\/\"},{\"@type\":\"ListItem\",\"position\":3,\"name\":\"Biologisch Abbaubare Streur\u00f6hrchen-Urne F\u00fcr Kinder: 2 Modelle erh\u00e4ltlich\"}]}]}<\/script>\n<!-- \/ Yoast SEO plugin. -->","yoast_head_json":{"title":"Biologisch Abbaubare Streur\u00f6hrchen-Urne F\u00fcr Kinder: 2 Modelle erh\u00e4ltlich &ndash; Urns Paradise","robots":{"index":"index","follow":"follow","max-snippet":"max-snippet:-1","max-image-preview":"max-image-preview:large","max-video-preview":"max-video-preview:-1"},"canonical":"https:\/\/urnsparadise.com\/de\/product\/biologisch-abbaubare-streuroehrchen-urne-fuer-kinder\/","og_locale":"de_DE","og_type":"article","og_title":"Biologisch Abbaubare Streur\u00f6hrchen-Urne F\u00fcr Kinder: 2 Modelle erh\u00e4ltlich &ndash; Urns Paradise","og_description":"\ud83c\udf3b Biologisch abbaubare Urne aus Karton entworfen und hergestellt, um den Streuvorgang zu erleichtern. Die Rohre sind langlebig, w\u00fcrdevoll und einfach zu bedienen. \u26b1 Streur\u00f6hrchen sind speziell entwickelt, um die Streuzeremonie bequemer und w\u00fcrdiger zu machen. Sie sind auch ideal f\u00fcr eine &#8222;gr\u00fcne&#8220; Beerdigung oder zur Aufbewahrung zu Hause. \u2705 Sie erhalten eine dekorierte Streur\u00f6hre &hellip; Read More \"Biologisch Abbaubare Streur\u00f6hrchen-Urne F\u00fcr Kinder: 2 Modelle erh\u00e4ltlich\"","og_url":"https:\/\/urnsparadise.com\/de\/product\/biologisch-abbaubare-streuroehrchen-urne-fuer-kinder\/","og_site_name":"Urns Paradise","article_modified_time":"2021-05-23T09:17:32+00:00","og_image":[{"width":700,"height":800,"url":"https:\/\/urnsparadise.com\/wp-content\/uploads\/2021\/04\/Ourson.jpg","type":"image\/jpeg"}],"twitter_card":"summary_large_image","twitter_misc":{"Gesch\u00e4tzte Lesezeit":"1\u00a0Minute"},"schema":{"@context":"https:\/\/schema.org","@graph":[{"@type":"Organization","@id":"https:\/\/urnsparadise.com\/#organization","name":"Urns Paradise","url":"https:\/\/urnsparadise.com\/","sameAs":[],"logo":{"@type":"ImageObject","inLanguage":"de","@id":"https:\/\/urnsparadise.com\/#\/schema\/logo\/image\/","url":"https:\/\/urnsparadise.com\/wp-content\/uploads\/2021\/03\/cropped-logo_final_urns_paradise_couleur_vertical.png","contentUrl":"https:\/\/urnsparadise.com\/wp-content\/uploads\/2021\/03\/cropped-logo_final_urns_paradise_couleur_vertical.png","width":512,"height":512,"caption":"Urns Paradise"},"image":{"@id":"https:\/\/urnsparadise.com\/#\/schema\/logo\/image\/"}},{"@type":"WebSite","@id":"https:\/\/urnsparadise.com\/#website","url":"https:\/\/urnsparadise.com\/","name":"Urns Paradise","description":"","publisher":{"@id":"https:\/\/urnsparadise.com\/#organization"},"potentialAction":[{"@type":"SearchAction","target":{"@type":"EntryPoint","urlTemplate":"https:\/\/urnsparadise.com\/?s={search_term_string}"},"query-input":"required name=search_term_string"}],"inLanguage":"de"},{"@type":"WebPage","@id":"https:\/\/urnsparadise.com\/de\/product\/biologisch-abbaubare-streuroehrchen-urne-fuer-kinder\/","url":"https:\/\/urnsparadise.com\/de\/product\/biologisch-abbaubare-streuroehrchen-urne-fuer-kinder\/","name":"Biologisch Abbaubare Streur\u00f6hrchen-Urne F\u00fcr Kinder: 2 Modelle erh\u00e4ltlich &ndash; Urns Paradise","isPartOf":{"@id":"https:\/\/urnsparadise.com\/#website"},"datePublished":"2021-04-14T15:30:08+00:00","dateModified":"2021-05-23T09:17:32+00:00","breadcrumb":{"@id":"https:\/\/urnsparadise.com\/de\/product\/biologisch-abbaubare-streuroehrchen-urne-fuer-kinder\/#breadcrumb"},"inLanguage":"de","potentialAction":[{"@type":"ReadAction","target":["https:\/\/urnsparadise.com\/de\/product\/biologisch-abbaubare-streuroehrchen-urne-fuer-kinder\/"]}]},{"@type":"BreadcrumbList","@id":"https:\/\/urnsparadise.com\/de\/product\/biologisch-abbaubare-streuroehrchen-urne-fuer-kinder\/#breadcrumb","itemListElement":[{"@type":"ListItem","position":1,"name":"Accueil","item":"https:\/\/urnsparadise.com\/de\/"},{"@type":"ListItem","position":2,"name":"Laden","item":"https:\/\/urnsparadise.com\/de\/laden\/"},{"@type":"ListItem","position":3,"name":"Biologisch Abbaubare Streur\u00f6hrchen-Urne F\u00fcr Kinder: 2 Modelle erh\u00e4ltlich"}]}]}},"_links":{"self":[{"href":"https:\/\/urnsparadise.com\/de\/wp-json\/wp\/v2\/product\/8375"}],"collection":[{"href":"https:\/\/urnsparadise.com\/de\/wp-json\/wp\/v2\/product"}],"about":[{"href":"https:\/\/urnsparadise.com\/de\/wp-json\/wp\/v2\/types\/product"}],"replies":[{"embeddable":true,"href":"https:\/\/urnsparadise.com\/de\/wp-json\/wp\/v2\/comments?post=8375"}],"version-history":[{"count":3,"href":"https:\/\/urnsparadise.com\/de\/wp-json\/wp\/v2\/product\/8375\/revisions"}],"predecessor-version":[{"id":10287,"href":"https:\/\/urnsparadise.com\/de\/wp-json\/wp\/v2\/product\/8375\/revisions\/10287"}],"wp:featuredmedia":[{"embeddable":true,"href":"https:\/\/urnsparadise.com\/de\/wp-json\/wp\/v2\/media\/8415"}],"wp:attachment":[{"href":"https:\/\/urnsparadise.com\/de\/wp-json\/wp\/v2\/media?parent=8375"}],"wp:term":[{"taxonomy":"product_cat","embeddable":true,"href":"https:\/\/urnsparadise.com\/de\/wp-json\/wp\/v2\/product_cat?post=8375"},{"taxonomy":"product_tag","embeddable":true,"href":"https:\/\/urnsparadise.com\/de\/wp-json\/wp\/v2\/product_tag?post=8375"}],"curies":[{"name":"wp","href":"https:\/\/api.w.org\/{rel}","templated":true}]}}