{"id":8621,"date":"2021-04-29T11:59:21","date_gmt":"2021-04-29T09:59:22","guid":{"rendered":"https:\/\/urnsparadise.com\/?post_type=product&#038;p=8621"},"modified":"2022-01-31T18:12:28","modified_gmt":"2022-01-31T17:12:28","slug":"herzogin-bestattungsurne-mit-fliege","status":"publish","type":"product","link":"https:\/\/urnsparadise.com\/de\/produkt\/herzogin-bestattungsurne-mit-fliege\/","title":{"rendered":"Herzogin (Duchesse) Bestattungsurne Mit Fliege: Wei\u00df, Braun und Schwarz"},"content":{"rendered":"<p><span style=\"font-weight: 400;\">\ud83d\udc08 Die Urne Herzogin<\/span><span style=\"font-weight: 400;\">\u00a0<\/span><span style=\"font-weight: 400;\">wird das Mittel sein, um eine ewige Erinnerung an Ihr <\/span><span style=\"font-weight: 400;\">Katze<\/span><span style=\"font-weight: 400;\">\u00a0ein Leben lang zu bewahren.\u00a0<\/span><\/p>\n<p><span class=\"Y2IQFc\" lang=\"de\">\ud83d\udc08 Die Fliege ist rosa f\u00fcr die wei\u00dfe Urne, beige f\u00fcr die braune Urne und blau f\u00fcr die schwarze Urne.<\/span><\/p>\n<p><span style=\"font-weight: 400;\">\u26b1\u00a0<\/span><span style=\"font-weight: 400;\">Eine hochwertige Urne wird mit aluminium<\/span><span style=\"font-weight: 400;\">. <\/span><span style=\"font-weight: 400;\">Jede Urne ist einzigartig in ihrem Design und Herstellung, handgefertigt von erfahrenen Handwerkern.<\/span><\/p>\n<p>\ud83d\ude3d Die Herzogin-Urne hat eine abnehmbare Fliege.<\/p>\n<p><span style=\"font-weight: 400;\"><strong>\u2705 <\/strong>Diese Urne hat eine \u00d6ffnung an der Unterseite, um die Asche darin einzulegen.\u00a0<\/span><\/p>\n","protected":false},"excerpt":{"rendered":"<p>\ud83d\udc08 Die Urne Herzogin\u00a0wird das Mittel sein, um eine ewige Erinnerung an Ihr Katze\u00a0ein Leben lang zu bewahren.\u00a0 \ud83d\udc08 Die Fliege ist rosa f\u00fcr die wei\u00dfe Urne, beige f\u00fcr die braune Urne und blau f\u00fcr die schwarze Urne. \u26b1\u00a0Eine hochwertige Urne wird mit aluminium. Jede Urne ist einzigartig in ihrem Design und Herstellung, handgefertigt von &hellip; <\/p>\n<p class=\"link-more\"><a href=\"https:\/\/urnsparadise.com\/de\/produkt\/herzogin-bestattungsurne-mit-fliege\/\" class=\"more-link\">Read More <span class=\"screen-reader-text\"> &#8222;Herzogin (Duchesse) Bestattungsurne Mit Fliege: Wei\u00df, Braun und Schwarz&#8220;<\/span><\/a><\/p>\n","protected":false},"featured_media":9233,"comment_status":"open","ping_status":"closed","template":"","meta":{"_mi_skip_tracking":false,"_monsterinsights_sitenote_active":false,"_monsterinsights_sitenote_note":"","_monsterinsights_sitenote_category":0},"product_cat":[347,145,150,148],"product_tag":[],"yoast_head":"<!-- This site is optimized with the Yoast SEO plugin v19.4 - https:\/\/yoast.com\/wordpress\/plugins\/seo\/ -->\n<title>Herzogin (Duchesse) Bestattungsurne Mit Fliege: Wei\u00df, Braun und Schwarz &ndash; Urns Paradise<\/title>\n<meta name=\"robots\" content=\"index, follow, max-snippet:-1, max-image-preview:large, max-video-preview:-1\" \/>\n<link rel=\"canonical\" href=\"https:\/\/urnsparadise.com\/de\/product\/herzogin-bestattungsurne-mit-fliege\/\" \/>\n<meta property=\"og:locale\" content=\"de_DE\" \/>\n<meta property=\"og:type\" content=\"article\" \/>\n<meta property=\"og:title\" content=\"Herzogin (Duchesse) Bestattungsurne Mit Fliege: Wei\u00df, Braun und Schwarz &ndash; Urns Paradise\" \/>\n<meta property=\"og:description\" content=\"\ud83d\udc08 Die Urne Herzogin\u00a0wird das Mittel sein, um eine ewige Erinnerung an Ihr Katze\u00a0ein Leben lang zu bewahren.\u00a0 \ud83d\udc08 Die Fliege ist rosa f\u00fcr die wei\u00dfe Urne, beige f\u00fcr die braune Urne und blau f\u00fcr die schwarze Urne. \u26b1\u00a0Eine hochwertige Urne wird mit aluminium. Jede Urne ist einzigartig in ihrem Design und Herstellung, handgefertigt von &hellip; Read More &quot;Herzogin (Duchesse) Bestattungsurne Mit Fliege: Wei\u00df, Braun und Schwarz&quot;\" \/>\n<meta property=\"og:url\" content=\"https:\/\/urnsparadise.com\/de\/product\/herzogin-bestattungsurne-mit-fliege\/\" \/>\n<meta property=\"og:site_name\" content=\"Urns Paradise\" \/>\n<meta property=\"article:modified_time\" content=\"2022-01-31T17:12:28+00:00\" \/>\n<meta property=\"og:image\" content=\"https:\/\/urnsparadise.com\/wp-content\/uploads\/2021\/04\/AG-4571-copie-scaled.jpg\" \/>\n\t<meta property=\"og:image:width\" content=\"2560\" \/>\n\t<meta property=\"og:image:height\" content=\"1839\" \/>\n\t<meta property=\"og:image:type\" content=\"image\/jpeg\" \/>\n<meta name=\"twitter:card\" content=\"summary_large_image\" \/>\n<meta name=\"twitter:label1\" content=\"Gesch\u00e4tzte Lesezeit\" \/>\n\t<meta name=\"twitter:data1\" content=\"1\u00a0Minute\" \/>\n<script type=\"application\/ld+json\" class=\"yoast-schema-graph\">{\"@context\":\"https:\/\/schema.org\",\"@graph\":[{\"@type\":\"Organization\",\"@id\":\"https:\/\/urnsparadise.com\/#organization\",\"name\":\"Urns Paradise\",\"url\":\"https:\/\/urnsparadise.com\/\",\"sameAs\":[],\"logo\":{\"@type\":\"ImageObject\",\"inLanguage\":\"de\",\"@id\":\"https:\/\/urnsparadise.com\/#\/schema\/logo\/image\/\",\"url\":\"https:\/\/urnsparadise.com\/wp-content\/uploads\/2021\/03\/cropped-logo_final_urns_paradise_couleur_vertical.png\",\"contentUrl\":\"https:\/\/urnsparadise.com\/wp-content\/uploads\/2021\/03\/cropped-logo_final_urns_paradise_couleur_vertical.png\",\"width\":512,\"height\":512,\"caption\":\"Urns Paradise\"},\"image\":{\"@id\":\"https:\/\/urnsparadise.com\/#\/schema\/logo\/image\/\"}},{\"@type\":\"WebSite\",\"@id\":\"https:\/\/urnsparadise.com\/#website\",\"url\":\"https:\/\/urnsparadise.com\/\",\"name\":\"Urns Paradise\",\"description\":\"\",\"publisher\":{\"@id\":\"https:\/\/urnsparadise.com\/#organization\"},\"potentialAction\":[{\"@type\":\"SearchAction\",\"target\":{\"@type\":\"EntryPoint\",\"urlTemplate\":\"https:\/\/urnsparadise.com\/?s={search_term_string}\"},\"query-input\":\"required name=search_term_string\"}],\"inLanguage\":\"de\"},{\"@type\":\"WebPage\",\"@id\":\"https:\/\/urnsparadise.com\/de\/product\/herzogin-bestattungsurne-mit-fliege\/\",\"url\":\"https:\/\/urnsparadise.com\/de\/product\/herzogin-bestattungsurne-mit-fliege\/\",\"name\":\"Herzogin (Duchesse) Bestattungsurne Mit Fliege: Wei\u00df, Braun und Schwarz &ndash; Urns Paradise\",\"isPartOf\":{\"@id\":\"https:\/\/urnsparadise.com\/#website\"},\"datePublished\":\"2021-04-29T09:59:22+00:00\",\"dateModified\":\"2022-01-31T17:12:28+00:00\",\"breadcrumb\":{\"@id\":\"https:\/\/urnsparadise.com\/de\/product\/herzogin-bestattungsurne-mit-fliege\/#breadcrumb\"},\"inLanguage\":\"de\",\"potentialAction\":[{\"@type\":\"ReadAction\",\"target\":[\"https:\/\/urnsparadise.com\/de\/product\/herzogin-bestattungsurne-mit-fliege\/\"]}]},{\"@type\":\"BreadcrumbList\",\"@id\":\"https:\/\/urnsparadise.com\/de\/product\/herzogin-bestattungsurne-mit-fliege\/#breadcrumb\",\"itemListElement\":[{\"@type\":\"ListItem\",\"position\":1,\"name\":\"Accueil\",\"item\":\"https:\/\/urnsparadise.com\/de\/\"},{\"@type\":\"ListItem\",\"position\":2,\"name\":\"Laden\",\"item\":\"https:\/\/urnsparadise.com\/de\/laden\/\"},{\"@type\":\"ListItem\",\"position\":3,\"name\":\"Herzogin (Duchesse) Bestattungsurne Mit Fliege: Wei\u00df, Braun und Schwarz\"}]}]}<\/script>\n<!-- \/ Yoast SEO plugin. -->","yoast_head_json":{"title":"Herzogin (Duchesse) Bestattungsurne Mit Fliege: Wei\u00df, Braun und Schwarz &ndash; Urns Paradise","robots":{"index":"index","follow":"follow","max-snippet":"max-snippet:-1","max-image-preview":"max-image-preview:large","max-video-preview":"max-video-preview:-1"},"canonical":"https:\/\/urnsparadise.com\/de\/product\/herzogin-bestattungsurne-mit-fliege\/","og_locale":"de_DE","og_type":"article","og_title":"Herzogin (Duchesse) Bestattungsurne Mit Fliege: Wei\u00df, Braun und Schwarz &ndash; Urns Paradise","og_description":"\ud83d\udc08 Die Urne Herzogin\u00a0wird das Mittel sein, um eine ewige Erinnerung an Ihr Katze\u00a0ein Leben lang zu bewahren.\u00a0 \ud83d\udc08 Die Fliege ist rosa f\u00fcr die wei\u00dfe Urne, beige f\u00fcr die braune Urne und blau f\u00fcr die schwarze Urne. \u26b1\u00a0Eine hochwertige Urne wird mit aluminium. Jede Urne ist einzigartig in ihrem Design und Herstellung, handgefertigt von &hellip; Read More \"Herzogin (Duchesse) Bestattungsurne Mit Fliege: Wei\u00df, Braun und Schwarz\"","og_url":"https:\/\/urnsparadise.com\/de\/product\/herzogin-bestattungsurne-mit-fliege\/","og_site_name":"Urns Paradise","article_modified_time":"2022-01-31T17:12:28+00:00","og_image":[{"width":2560,"height":1839,"url":"https:\/\/urnsparadise.com\/wp-content\/uploads\/2021\/04\/AG-4571-copie-scaled.jpg","type":"image\/jpeg"}],"twitter_card":"summary_large_image","twitter_misc":{"Gesch\u00e4tzte Lesezeit":"1\u00a0Minute"},"schema":{"@context":"https:\/\/schema.org","@graph":[{"@type":"Organization","@id":"https:\/\/urnsparadise.com\/#organization","name":"Urns Paradise","url":"https:\/\/urnsparadise.com\/","sameAs":[],"logo":{"@type":"ImageObject","inLanguage":"de","@id":"https:\/\/urnsparadise.com\/#\/schema\/logo\/image\/","url":"https:\/\/urnsparadise.com\/wp-content\/uploads\/2021\/03\/cropped-logo_final_urns_paradise_couleur_vertical.png","contentUrl":"https:\/\/urnsparadise.com\/wp-content\/uploads\/2021\/03\/cropped-logo_final_urns_paradise_couleur_vertical.png","width":512,"height":512,"caption":"Urns Paradise"},"image":{"@id":"https:\/\/urnsparadise.com\/#\/schema\/logo\/image\/"}},{"@type":"WebSite","@id":"https:\/\/urnsparadise.com\/#website","url":"https:\/\/urnsparadise.com\/","name":"Urns Paradise","description":"","publisher":{"@id":"https:\/\/urnsparadise.com\/#organization"},"potentialAction":[{"@type":"SearchAction","target":{"@type":"EntryPoint","urlTemplate":"https:\/\/urnsparadise.com\/?s={search_term_string}"},"query-input":"required name=search_term_string"}],"inLanguage":"de"},{"@type":"WebPage","@id":"https:\/\/urnsparadise.com\/de\/product\/herzogin-bestattungsurne-mit-fliege\/","url":"https:\/\/urnsparadise.com\/de\/product\/herzogin-bestattungsurne-mit-fliege\/","name":"Herzogin (Duchesse) Bestattungsurne Mit Fliege: Wei\u00df, Braun und Schwarz &ndash; Urns Paradise","isPartOf":{"@id":"https:\/\/urnsparadise.com\/#website"},"datePublished":"2021-04-29T09:59:22+00:00","dateModified":"2022-01-31T17:12:28+00:00","breadcrumb":{"@id":"https:\/\/urnsparadise.com\/de\/product\/herzogin-bestattungsurne-mit-fliege\/#breadcrumb"},"inLanguage":"de","potentialAction":[{"@type":"ReadAction","target":["https:\/\/urnsparadise.com\/de\/product\/herzogin-bestattungsurne-mit-fliege\/"]}]},{"@type":"BreadcrumbList","@id":"https:\/\/urnsparadise.com\/de\/product\/herzogin-bestattungsurne-mit-fliege\/#breadcrumb","itemListElement":[{"@type":"ListItem","position":1,"name":"Accueil","item":"https:\/\/urnsparadise.com\/de\/"},{"@type":"ListItem","position":2,"name":"Laden","item":"https:\/\/urnsparadise.com\/de\/laden\/"},{"@type":"ListItem","position":3,"name":"Herzogin (Duchesse) Bestattungsurne Mit Fliege: Wei\u00df, Braun und Schwarz"}]}]}},"_links":{"self":[{"href":"https:\/\/urnsparadise.com\/de\/wp-json\/wp\/v2\/product\/8621"}],"collection":[{"href":"https:\/\/urnsparadise.com\/de\/wp-json\/wp\/v2\/product"}],"about":[{"href":"https:\/\/urnsparadise.com\/de\/wp-json\/wp\/v2\/types\/product"}],"replies":[{"embeddable":true,"href":"https:\/\/urnsparadise.com\/de\/wp-json\/wp\/v2\/comments?post=8621"}],"version-history":[{"count":4,"href":"https:\/\/urnsparadise.com\/de\/wp-json\/wp\/v2\/product\/8621\/revisions"}],"predecessor-version":[{"id":12883,"href":"https:\/\/urnsparadise.com\/de\/wp-json\/wp\/v2\/product\/8621\/revisions\/12883"}],"wp:featuredmedia":[{"embeddable":true,"href":"https:\/\/urnsparadise.com\/de\/wp-json\/wp\/v2\/media\/9233"}],"wp:attachment":[{"href":"https:\/\/urnsparadise.com\/de\/wp-json\/wp\/v2\/media?parent=8621"}],"wp:term":[{"taxonomy":"product_cat","embeddable":true,"href":"https:\/\/urnsparadise.com\/de\/wp-json\/wp\/v2\/product_cat?post=8621"},{"taxonomy":"product_tag","embeddable":true,"href":"https:\/\/urnsparadise.com\/de\/wp-json\/wp\/v2\/product_tag?post=8621"}],"curies":[{"name":"wp","href":"https:\/\/api.w.org\/{rel}","templated":true}]}}