{"id":8920,"date":"2021-05-02T10:18:28","date_gmt":"2021-05-02T08:18:29","guid":{"rendered":"https:\/\/urnsparadise.com\/?post_type=product&#038;p=8920"},"modified":"2021-12-01T17:08:13","modified_gmt":"2021-12-01T16:08:13","slug":"engel-hund-beerdigung-urne","status":"publish","type":"product","link":"https:\/\/urnsparadise.com\/de\/produkt\/engel-hund-beerdigung-urne\/","title":{"rendered":"Engel Hund Beerdigung Urne: Bronze, Silber, Kupfer Und Schwarz"},"content":{"rendered":"<p><span style=\"font-weight: 400;\">\ud83d\udc08 Die Urne Angel<\/span><span style=\"font-weight: 400;\">\u00a0<\/span><span style=\"font-weight: 400;\">wird das Mittel sein, um eine ewige Erinnerung an Ihr <\/span><span style=\"font-weight: 400;\">Hund<\/span><span style=\"font-weight: 400;\"> ein Leben lang zu bewahren.\u00a0<\/span><\/p>\n<p><span style=\"font-weight: 400;\">\u26b1\u00a0<\/span><span style=\"font-weight: 400;\">Eine hochwertige Urne wird mit Aluminium<\/span><span style=\"font-weight: 400;\">. <\/span><span style=\"font-weight: 400;\">Jede Urne ist einzigartig in ihrem Design und Herstellung, handgefertigt von erfahrenen Handwerkern.<\/span><\/p>\n<p>\ud83d\udc36 Die Engel-Urne stellt einen gefl\u00fcgelten Hund dar, der gem\u00fctlich in einem Korb schl\u00e4ft.<\/p>\n<p><span style=\"font-weight: 400;\"><strong>\u2705 <\/strong>Diese Urne hat eine \u00d6ffnung an der Unterseite, um die Asche darin einzulegen.\u00a0<\/span><\/p>\n<p>&nbsp;<\/p>\n","protected":false},"excerpt":{"rendered":"<p>\ud83d\udc08 Die Urne Angel\u00a0wird das Mittel sein, um eine ewige Erinnerung an Ihr Hund ein Leben lang zu bewahren.\u00a0 \u26b1\u00a0Eine hochwertige Urne wird mit Aluminium. Jede Urne ist einzigartig in ihrem Design und Herstellung, handgefertigt von erfahrenen Handwerkern. \ud83d\udc36 Die Engel-Urne stellt einen gefl\u00fcgelten Hund dar, der gem\u00fctlich in einem Korb schl\u00e4ft. \u2705 Diese Urne &hellip; <\/p>\n<p class=\"link-more\"><a href=\"https:\/\/urnsparadise.com\/de\/produkt\/engel-hund-beerdigung-urne\/\" class=\"more-link\">Read More <span class=\"screen-reader-text\"> &#8222;Engel Hund Beerdigung Urne: Bronze, Silber, Kupfer Und Schwarz&#8220;<\/span><\/a><\/p>\n","protected":false},"featured_media":11705,"comment_status":"open","ping_status":"closed","template":"","meta":{"_mi_skip_tracking":false,"_monsterinsights_sitenote_active":false,"_monsterinsights_sitenote_note":"","_monsterinsights_sitenote_category":0},"product_cat":[353,145,153,152,350,351],"product_tag":[],"yoast_head":"<!-- This site is optimized with the Yoast SEO plugin v19.4 - https:\/\/yoast.com\/wordpress\/plugins\/seo\/ -->\n<title>Engel Hund Beerdigung Urne: Bronze, Silber, Kupfer Und Schwarz &ndash; Urns Paradise<\/title>\n<meta name=\"robots\" content=\"index, follow, max-snippet:-1, max-image-preview:large, max-video-preview:-1\" \/>\n<link rel=\"canonical\" href=\"https:\/\/urnsparadise.com\/de\/produkt\/engel-hund-beerdigung-urne\/\" \/>\n<meta property=\"og:locale\" content=\"de_DE\" \/>\n<meta property=\"og:type\" content=\"article\" \/>\n<meta property=\"og:title\" content=\"Engel Hund Beerdigung Urne: Bronze, Silber, Kupfer Und Schwarz &ndash; Urns Paradise\" \/>\n<meta property=\"og:description\" content=\"\ud83d\udc08 Die Urne Angel\u00a0wird das Mittel sein, um eine ewige Erinnerung an Ihr Hund ein Leben lang zu bewahren.\u00a0 \u26b1\u00a0Eine hochwertige Urne wird mit Aluminium. Jede Urne ist einzigartig in ihrem Design und Herstellung, handgefertigt von erfahrenen Handwerkern. \ud83d\udc36 Die Engel-Urne stellt einen gefl\u00fcgelten Hund dar, der gem\u00fctlich in einem Korb schl\u00e4ft. \u2705 Diese Urne &hellip; Read More &quot;Engel Hund Beerdigung Urne: Bronze, Silber, Kupfer Und Schwarz&quot;\" \/>\n<meta property=\"og:url\" content=\"https:\/\/urnsparadise.com\/de\/produkt\/engel-hund-beerdigung-urne\/\" \/>\n<meta property=\"og:site_name\" content=\"Urns Paradise\" \/>\n<meta property=\"article:modified_time\" content=\"2021-12-01T16:08:13+00:00\" \/>\n<meta property=\"og:image\" content=\"https:\/\/urnsparadise.com\/wp-content\/uploads\/2021\/12\/IMG_20211201_143657-927x1024.png\" \/>\n\t<meta property=\"og:image:width\" content=\"927\" \/>\n\t<meta property=\"og:image:height\" content=\"1024\" \/>\n\t<meta property=\"og:image:type\" content=\"image\/png\" \/>\n<meta name=\"twitter:card\" content=\"summary_large_image\" \/>\n<meta name=\"twitter:label1\" content=\"Gesch\u00e4tzte Lesezeit\" \/>\n\t<meta name=\"twitter:data1\" content=\"1\u00a0Minute\" \/>\n<script type=\"application\/ld+json\" class=\"yoast-schema-graph\">{\"@context\":\"https:\/\/schema.org\",\"@graph\":[{\"@type\":\"Organization\",\"@id\":\"https:\/\/urnsparadise.com\/#organization\",\"name\":\"Urns Paradise\",\"url\":\"https:\/\/urnsparadise.com\/\",\"sameAs\":[],\"logo\":{\"@type\":\"ImageObject\",\"inLanguage\":\"de\",\"@id\":\"https:\/\/urnsparadise.com\/#\/schema\/logo\/image\/\",\"url\":\"https:\/\/urnsparadise.com\/wp-content\/uploads\/2021\/03\/cropped-logo_final_urns_paradise_couleur_vertical.png\",\"contentUrl\":\"https:\/\/urnsparadise.com\/wp-content\/uploads\/2021\/03\/cropped-logo_final_urns_paradise_couleur_vertical.png\",\"width\":512,\"height\":512,\"caption\":\"Urns Paradise\"},\"image\":{\"@id\":\"https:\/\/urnsparadise.com\/#\/schema\/logo\/image\/\"}},{\"@type\":\"WebSite\",\"@id\":\"https:\/\/urnsparadise.com\/#website\",\"url\":\"https:\/\/urnsparadise.com\/\",\"name\":\"Urns Paradise\",\"description\":\"\",\"publisher\":{\"@id\":\"https:\/\/urnsparadise.com\/#organization\"},\"potentialAction\":[{\"@type\":\"SearchAction\",\"target\":{\"@type\":\"EntryPoint\",\"urlTemplate\":\"https:\/\/urnsparadise.com\/?s={search_term_string}\"},\"query-input\":\"required name=search_term_string\"}],\"inLanguage\":\"de\"},{\"@type\":\"WebPage\",\"@id\":\"https:\/\/urnsparadise.com\/de\/produkt\/engel-hund-beerdigung-urne\/\",\"url\":\"https:\/\/urnsparadise.com\/de\/produkt\/engel-hund-beerdigung-urne\/\",\"name\":\"Engel Hund Beerdigung Urne: Bronze, Silber, Kupfer Und Schwarz &ndash; Urns Paradise\",\"isPartOf\":{\"@id\":\"https:\/\/urnsparadise.com\/#website\"},\"datePublished\":\"2021-05-02T08:18:29+00:00\",\"dateModified\":\"2021-12-01T16:08:13+00:00\",\"breadcrumb\":{\"@id\":\"https:\/\/urnsparadise.com\/de\/produkt\/engel-hund-beerdigung-urne\/#breadcrumb\"},\"inLanguage\":\"de\",\"potentialAction\":[{\"@type\":\"ReadAction\",\"target\":[\"https:\/\/urnsparadise.com\/de\/produkt\/engel-hund-beerdigung-urne\/\"]}]},{\"@type\":\"BreadcrumbList\",\"@id\":\"https:\/\/urnsparadise.com\/de\/produkt\/engel-hund-beerdigung-urne\/#breadcrumb\",\"itemListElement\":[{\"@type\":\"ListItem\",\"position\":1,\"name\":\"Accueil\",\"item\":\"https:\/\/urnsparadise.com\/de\/\"},{\"@type\":\"ListItem\",\"position\":2,\"name\":\"Laden\",\"item\":\"https:\/\/urnsparadise.com\/de\/laden\/\"},{\"@type\":\"ListItem\",\"position\":3,\"name\":\"Engel Hund Beerdigung Urne: Bronze, Silber, Kupfer Und Schwarz\"}]}]}<\/script>\n<!-- \/ Yoast SEO plugin. -->","yoast_head_json":{"title":"Engel Hund Beerdigung Urne: Bronze, Silber, Kupfer Und Schwarz &ndash; Urns Paradise","robots":{"index":"index","follow":"follow","max-snippet":"max-snippet:-1","max-image-preview":"max-image-preview:large","max-video-preview":"max-video-preview:-1"},"canonical":"https:\/\/urnsparadise.com\/de\/produkt\/engel-hund-beerdigung-urne\/","og_locale":"de_DE","og_type":"article","og_title":"Engel Hund Beerdigung Urne: Bronze, Silber, Kupfer Und Schwarz &ndash; Urns Paradise","og_description":"\ud83d\udc08 Die Urne Angel\u00a0wird das Mittel sein, um eine ewige Erinnerung an Ihr Hund ein Leben lang zu bewahren.\u00a0 \u26b1\u00a0Eine hochwertige Urne wird mit Aluminium. Jede Urne ist einzigartig in ihrem Design und Herstellung, handgefertigt von erfahrenen Handwerkern. \ud83d\udc36 Die Engel-Urne stellt einen gefl\u00fcgelten Hund dar, der gem\u00fctlich in einem Korb schl\u00e4ft. \u2705 Diese Urne &hellip; Read More \"Engel Hund Beerdigung Urne: Bronze, Silber, Kupfer Und Schwarz\"","og_url":"https:\/\/urnsparadise.com\/de\/produkt\/engel-hund-beerdigung-urne\/","og_site_name":"Urns Paradise","article_modified_time":"2021-12-01T16:08:13+00:00","og_image":[{"width":927,"height":1024,"url":"https:\/\/urnsparadise.com\/wp-content\/uploads\/2021\/12\/IMG_20211201_143657-927x1024.png","type":"image\/png"}],"twitter_card":"summary_large_image","twitter_misc":{"Gesch\u00e4tzte Lesezeit":"1\u00a0Minute"},"schema":{"@context":"https:\/\/schema.org","@graph":[{"@type":"Organization","@id":"https:\/\/urnsparadise.com\/#organization","name":"Urns Paradise","url":"https:\/\/urnsparadise.com\/","sameAs":[],"logo":{"@type":"ImageObject","inLanguage":"de","@id":"https:\/\/urnsparadise.com\/#\/schema\/logo\/image\/","url":"https:\/\/urnsparadise.com\/wp-content\/uploads\/2021\/03\/cropped-logo_final_urns_paradise_couleur_vertical.png","contentUrl":"https:\/\/urnsparadise.com\/wp-content\/uploads\/2021\/03\/cropped-logo_final_urns_paradise_couleur_vertical.png","width":512,"height":512,"caption":"Urns Paradise"},"image":{"@id":"https:\/\/urnsparadise.com\/#\/schema\/logo\/image\/"}},{"@type":"WebSite","@id":"https:\/\/urnsparadise.com\/#website","url":"https:\/\/urnsparadise.com\/","name":"Urns Paradise","description":"","publisher":{"@id":"https:\/\/urnsparadise.com\/#organization"},"potentialAction":[{"@type":"SearchAction","target":{"@type":"EntryPoint","urlTemplate":"https:\/\/urnsparadise.com\/?s={search_term_string}"},"query-input":"required name=search_term_string"}],"inLanguage":"de"},{"@type":"WebPage","@id":"https:\/\/urnsparadise.com\/de\/produkt\/engel-hund-beerdigung-urne\/","url":"https:\/\/urnsparadise.com\/de\/produkt\/engel-hund-beerdigung-urne\/","name":"Engel Hund Beerdigung Urne: Bronze, Silber, Kupfer Und Schwarz &ndash; Urns Paradise","isPartOf":{"@id":"https:\/\/urnsparadise.com\/#website"},"datePublished":"2021-05-02T08:18:29+00:00","dateModified":"2021-12-01T16:08:13+00:00","breadcrumb":{"@id":"https:\/\/urnsparadise.com\/de\/produkt\/engel-hund-beerdigung-urne\/#breadcrumb"},"inLanguage":"de","potentialAction":[{"@type":"ReadAction","target":["https:\/\/urnsparadise.com\/de\/produkt\/engel-hund-beerdigung-urne\/"]}]},{"@type":"BreadcrumbList","@id":"https:\/\/urnsparadise.com\/de\/produkt\/engel-hund-beerdigung-urne\/#breadcrumb","itemListElement":[{"@type":"ListItem","position":1,"name":"Accueil","item":"https:\/\/urnsparadise.com\/de\/"},{"@type":"ListItem","position":2,"name":"Laden","item":"https:\/\/urnsparadise.com\/de\/laden\/"},{"@type":"ListItem","position":3,"name":"Engel Hund Beerdigung Urne: Bronze, Silber, Kupfer Und Schwarz"}]}]}},"_links":{"self":[{"href":"https:\/\/urnsparadise.com\/de\/wp-json\/wp\/v2\/product\/8920"}],"collection":[{"href":"https:\/\/urnsparadise.com\/de\/wp-json\/wp\/v2\/product"}],"about":[{"href":"https:\/\/urnsparadise.com\/de\/wp-json\/wp\/v2\/types\/product"}],"replies":[{"embeddable":true,"href":"https:\/\/urnsparadise.com\/de\/wp-json\/wp\/v2\/comments?post=8920"}],"version-history":[{"count":2,"href":"https:\/\/urnsparadise.com\/de\/wp-json\/wp\/v2\/product\/8920\/revisions"}],"predecessor-version":[{"id":11719,"href":"https:\/\/urnsparadise.com\/de\/wp-json\/wp\/v2\/product\/8920\/revisions\/11719"}],"wp:featuredmedia":[{"embeddable":true,"href":"https:\/\/urnsparadise.com\/de\/wp-json\/wp\/v2\/media\/11705"}],"wp:attachment":[{"href":"https:\/\/urnsparadise.com\/de\/wp-json\/wp\/v2\/media?parent=8920"}],"wp:term":[{"taxonomy":"product_cat","embeddable":true,"href":"https:\/\/urnsparadise.com\/de\/wp-json\/wp\/v2\/product_cat?post=8920"},{"taxonomy":"product_tag","embeddable":true,"href":"https:\/\/urnsparadise.com\/de\/wp-json\/wp\/v2\/product_tag?post=8920"}],"curies":[{"name":"wp","href":"https:\/\/api.w.org\/{rel}","templated":true}]}}