{"id":8949,"date":"2021-05-06T17:38:26","date_gmt":"2021-05-06T15:38:26","guid":{"rendered":"https:\/\/urnsparadise.com\/?post_type=product&#038;p=8949"},"modified":"2021-05-24T10:55:26","modified_gmt":"2021-05-24T08:55:26","slug":"bestattungsurne-boxnit-aus-granit","status":"publish","type":"product","link":"https:\/\/urnsparadise.com\/de\/produkt\/bestattungsurne-boxnit-aus-granit\/","title":{"rendered":"Bestattungsurne Boxnit Aus Granit: 5 Farben verf\u00fcgbar"},"content":{"rendered":"<p><span style=\"font-weight: 400;\">\ud83d\udc49 Die Boxnit <\/span><span style=\"font-weight: 400;\">Urne<\/span><span style=\"font-weight: 400;\">\u00a0<\/span><span style=\"font-weight: 400;\">von hoher Qualit\u00e4t ist in<\/span><span style=\"font-weight: 400;\"> Eine Kombination aus poliertem Granit und rohem Granit.<\/span><\/p>\n<p><span style=\"font-weight: 400;\">\u26b1 Die Boxnit Urne ist eine ideale Urne f\u00fcr den Au\u00dfenbereich, da sie sich perfekt in die Einrichtung einf\u00fcgt und zudem sehr witterungsbest\u00e4ndig ist.<\/span><\/p>\n<p>\u2705 <span style=\"font-weight: 400;\">Diese Urne hat oben eine \u00d6ffnung zur, um die Asche einzulegen.<\/span><\/p>\n","protected":false},"excerpt":{"rendered":"<p>\ud83d\udc49 Die Boxnit Urne\u00a0von hoher Qualit\u00e4t ist in Eine Kombination aus poliertem Granit und rohem Granit. \u26b1 Die Boxnit Urne ist eine ideale Urne f\u00fcr den Au\u00dfenbereich, da sie sich perfekt in die Einrichtung einf\u00fcgt und zudem sehr witterungsbest\u00e4ndig ist. \u2705 Diese Urne hat oben eine \u00d6ffnung zur, um die Asche einzulegen.<\/p>\n","protected":false},"featured_media":8973,"comment_status":"open","ping_status":"closed","template":"","meta":{"_mi_skip_tracking":false,"_monsterinsights_sitenote_active":false,"_monsterinsights_sitenote_note":"","_monsterinsights_sitenote_category":0},"product_cat":[359,156,154],"product_tag":[],"yoast_head":"<!-- This site is optimized with the Yoast SEO plugin v19.4 - https:\/\/yoast.com\/wordpress\/plugins\/seo\/ -->\n<title>Bestattungsurne Boxnit Aus Granit: 5 Farben verf\u00fcgbar &ndash; Urns Paradise<\/title>\n<meta name=\"robots\" content=\"index, follow, max-snippet:-1, max-image-preview:large, max-video-preview:-1\" \/>\n<link rel=\"canonical\" href=\"https:\/\/urnsparadise.com\/de\/product\/bestattungsurne-boxnit-aus-granit\/\" \/>\n<meta property=\"og:locale\" content=\"de_DE\" \/>\n<meta property=\"og:type\" content=\"article\" \/>\n<meta property=\"og:title\" content=\"Bestattungsurne Boxnit Aus Granit: 5 Farben verf\u00fcgbar &ndash; Urns Paradise\" \/>\n<meta property=\"og:description\" content=\"\ud83d\udc49 Die Boxnit Urne\u00a0von hoher Qualit\u00e4t ist in Eine Kombination aus poliertem Granit und rohem Granit. \u26b1 Die Boxnit Urne ist eine ideale Urne f\u00fcr den Au\u00dfenbereich, da sie sich perfekt in die Einrichtung einf\u00fcgt und zudem sehr witterungsbest\u00e4ndig ist. \u2705 Diese Urne hat oben eine \u00d6ffnung zur, um die Asche einzulegen.\" \/>\n<meta property=\"og:url\" content=\"https:\/\/urnsparadise.com\/de\/product\/bestattungsurne-boxnit-aus-granit\/\" \/>\n<meta property=\"og:site_name\" content=\"Urns Paradise\" \/>\n<meta property=\"article:modified_time\" content=\"2021-05-24T08:55:26+00:00\" \/>\n<meta property=\"og:image\" content=\"https:\/\/urnsparadise.com\/wp-content\/uploads\/2021\/05\/urne-funeraire-granit-mass-blue.jpg\" \/>\n\t<meta property=\"og:image:width\" content=\"700\" \/>\n\t<meta property=\"og:image:height\" content=\"800\" \/>\n\t<meta property=\"og:image:type\" content=\"image\/jpeg\" \/>\n<meta name=\"twitter:card\" content=\"summary_large_image\" \/>\n<meta name=\"twitter:label1\" content=\"Gesch\u00e4tzte Lesezeit\" \/>\n\t<meta name=\"twitter:data1\" content=\"1\u00a0Minute\" \/>\n<script type=\"application\/ld+json\" class=\"yoast-schema-graph\">{\"@context\":\"https:\/\/schema.org\",\"@graph\":[{\"@type\":\"Organization\",\"@id\":\"https:\/\/urnsparadise.com\/#organization\",\"name\":\"Urns Paradise\",\"url\":\"https:\/\/urnsparadise.com\/\",\"sameAs\":[],\"logo\":{\"@type\":\"ImageObject\",\"inLanguage\":\"de\",\"@id\":\"https:\/\/urnsparadise.com\/#\/schema\/logo\/image\/\",\"url\":\"https:\/\/urnsparadise.com\/wp-content\/uploads\/2021\/03\/cropped-logo_final_urns_paradise_couleur_vertical.png\",\"contentUrl\":\"https:\/\/urnsparadise.com\/wp-content\/uploads\/2021\/03\/cropped-logo_final_urns_paradise_couleur_vertical.png\",\"width\":512,\"height\":512,\"caption\":\"Urns Paradise\"},\"image\":{\"@id\":\"https:\/\/urnsparadise.com\/#\/schema\/logo\/image\/\"}},{\"@type\":\"WebSite\",\"@id\":\"https:\/\/urnsparadise.com\/#website\",\"url\":\"https:\/\/urnsparadise.com\/\",\"name\":\"Urns Paradise\",\"description\":\"\",\"publisher\":{\"@id\":\"https:\/\/urnsparadise.com\/#organization\"},\"potentialAction\":[{\"@type\":\"SearchAction\",\"target\":{\"@type\":\"EntryPoint\",\"urlTemplate\":\"https:\/\/urnsparadise.com\/?s={search_term_string}\"},\"query-input\":\"required name=search_term_string\"}],\"inLanguage\":\"de\"},{\"@type\":\"WebPage\",\"@id\":\"https:\/\/urnsparadise.com\/de\/product\/bestattungsurne-boxnit-aus-granit\/\",\"url\":\"https:\/\/urnsparadise.com\/de\/product\/bestattungsurne-boxnit-aus-granit\/\",\"name\":\"Bestattungsurne Boxnit Aus Granit: 5 Farben verf\u00fcgbar &ndash; Urns Paradise\",\"isPartOf\":{\"@id\":\"https:\/\/urnsparadise.com\/#website\"},\"datePublished\":\"2021-05-06T15:38:26+00:00\",\"dateModified\":\"2021-05-24T08:55:26+00:00\",\"breadcrumb\":{\"@id\":\"https:\/\/urnsparadise.com\/de\/product\/bestattungsurne-boxnit-aus-granit\/#breadcrumb\"},\"inLanguage\":\"de\",\"potentialAction\":[{\"@type\":\"ReadAction\",\"target\":[\"https:\/\/urnsparadise.com\/de\/product\/bestattungsurne-boxnit-aus-granit\/\"]}]},{\"@type\":\"BreadcrumbList\",\"@id\":\"https:\/\/urnsparadise.com\/de\/product\/bestattungsurne-boxnit-aus-granit\/#breadcrumb\",\"itemListElement\":[{\"@type\":\"ListItem\",\"position\":1,\"name\":\"Accueil\",\"item\":\"https:\/\/urnsparadise.com\/de\/\"},{\"@type\":\"ListItem\",\"position\":2,\"name\":\"Laden\",\"item\":\"https:\/\/urnsparadise.com\/de\/laden\/\"},{\"@type\":\"ListItem\",\"position\":3,\"name\":\"Bestattungsurne Boxnit Aus Granit: 5 Farben verf\u00fcgbar\"}]}]}<\/script>\n<!-- \/ Yoast SEO plugin. -->","yoast_head_json":{"title":"Bestattungsurne Boxnit Aus Granit: 5 Farben verf\u00fcgbar &ndash; Urns Paradise","robots":{"index":"index","follow":"follow","max-snippet":"max-snippet:-1","max-image-preview":"max-image-preview:large","max-video-preview":"max-video-preview:-1"},"canonical":"https:\/\/urnsparadise.com\/de\/product\/bestattungsurne-boxnit-aus-granit\/","og_locale":"de_DE","og_type":"article","og_title":"Bestattungsurne Boxnit Aus Granit: 5 Farben verf\u00fcgbar &ndash; Urns Paradise","og_description":"\ud83d\udc49 Die Boxnit Urne\u00a0von hoher Qualit\u00e4t ist in Eine Kombination aus poliertem Granit und rohem Granit. \u26b1 Die Boxnit Urne ist eine ideale Urne f\u00fcr den Au\u00dfenbereich, da sie sich perfekt in die Einrichtung einf\u00fcgt und zudem sehr witterungsbest\u00e4ndig ist. \u2705 Diese Urne hat oben eine \u00d6ffnung zur, um die Asche einzulegen.","og_url":"https:\/\/urnsparadise.com\/de\/product\/bestattungsurne-boxnit-aus-granit\/","og_site_name":"Urns Paradise","article_modified_time":"2021-05-24T08:55:26+00:00","og_image":[{"width":700,"height":800,"url":"https:\/\/urnsparadise.com\/wp-content\/uploads\/2021\/05\/urne-funeraire-granit-mass-blue.jpg","type":"image\/jpeg"}],"twitter_card":"summary_large_image","twitter_misc":{"Gesch\u00e4tzte Lesezeit":"1\u00a0Minute"},"schema":{"@context":"https:\/\/schema.org","@graph":[{"@type":"Organization","@id":"https:\/\/urnsparadise.com\/#organization","name":"Urns Paradise","url":"https:\/\/urnsparadise.com\/","sameAs":[],"logo":{"@type":"ImageObject","inLanguage":"de","@id":"https:\/\/urnsparadise.com\/#\/schema\/logo\/image\/","url":"https:\/\/urnsparadise.com\/wp-content\/uploads\/2021\/03\/cropped-logo_final_urns_paradise_couleur_vertical.png","contentUrl":"https:\/\/urnsparadise.com\/wp-content\/uploads\/2021\/03\/cropped-logo_final_urns_paradise_couleur_vertical.png","width":512,"height":512,"caption":"Urns Paradise"},"image":{"@id":"https:\/\/urnsparadise.com\/#\/schema\/logo\/image\/"}},{"@type":"WebSite","@id":"https:\/\/urnsparadise.com\/#website","url":"https:\/\/urnsparadise.com\/","name":"Urns Paradise","description":"","publisher":{"@id":"https:\/\/urnsparadise.com\/#organization"},"potentialAction":[{"@type":"SearchAction","target":{"@type":"EntryPoint","urlTemplate":"https:\/\/urnsparadise.com\/?s={search_term_string}"},"query-input":"required name=search_term_string"}],"inLanguage":"de"},{"@type":"WebPage","@id":"https:\/\/urnsparadise.com\/de\/product\/bestattungsurne-boxnit-aus-granit\/","url":"https:\/\/urnsparadise.com\/de\/product\/bestattungsurne-boxnit-aus-granit\/","name":"Bestattungsurne Boxnit Aus Granit: 5 Farben verf\u00fcgbar &ndash; Urns Paradise","isPartOf":{"@id":"https:\/\/urnsparadise.com\/#website"},"datePublished":"2021-05-06T15:38:26+00:00","dateModified":"2021-05-24T08:55:26+00:00","breadcrumb":{"@id":"https:\/\/urnsparadise.com\/de\/product\/bestattungsurne-boxnit-aus-granit\/#breadcrumb"},"inLanguage":"de","potentialAction":[{"@type":"ReadAction","target":["https:\/\/urnsparadise.com\/de\/product\/bestattungsurne-boxnit-aus-granit\/"]}]},{"@type":"BreadcrumbList","@id":"https:\/\/urnsparadise.com\/de\/product\/bestattungsurne-boxnit-aus-granit\/#breadcrumb","itemListElement":[{"@type":"ListItem","position":1,"name":"Accueil","item":"https:\/\/urnsparadise.com\/de\/"},{"@type":"ListItem","position":2,"name":"Laden","item":"https:\/\/urnsparadise.com\/de\/laden\/"},{"@type":"ListItem","position":3,"name":"Bestattungsurne Boxnit Aus Granit: 5 Farben verf\u00fcgbar"}]}]}},"_links":{"self":[{"href":"https:\/\/urnsparadise.com\/de\/wp-json\/wp\/v2\/product\/8949"}],"collection":[{"href":"https:\/\/urnsparadise.com\/de\/wp-json\/wp\/v2\/product"}],"about":[{"href":"https:\/\/urnsparadise.com\/de\/wp-json\/wp\/v2\/types\/product"}],"replies":[{"embeddable":true,"href":"https:\/\/urnsparadise.com\/de\/wp-json\/wp\/v2\/comments?post=8949"}],"version-history":[{"count":1,"href":"https:\/\/urnsparadise.com\/de\/wp-json\/wp\/v2\/product\/8949\/revisions"}],"predecessor-version":[{"id":10342,"href":"https:\/\/urnsparadise.com\/de\/wp-json\/wp\/v2\/product\/8949\/revisions\/10342"}],"wp:featuredmedia":[{"embeddable":true,"href":"https:\/\/urnsparadise.com\/de\/wp-json\/wp\/v2\/media\/8973"}],"wp:attachment":[{"href":"https:\/\/urnsparadise.com\/de\/wp-json\/wp\/v2\/media?parent=8949"}],"wp:term":[{"taxonomy":"product_cat","embeddable":true,"href":"https:\/\/urnsparadise.com\/de\/wp-json\/wp\/v2\/product_cat?post=8949"},{"taxonomy":"product_tag","embeddable":true,"href":"https:\/\/urnsparadise.com\/de\/wp-json\/wp\/v2\/product_tag?post=8949"}],"curies":[{"name":"wp","href":"https:\/\/api.w.org\/{rel}","templated":true}]}}