{"id":5622,"date":"2018-10-16T03:57:56","date_gmt":"2018-10-16T01:57:56","guid":{"rendered":"https:\/\/urnsparadise.com\/product\/urne-biodegradable-bios-pets\/"},"modified":"2021-03-07T17:26:03","modified_gmt":"2021-03-07T16:26:03","slug":"bios-pets-biodegradable-urn","status":"publish","type":"product","link":"https:\/\/urnsparadise.com\/en\/product\/bios-pets-biodegradable-urn\/","title":{"rendered":"Bios Pets Biodegradable Urn"},"content":{"rendered":"<h4><strong>1 Fill the lower capsule with your pet&#8217;s ashes.<\/strong><\/h4>\n<p><img loading=\"lazy\" class=\"aligncenter wp-image-6759 size-medium\" src=\"https:\/\/auparadisdeschats.fr\/wp-content\/uploads\/2020\/06\/Screenshot_2020-06-26-Urne-Bios-Pets-Urne-Bios-300x298.png\" sizes=\"(max-width: 300px) 100vw, 300px\" srcset=\"https:\/\/auparadisdeschats.fr\/wp-content\/uploads\/2020\/06\/Screenshot_2020-06-26-Urne-Bios-Pets-Urne-Bios-300x298.png 300w, https:\/\/auparadisdeschats.fr\/wp-content\/uploads\/2020\/06\/Screenshot_2020-06-26-Urne-Bios-Pets-Urne-Bios-150x150.png 150w, https:\/\/auparadisdeschats.fr\/wp-content\/uploads\/2020\/06\/Screenshot_2020-06-26-Urne-Bios-Pets-Urne-Bios-100x100.png 100w, https:\/\/auparadisdeschats.fr\/wp-content\/uploads\/2020\/06\/Screenshot_2020-06-26-Urne-Bios-Pets-Urne-Bios.png 544w\" alt=\"\" width=\"300\" height=\"298\" \/><\/p>\n<h4><strong>2 Mix the components with the seed of your choice in the upper capsule.<\/strong><\/h4>\n<p><img loading=\"lazy\" class=\"aligncenter\" src=\"https:\/\/urnabios.com\/wp-content\/themes\/biosurn\/images\/bios_how_to_2.png\" alt=\"\" width=\"280\" height=\"235\" \/><\/p>\n<h4><strong>3 Close the urn and plant it 3 to 4 cm from the surface of the ground.<\/strong><\/h4>\n<p><img loading=\"lazy\" class=\"aligncenter\" src=\"https:\/\/urnabios.com\/wp-content\/themes\/biosurn\/images\/bios_how_to_3.png\" alt=\"\" width=\"259\" height=\"226\" \/><\/p>\n<h4><strong>4 L\u2019Urne Bios Pets et les cendres se m\u00e9langeront \u00e0 la nature au fur et \u00e0 mesure de la pousse de l\u2019arbre.<\/strong><\/h4>\n<p><img loading=\"lazy\" class=\"aligncenter\" src=\"https:\/\/urnabios.com\/wp-content\/themes\/biosurn\/images\/bios_how_to_4.png\" alt=\"\" width=\"199\" height=\"227\" \/><\/p>\n<p><strong>Dimensions:<\/strong><\/p>\n<p>Length: 8 cm<br \/>\nHeight: 16cm<br \/>\nWidth: 8 cm<br \/>\nWeight: 430 gr<\/p>\n<p><strong>Capacity: 1.25 liters, i.e. a maximum weight of 20 kg.<\/strong><\/p>\n<p><strong>What&#8217;s in the box ?<\/strong><\/p>\n<p>\u25cf A Bios Pets\u00ae Urn<br \/>\n\u25cf Packaging with instructions<br \/>\n\u25cf A soil expansion disc<\/p>\n<p>The Bios\u00ae Urn does not contain seeds to facilitate the choice of each person and<br \/>\nrespect the ecosystem of each place.<\/p>\n<h2>Choose the right tree<\/h2>\n<p>The Bios\u00ae Urn can be used with any type of seed, cutting or young shoot!<\/p>\n<p>Some people choose a tree, while others prefer a plant or shrub. The final decision is yours. However, before deciding on a tree, it is important to consider the following questions:<\/p>\n<p><strong>&#8211; Will the plantation be outside or inside?<\/strong><br \/>\nIf it&#8217;s inside, is it for an indefinite period or is a transplant scheduled later? If overseas, where will the planting be done?<\/p>\n<p><strong>&#8211; Do you have a preference for a particular type of tree?<\/strong><\/p>\n<p>A fruit tree, a flowering tree or a shrub for example?<br \/>\nIf yes which?<\/p>\n<p>Sometimes the chosen tree has emotional value. For others, fruit or tree nuts will be preferred. Whatever type of tree you choose, opting for one that generates an emotional bond is also a great way to honor your pet.<\/p>\n<h2>Seed, cutting or young shoot?<\/h2>\n<p>Once you&#8217;ve decided on the type of tree, shrub, or plant, it&#8217;s time to decide whether you&#8217;d prefer to use a seed or cuttings! The seeds are very easy to find and can usually be purchased from suppliers online. A packet of seeds costs on average around \u00a3 10. Typically, seed suppliers have legal permissions to sell and ship seeds overseas. In contrast, cuttings must be purchased from a company within the country or from the same economic community, in the case of Europe. The minimum cost for a cutting is around \u00a3 25. Occasionally, you may find offers of seeds or cuttings at garden centers, nurseries or at a florist.<\/p>\n<p>If you choose seeds, it is likely that pre-treatment will be necessary before use. Treatment varies by species and usually lasts between 1 to 6 weeks.<\/p>\n<p>If using a cutting, it should be planted immediately after acquisition, placing it above the BIOS Urn<\/p>\n","protected":false},"excerpt":{"rendered":"<p>\u2705 Free delivery within 10 working days.<\/p>\n<p>The first biodegradable urn designed to turn your faithful companion into a tree in the afterlife.<\/p>\n<p>The urn is specially designed to accommodate the seed or shoot of your choice, and, thanks to its two independent capsules, allows a tree to grow as a memory of a person.<\/p>\n","protected":false},"featured_media":5486,"comment_status":"open","ping_status":"closed","template":"","meta":{"_mi_skip_tracking":false,"_monsterinsights_sitenote_active":false,"_monsterinsights_sitenote_note":"","_monsterinsights_sitenote_category":0},"product_cat":[127,131,124,133],"product_tag":[],"yoast_head":"<!-- This site is optimized with the Yoast SEO plugin v19.4 - https:\/\/yoast.com\/wordpress\/plugins\/seo\/ -->\n<title>Bios Pets Biodegradable Urn &ndash; Urns Paradise<\/title>\n<meta name=\"robots\" content=\"index, follow, max-snippet:-1, max-image-preview:large, max-video-preview:-1\" \/>\n<link rel=\"canonical\" href=\"https:\/\/urnsparadise.com\/en\/product\/bios-pets-biodegradable-urn\/\" \/>\n<meta property=\"og:locale\" content=\"en_US\" \/>\n<meta property=\"og:type\" content=\"article\" \/>\n<meta property=\"og:title\" content=\"Bios Pets Biodegradable Urn &ndash; Urns Paradise\" \/>\n<meta property=\"og:description\" content=\"\u2705 Free delivery within 10 working days.  The first biodegradable urn designed to turn your faithful companion into a tree in the afterlife.  The urn is specially designed to accommodate the seed or shoot of your choice, and, thanks to its two independent capsules, allows a tree to grow as a memory of a person.\" \/>\n<meta property=\"og:url\" content=\"https:\/\/urnsparadise.com\/en\/product\/bios-pets-biodegradable-urn\/\" \/>\n<meta property=\"og:site_name\" content=\"Urns Paradise\" \/>\n<meta property=\"article:modified_time\" content=\"2021-03-07T16:26:03+00:00\" \/>\n<meta property=\"og:image\" content=\"https:\/\/urnsparadise.com\/wp-content\/uploads\/2018\/10\/biospets_packaging.png\" \/>\n\t<meta property=\"og:image:width\" content=\"600\" \/>\n\t<meta property=\"og:image:height\" content=\"482\" \/>\n\t<meta property=\"og:image:type\" content=\"image\/png\" \/>\n<meta name=\"twitter:card\" content=\"summary_large_image\" \/>\n<meta name=\"twitter:label1\" content=\"Est. reading time\" \/>\n\t<meta name=\"twitter:data1\" content=\"2 minutes\" \/>\n<script type=\"application\/ld+json\" class=\"yoast-schema-graph\">{\"@context\":\"https:\/\/schema.org\",\"@graph\":[{\"@type\":\"Organization\",\"@id\":\"https:\/\/urnsparadise.com\/#organization\",\"name\":\"Urns Paradise\",\"url\":\"https:\/\/urnsparadise.com\/\",\"sameAs\":[],\"logo\":{\"@type\":\"ImageObject\",\"inLanguage\":\"en-US\",\"@id\":\"https:\/\/urnsparadise.com\/#\/schema\/logo\/image\/\",\"url\":\"https:\/\/urnsparadise.com\/wp-content\/uploads\/2021\/03\/cropped-logo_final_urns_paradise_couleur_vertical.png\",\"contentUrl\":\"https:\/\/urnsparadise.com\/wp-content\/uploads\/2021\/03\/cropped-logo_final_urns_paradise_couleur_vertical.png\",\"width\":512,\"height\":512,\"caption\":\"Urns Paradise\"},\"image\":{\"@id\":\"https:\/\/urnsparadise.com\/#\/schema\/logo\/image\/\"}},{\"@type\":\"WebSite\",\"@id\":\"https:\/\/urnsparadise.com\/#website\",\"url\":\"https:\/\/urnsparadise.com\/\",\"name\":\"Urns Paradise\",\"description\":\"\",\"publisher\":{\"@id\":\"https:\/\/urnsparadise.com\/#organization\"},\"potentialAction\":[{\"@type\":\"SearchAction\",\"target\":{\"@type\":\"EntryPoint\",\"urlTemplate\":\"https:\/\/urnsparadise.com\/?s={search_term_string}\"},\"query-input\":\"required name=search_term_string\"}],\"inLanguage\":\"en-US\"},{\"@type\":\"WebPage\",\"@id\":\"https:\/\/urnsparadise.com\/en\/product\/bios-pets-biodegradable-urn\/\",\"url\":\"https:\/\/urnsparadise.com\/en\/product\/bios-pets-biodegradable-urn\/\",\"name\":\"Bios Pets Biodegradable Urn &ndash; Urns Paradise\",\"isPartOf\":{\"@id\":\"https:\/\/urnsparadise.com\/#website\"},\"datePublished\":\"2018-10-16T01:57:56+00:00\",\"dateModified\":\"2021-03-07T16:26:03+00:00\",\"breadcrumb\":{\"@id\":\"https:\/\/urnsparadise.com\/en\/product\/bios-pets-biodegradable-urn\/#breadcrumb\"},\"inLanguage\":\"en-US\",\"potentialAction\":[{\"@type\":\"ReadAction\",\"target\":[\"https:\/\/urnsparadise.com\/en\/product\/bios-pets-biodegradable-urn\/\"]}]},{\"@type\":\"BreadcrumbList\",\"@id\":\"https:\/\/urnsparadise.com\/en\/product\/bios-pets-biodegradable-urn\/#breadcrumb\",\"itemListElement\":[{\"@type\":\"ListItem\",\"position\":1,\"name\":\"Accueil\",\"item\":\"https:\/\/urnsparadise.com\/en\/\"},{\"@type\":\"ListItem\",\"position\":2,\"name\":\"Shop\",\"item\":\"https:\/\/urnsparadise.com\/en\/shop\/\"},{\"@type\":\"ListItem\",\"position\":3,\"name\":\"Bios Pets Biodegradable Urn\"}]}]}<\/script>\n<!-- \/ Yoast SEO plugin. -->","yoast_head_json":{"title":"Bios Pets Biodegradable Urn &ndash; Urns Paradise","robots":{"index":"index","follow":"follow","max-snippet":"max-snippet:-1","max-image-preview":"max-image-preview:large","max-video-preview":"max-video-preview:-1"},"canonical":"https:\/\/urnsparadise.com\/en\/product\/bios-pets-biodegradable-urn\/","og_locale":"en_US","og_type":"article","og_title":"Bios Pets Biodegradable Urn &ndash; Urns Paradise","og_description":"\u2705 Free delivery within 10 working days.  The first biodegradable urn designed to turn your faithful companion into a tree in the afterlife.  The urn is specially designed to accommodate the seed or shoot of your choice, and, thanks to its two independent capsules, allows a tree to grow as a memory of a person.","og_url":"https:\/\/urnsparadise.com\/en\/product\/bios-pets-biodegradable-urn\/","og_site_name":"Urns Paradise","article_modified_time":"2021-03-07T16:26:03+00:00","og_image":[{"width":600,"height":482,"url":"https:\/\/urnsparadise.com\/wp-content\/uploads\/2018\/10\/biospets_packaging.png","type":"image\/png"}],"twitter_card":"summary_large_image","twitter_misc":{"Est. reading time":"2 minutes"},"schema":{"@context":"https:\/\/schema.org","@graph":[{"@type":"Organization","@id":"https:\/\/urnsparadise.com\/#organization","name":"Urns Paradise","url":"https:\/\/urnsparadise.com\/","sameAs":[],"logo":{"@type":"ImageObject","inLanguage":"en-US","@id":"https:\/\/urnsparadise.com\/#\/schema\/logo\/image\/","url":"https:\/\/urnsparadise.com\/wp-content\/uploads\/2021\/03\/cropped-logo_final_urns_paradise_couleur_vertical.png","contentUrl":"https:\/\/urnsparadise.com\/wp-content\/uploads\/2021\/03\/cropped-logo_final_urns_paradise_couleur_vertical.png","width":512,"height":512,"caption":"Urns Paradise"},"image":{"@id":"https:\/\/urnsparadise.com\/#\/schema\/logo\/image\/"}},{"@type":"WebSite","@id":"https:\/\/urnsparadise.com\/#website","url":"https:\/\/urnsparadise.com\/","name":"Urns Paradise","description":"","publisher":{"@id":"https:\/\/urnsparadise.com\/#organization"},"potentialAction":[{"@type":"SearchAction","target":{"@type":"EntryPoint","urlTemplate":"https:\/\/urnsparadise.com\/?s={search_term_string}"},"query-input":"required name=search_term_string"}],"inLanguage":"en-US"},{"@type":"WebPage","@id":"https:\/\/urnsparadise.com\/en\/product\/bios-pets-biodegradable-urn\/","url":"https:\/\/urnsparadise.com\/en\/product\/bios-pets-biodegradable-urn\/","name":"Bios Pets Biodegradable Urn &ndash; Urns Paradise","isPartOf":{"@id":"https:\/\/urnsparadise.com\/#website"},"datePublished":"2018-10-16T01:57:56+00:00","dateModified":"2021-03-07T16:26:03+00:00","breadcrumb":{"@id":"https:\/\/urnsparadise.com\/en\/product\/bios-pets-biodegradable-urn\/#breadcrumb"},"inLanguage":"en-US","potentialAction":[{"@type":"ReadAction","target":["https:\/\/urnsparadise.com\/en\/product\/bios-pets-biodegradable-urn\/"]}]},{"@type":"BreadcrumbList","@id":"https:\/\/urnsparadise.com\/en\/product\/bios-pets-biodegradable-urn\/#breadcrumb","itemListElement":[{"@type":"ListItem","position":1,"name":"Accueil","item":"https:\/\/urnsparadise.com\/en\/"},{"@type":"ListItem","position":2,"name":"Shop","item":"https:\/\/urnsparadise.com\/en\/shop\/"},{"@type":"ListItem","position":3,"name":"Bios Pets Biodegradable Urn"}]}]}},"_links":{"self":[{"href":"https:\/\/urnsparadise.com\/en\/wp-json\/wp\/v2\/product\/5622"}],"collection":[{"href":"https:\/\/urnsparadise.com\/en\/wp-json\/wp\/v2\/product"}],"about":[{"href":"https:\/\/urnsparadise.com\/en\/wp-json\/wp\/v2\/types\/product"}],"replies":[{"embeddable":true,"href":"https:\/\/urnsparadise.com\/en\/wp-json\/wp\/v2\/comments?post=5622"}],"version-history":[{"count":4,"href":"https:\/\/urnsparadise.com\/en\/wp-json\/wp\/v2\/product\/5622\/revisions"}],"predecessor-version":[{"id":7912,"href":"https:\/\/urnsparadise.com\/en\/wp-json\/wp\/v2\/product\/5622\/revisions\/7912"}],"wp:featuredmedia":[{"embeddable":true,"href":"https:\/\/urnsparadise.com\/en\/wp-json\/wp\/v2\/media\/5486"}],"wp:attachment":[{"href":"https:\/\/urnsparadise.com\/en\/wp-json\/wp\/v2\/media?parent=5622"}],"wp:term":[{"taxonomy":"product_cat","embeddable":true,"href":"https:\/\/urnsparadise.com\/en\/wp-json\/wp\/v2\/product_cat?post=5622"},{"taxonomy":"product_tag","embeddable":true,"href":"https:\/\/urnsparadise.com\/en\/wp-json\/wp\/v2\/product_tag?post=5622"}],"curies":[{"name":"wp","href":"https:\/\/api.w.org\/{rel}","templated":true}]}}